{"id":7,"date":"2021-01-21T14:41:31","date_gmt":"2021-01-21T13:41:31","guid":{"rendered":"http:\/\/galaxy.agh.edu.pl\/~zmok\/?page_id=7"},"modified":"2025-03-26T09:53:22","modified_gmt":"2025-03-26T08:53:22","slug":"kontakt","status":"publish","type":"page","link":"https:\/\/galaxy.agh.edu.pl\/~zmok\/pl_pl\/strona-glowna\/kontakt\/","title":{"rendered":"Kontakt"},"content":{"rendered":"\n<div class=\"wp-block-columns is-layout-flex wp-container-core-columns-is-layout-9d6595d7 wp-block-columns-is-layout-flex\">\n<div class=\"wp-block-column is-layout-flow wp-block-column-is-layout-flow\">\n<h2 class=\"wp-block-heading\"><\/h2>\n\n\n\n<p>Akademia G\u00f3rniczo-Hutnicza im. Stanis\u0142awa Staszica w Krakowie<br>Wydzia\u0142 Energetyki i Paliw<br>Katedra Technologii Paliw<br>Zesp\u00f3\u0142 Modelowania i Optymalizacji Proces\u00f3w Technologicznych<br>budynek: B3, pok\u00f3j 305<br>al. Mickiewicza 30<br>30-059 KRAK\u00d3W<br>12 617 56 39<br>zmok(AT)agh.edu.pl<\/p>\n<\/div>\n\n\n\n<div class=\"wp-block-column is-layout-flow wp-block-column-is-layout-flow\">\n<h2 class=\"wp-block-heading\"><\/h2>\n\n\n<div class=\"wpforms-container wpforms-container-full wpforms-block wpforms-block-422497eb-bb60-4940-ab1a-1b8bd281427d\" id=\"wpforms-35\"><form id=\"wpforms-form-35\" class=\"wpforms-validate wpforms-form\" data-formid=\"35\" method=\"post\" enctype=\"multipart\/form-data\" action=\"\/~zmok\/pl_pl\/wp-json\/wp\/v2\/pages\/7\" data-token=\"e6a7bf68e8e681fc0c011fb0f47baa5c\" data-token-time=\"1778448654\"><noscript class=\"wpforms-error-noscript\">Aby wype\u0142ni\u0107 ten formularz, w\u0142\u0105cz obs\u0142ug\u0119 JavaScript w przegl\u0105darce.<\/noscript><div class=\"wpforms-field-container\"><div id=\"wpforms-35-field_0-container\" class=\"wpforms-field wpforms-field-name\" data-field-id=\"0\"><label class=\"wpforms-field-label\">Imi\u0119 \/ Name <span class=\"wpforms-required-label\">*<\/span><\/label><div class=\"wpforms-field-row wpforms-field-large\"><div class=\"wpforms-field-row-block wpforms-first wpforms-one-half\"><input type=\"text\" id=\"wpforms-35-field_0\" class=\"wpforms-field-name-first wpforms-field-required\" name=\"wpforms[fields][0][first]\" required><label for=\"wpforms-35-field_0\" class=\"wpforms-field-sublabel after\">Pierwszy<\/label><\/div><div class=\"wpforms-field-row-block wpforms-one-half\"><input type=\"text\" id=\"wpforms-35-field_0-last\" class=\"wpforms-field-name-last wpforms-field-required\" name=\"wpforms[fields][0][last]\" required><label for=\"wpforms-35-field_0-last\" class=\"wpforms-field-sublabel after\">Ostatni<\/label><\/div><\/div><\/div><div id=\"wpforms-35-field_1-container\" class=\"wpforms-field wpforms-field-email\" data-field-id=\"1\"><label class=\"wpforms-field-label\" for=\"wpforms-35-field_1\">Email <span class=\"wpforms-required-label\">*<\/span><\/label><input type=\"email\" id=\"wpforms-35-field_1\" class=\"wpforms-field-medium wpforms-field-required\" name=\"wpforms[fields][1]\" spellcheck=\"false\" required><\/div><div id=\"wpforms-35-field_2-container\" class=\"wpforms-field wpforms-field-textarea\" data-field-id=\"2\"><label class=\"wpforms-field-label\" for=\"wpforms-35-field_2\">Wiadomo\u015b\u0107 \/ Message <span class=\"wpforms-required-label\">*<\/span><\/label><textarea id=\"wpforms-35-field_2\" class=\"wpforms-field-large wpforms-field-required wpforms-limit-characters-enabled\" data-form-id=\"35\" data-field-id=\"2\" data-text-limit=\"1000\" name=\"wpforms[fields][2]\" maxlength=\"1000\" required><\/textarea><\/div><\/div><!-- .wpforms-field-container --><div class=\"wpforms-submit-container\" ><input type=\"hidden\" name=\"wpforms[id]\" value=\"35\"><input type=\"hidden\" name=\"page_title\" value=\"\"><input type=\"hidden\" name=\"page_url\" value=\"https:\/\/galaxy.agh.edu.pl\/~zmok\/pl_pl\/wp-json\/wp\/v2\/pages\/7\"><input type=\"hidden\" name=\"url_referer\" value=\"\"><button type=\"submit\" name=\"wpforms[submit]\" id=\"wpforms-submit-35\" class=\"wpforms-submit\" data-alt-text=\"Wysy\u0142anie...\" data-submit-text=\"Wy\u015blij\" aria-live=\"assertive\" value=\"wpforms-submit\">Wy\u015blij<\/button><\/div><\/form><\/div>  <!-- .wpforms-container --><\/div>\n<\/div>\n\n\n\n<p><\/p>\n","protected":false},"excerpt":{"rendered":"<p>Akademia G\u00f3rniczo-Hutnicza im. Stanis\u0142awa Staszica w KrakowieWydzia\u0142 Energetyki i PaliwKatedra Technologii PaliwZesp\u00f3\u0142 Modelowania i Optymalizacji Proces\u00f3w Technologicznychbudynek: B3, pok\u00f3j 305al.<\/p>\n","protected":false},"author":1,"featured_media":335,"parent":141,"menu_order":0,"comment_status":"closed","ping_status":"closed","template":"","meta":{"_uag_custom_page_level_css":"","footnotes":""},"class_list":["post-7","page","type-page","status-publish","has-post-thumbnail","hentry"],"uagb_featured_image_src":{"full":["https:\/\/galaxy.agh.edu.pl\/~zmok\/wp-content\/uploads\/2021\/03\/pl_kontakt724x76.png",724,76,false],"thumbnail":["https:\/\/galaxy.agh.edu.pl\/~zmok\/wp-content\/uploads\/2021\/03\/pl_kontakt724x76-150x76.png",150,76,true],"medium":["https:\/\/galaxy.agh.edu.pl\/~zmok\/wp-content\/uploads\/2021\/03\/pl_kontakt724x76-300x31.png",300,31,true],"medium_large":["https:\/\/galaxy.agh.edu.pl\/~zmok\/wp-content\/uploads\/2021\/03\/pl_kontakt724x76.png",724,76,false],"large":["https:\/\/galaxy.agh.edu.pl\/~zmok\/wp-content\/uploads\/2021\/03\/pl_kontakt724x76.png",724,76,false],"1536x1536":["https:\/\/galaxy.agh.edu.pl\/~zmok\/wp-content\/uploads\/2021\/03\/pl_kontakt724x76.png",724,76,false],"2048x2048":["https:\/\/galaxy.agh.edu.pl\/~zmok\/wp-content\/uploads\/2021\/03\/pl_kontakt724x76.png",724,76,false],"trp-custom-language-flag":["https:\/\/galaxy.agh.edu.pl\/~zmok\/wp-content\/uploads\/2021\/03\/pl_kontakt724x76-16x2.png",16,2,true],"colormag-highlighted-post":["https:\/\/galaxy.agh.edu.pl\/~zmok\/wp-content\/uploads\/2021\/03\/pl_kontakt724x76-392x76.png",392,76,true],"colormag-featured-post-medium":["https:\/\/galaxy.agh.edu.pl\/~zmok\/wp-content\/uploads\/2021\/03\/pl_kontakt724x76-390x76.png",390,76,true],"colormag-featured-post-small":["https:\/\/galaxy.agh.edu.pl\/~zmok\/wp-content\/uploads\/2021\/03\/pl_kontakt724x76-130x76.png",130,76,true],"colormag-featured-image":["https:\/\/galaxy.agh.edu.pl\/~zmok\/wp-content\/uploads\/2021\/03\/pl_kontakt724x76.png",724,76,false]},"uagb_author_info":{"display_name":"Mieszko Tokarski","author_link":"https:\/\/galaxy.agh.edu.pl\/~zmok\/pl_pl\/author\/mieszko-tokarski\/"},"uagb_comment_info":0,"uagb_excerpt":"Akademia G\u00f3rniczo-Hutnicza im. Stanis\u0142awa Staszica w KrakowieWydzia\u0142 Energetyki i PaliwKatedra Technologii PaliwZesp\u00f3\u0142 Modelowania i Optymalizacji Proces\u00f3w Technologicznychbudynek: B3, pok\u00f3j 305al.","_links":{"self":[{"href":"https:\/\/galaxy.agh.edu.pl\/~zmok\/pl_pl\/wp-json\/wp\/v2\/pages\/7","targetHints":{"allow":["GET"]}}],"collection":[{"href":"https:\/\/galaxy.agh.edu.pl\/~zmok\/pl_pl\/wp-json\/wp\/v2\/pages"}],"about":[{"href":"https:\/\/galaxy.agh.edu.pl\/~zmok\/pl_pl\/wp-json\/wp\/v2\/types\/page"}],"author":[{"embeddable":true,"href":"https:\/\/galaxy.agh.edu.pl\/~zmok\/pl_pl\/wp-json\/wp\/v2\/users\/1"}],"replies":[{"embeddable":true,"href":"https:\/\/galaxy.agh.edu.pl\/~zmok\/pl_pl\/wp-json\/wp\/v2\/comments?post=7"}],"version-history":[{"count":6,"href":"https:\/\/galaxy.agh.edu.pl\/~zmok\/pl_pl\/wp-json\/wp\/v2\/pages\/7\/revisions"}],"predecessor-version":[{"id":829,"href":"https:\/\/galaxy.agh.edu.pl\/~zmok\/pl_pl\/wp-json\/wp\/v2\/pages\/7\/revisions\/829"}],"up":[{"embeddable":true,"href":"https:\/\/galaxy.agh.edu.pl\/~zmok\/pl_pl\/wp-json\/wp\/v2\/pages\/141"}],"wp:featuredmedia":[{"embeddable":true,"href":"https:\/\/galaxy.agh.edu.pl\/~zmok\/pl_pl\/wp-json\/wp\/v2\/media\/335"}],"wp:attachment":[{"href":"https:\/\/galaxy.agh.edu.pl\/~zmok\/pl_pl\/wp-json\/wp\/v2\/media?parent=7"}],"curies":[{"name":"wp","href":"https:\/\/api.w.org\/{rel}","templated":true}]}}