{"id":6,"date":"2021-01-21T14:41:30","date_gmt":"2021-01-21T13:41:30","guid":{"rendered":"http:\/\/galaxy.agh.edu.pl\/~zmok\/?page_id=6"},"modified":"2026-02-25T11:07:09","modified_gmt":"2026-02-25T10:07:09","slug":"zespol","status":"publish","type":"page","link":"https:\/\/galaxy.agh.edu.pl\/~zmok\/pl_pl\/strona-glowna\/zespol\/","title":{"rendered":"Zesp\u00f3\u0142"},"content":{"rendered":"\n<div class=\"wp-block-columns is-layout-flex wp-container-core-columns-is-layout-9d6595d7 wp-block-columns-is-layout-flex\">\n<div class=\"wp-block-column is-layout-flow wp-block-column-is-layout-flow\" style=\"flex-basis:25%\">\n<div class=\"wp-block-uagb-image alignleft uagb-block-d6f9e02b wp-block-uagb-image--layout-default wp-block-uagb-image--effect-zoomin wp-block-uagb-image--align-left\"><figure class=\"wp-block-uagb-image__figure\"><img decoding=\"async\"  sizes=\"auto, (max-width: 480px) 150px\" src=\"http:\/\/galaxy.agh.edu.pl\/~zmok\/wp-content\/uploads\/2021\/01\/r.buczynski.png\" alt=\"\" width=\"170\" height=\"240\" title=\"\" loading=\"lazy\" role=\"img\"\/><\/figure><\/div>\n<\/div>\n\n\n\n<div class=\"wp-block-column is-layout-flow wp-block-column-is-layout-flow\" style=\"flex-basis:50%\">\n<h6 class=\"wp-block-heading\">Kierownik<\/h6>\n\n\n\n<h6 class=\"wp-block-heading\">dr hab. in\u017c., prof. AGH <\/h6>\n\n\n\n<h5 class=\"wp-block-heading\">Rafa\u0142 Buczy\u0144ski<\/h5>\n\n\n\n<p>rabuczynski(a)agh.edu.pl<br>budynek B3, pok\u00f3j 305<br>tel.: +48 12 617 56 39<\/p>\n<\/div>\n\n\n\n<div class=\"wp-block-column is-vertically-aligned-bottom is-layout-flow wp-block-column-is-layout-flow\" style=\"flex-basis:25%\">\n<div class=\"wp-block-buttons is-content-justification-right is-layout-flex wp-container-core-buttons-is-layout-765c4724 wp-block-buttons-is-layout-flex\">\n<div class=\"wp-block-button\"><a class=\"wp-block-button__link wp-element-button\" href=\"http:\/\/galaxy.agh.edu.pl\/~zmok\/strona-glowna\/o-nas\/rafal-buczynski\/\">Przejd\u017a do profilu<\/a><\/div>\n<\/div>\n<\/div>\n<\/div>\n\n\n\n<div class=\"wp-block-columns is-layout-flex wp-container-core-columns-is-layout-9d6595d7 wp-block-columns-is-layout-flex\">\n<div class=\"wp-block-column is-layout-flow wp-block-column-is-layout-flow\" style=\"flex-basis:25%\">\n<div class=\"wp-block-uagb-image alignleft uagb-block-c1d57f3a wp-block-uagb-image--layout-default wp-block-uagb-image--effect-zoomin wp-block-uagb-image--align-left\"><figure class=\"wp-block-uagb-image__figure\"><img decoding=\"async\"  sizes=\"auto, (max-width: 480px) 150px\" src=\"http:\/\/galaxy.agh.edu.pl\/~zmok\/wp-content\/uploads\/2021\/02\/IMG_7978a-683x1024.jpg\" alt=\"\" width=\"170\" height=\"240\" title=\"\" loading=\"lazy\" role=\"img\"\/><\/figure><\/div>\n<\/div>\n\n\n\n<div class=\"wp-block-column is-layout-flow wp-block-column-is-layout-flow\" style=\"flex-basis:50%\">\n<h6 class=\"wp-block-heading\">Adiunkt badawczy<\/h6>\n\n\n\n<h6 class=\"wp-block-heading\">dr in\u017c.<\/h6>\n\n\n\n<h5 class=\"wp-block-heading\">Ilona Uryga-Bugajska<\/h5>\n\n\n\n<p>urygabugajska(a)agh.edu.pl<br>budynek B3, pok\u00f3j 305<br>tel.: +48 12 617 56 39<\/p>\n<\/div>\n\n\n\n<div class=\"wp-block-column is-vertically-aligned-bottom is-layout-flow wp-block-column-is-layout-flow\" style=\"flex-basis:25%\">\n<div class=\"wp-block-buttons is-content-justification-right is-layout-flex wp-container-core-buttons-is-layout-765c4724 wp-block-buttons-is-layout-flex\">\n<div class=\"wp-block-button\"><a class=\"wp-block-button__link wp-element-button\" href=\"http:\/\/galaxy.agh.edu.pl\/~zmok\/o-nas\/ilona-uryga-bugajska\/\">Przejd\u017a do profilu<\/a><\/div>\n<\/div>\n<\/div>\n<\/div>\n\n\n\n<div class=\"wp-block-columns is-layout-flex wp-container-core-columns-is-layout-9d6595d7 wp-block-columns-is-layout-flex\">\n<div class=\"wp-block-column is-layout-flow wp-block-column-is-layout-flow\" style=\"flex-basis:25%\">\n<div class=\"wp-block-uagb-image alignleft uagb-block-34fa0f0c wp-block-uagb-image--layout-default wp-block-uagb-image--effect-zoomin wp-block-uagb-image--align-left\"><figure class=\"wp-block-uagb-image__figure\"><img decoding=\"async\"  sizes=\"auto, (max-width: 480px) 150px\" src=\"http:\/\/galaxy.agh.edu.pl\/~zmok\/wp-content\/uploads\/2021\/01\/tokarski-scaled-e1612521626932-681x1024.jpg\" alt=\"\" width=\"170\" height=\"240\" title=\"\" loading=\"lazy\" role=\"img\"\/><\/figure><\/div>\n<\/div>\n\n\n\n<div class=\"wp-block-column is-layout-flow wp-block-column-is-layout-flow\" style=\"flex-basis:50%\">\n<h6 class=\"wp-block-heading\">Adiunkt naukowo-dydaktyczny<\/h6>\n\n\n\n<h6 class=\"wp-block-heading\">dr in\u017c.<\/h6>\n\n\n\n<h5 class=\"wp-block-heading\">Mieszko Tokarski<\/h5>\n\n\n\n<p>mtokarski(a)agh.edu.pl<br>budynek B3, pok\u00f3j 305<br>tel.: +48 12 617 56 39<\/p>\n<\/div>\n\n\n\n<div class=\"wp-block-column is-vertically-aligned-bottom is-layout-flow wp-block-column-is-layout-flow\" style=\"flex-basis:25%\">\n<div class=\"wp-block-buttons is-content-justification-right is-layout-flex wp-container-core-buttons-is-layout-765c4724 wp-block-buttons-is-layout-flex\">\n<div class=\"wp-block-button\"><a class=\"wp-block-button__link wp-element-button\" href=\"http:\/\/galaxy.agh.edu.pl\/~zmok\/o-nas\/mieszko-tokarski\/\">Przejd\u017a do profilu<\/a><\/div>\n<\/div>\n<\/div>\n<\/div>\n\n\n\n<div class=\"wp-block-columns is-layout-flex wp-container-core-columns-is-layout-9d6595d7 wp-block-columns-is-layout-flex\">\n<div class=\"wp-block-column is-layout-flow wp-block-column-is-layout-flow\" style=\"flex-basis:25%\">\n<div class=\"wp-block-uagb-image alignleft uagb-block-0bc07ca2 wp-block-uagb-image--layout-default wp-block-uagb-image--effect-zoomin wp-block-uagb-image--align-left\"><figure class=\"wp-block-uagb-image__figure\"><img decoding=\"async\" srcset=\"https:\/\/galaxy.agh.edu.pl\/~zmok\/wp-content\/uploads\/2024\/02\/zdjecie-RB2-697x1024.jpg ,https:\/\/galaxy.agh.edu.pl\/~zmok\/wp-content\/uploads\/2024\/02\/zdjecie-RB2.jpg 780w, https:\/\/galaxy.agh.edu.pl\/~zmok\/wp-content\/uploads\/2024\/02\/zdjecie-RB2.jpg 360w\" sizes=\"auto, (max-width: 480px) 150px\" src=\"https:\/\/galaxy.agh.edu.pl\/~zmok\/wp-content\/uploads\/2024\/02\/zdjecie-RB2-697x1024.jpg\" alt=\"\" class=\"uag-image-792\" width=\"170\" height=\"240\" title=\"\" loading=\"lazy\" role=\"img\"\/><\/figure><\/div>\n<\/div>\n\n\n\n<div class=\"wp-block-column is-layout-flow wp-block-column-is-layout-flow\" style=\"flex-basis:50%\">\n<h6 class=\"wp-block-heading\">Adiunkt<\/h6>\n\n\n\n<h6 class=\"wp-block-heading\">dr<\/h6>\n\n\n\n<h5 class=\"wp-block-heading\">Mieczys\u0142aw Ba\u0142ys<\/h5>\n\n\n\n<p>balys(a)agh.edu.pl<br>budynek B4, pok\u00f3j 430<br>tel.: +48 12 617 21 43<\/p>\n<\/div>\n\n\n\n<div class=\"wp-block-column is-vertically-aligned-bottom is-layout-flow wp-block-column-is-layout-flow\" style=\"flex-basis:25%\">\n<div class=\"wp-block-buttons is-content-justification-right is-layout-flex wp-container-core-buttons-is-layout-765c4724 wp-block-buttons-is-layout-flex\">\n<div class=\"wp-block-button\"><a class=\"wp-block-button__link wp-element-button\" href=\"http:\/\/galaxy.agh.edu.pl\/~zmok\/strona-glowna\/zespol\/mieczyslaw-balys\/\">Przejd\u017a do profilu<\/a><\/div>\n<\/div>\n<\/div>\n<\/div>\n\n\n\n<div class=\"wp-block-columns is-layout-flex wp-container-core-columns-is-layout-9d6595d7 wp-block-columns-is-layout-flex\">\n<div class=\"wp-block-column is-layout-flow wp-block-column-is-layout-flow\" style=\"flex-basis:25%\">\n<div class=\"wp-block-uagb-image alignleft uagb-block-d028384b wp-block-uagb-image--layout-default wp-block-uagb-image--effect-zoomin wp-block-uagb-image--align-left\"><figure class=\"wp-block-uagb-image__figure\"><img decoding=\"async\"  sizes=\"auto, (max-width: 480px) 150px\" src=\"http:\/\/galaxy.agh.edu.pl\/~zmok\/wp-content\/uploads\/2024\/02\/zdjecie-EB.jpg\" alt=\"\" width=\"170\" height=\"232\" title=\"\" loading=\"lazy\" role=\"img\"\/><\/figure><\/div>\n<\/div>\n\n\n\n<div class=\"wp-block-column is-layout-flow wp-block-column-is-layout-flow\" style=\"flex-basis:50%\">\n<h6 class=\"wp-block-heading\">Adiunkt naukowo-dydaktyczny<\/h6>\n\n\n\n<h6 class=\"wp-block-heading\">dr in\u017c.<\/h6>\n\n\n\n<h5 class=\"wp-block-heading\">Ewelina Brodawka-R\u00f3\u017cd\u017cy\u0144ska<\/h5>\n\n\n\n<p>brodawka(a)agh.edu.pl<br>budynek A4, pok\u00f3j 424<br>tel.: +48 12 617 46 36<\/p>\n<\/div>\n\n\n\n<div class=\"wp-block-column is-vertically-aligned-bottom is-layout-flow wp-block-column-is-layout-flow\" style=\"flex-basis:25%\">\n<div class=\"wp-block-buttons is-content-justification-right is-layout-flex wp-container-core-buttons-is-layout-765c4724 wp-block-buttons-is-layout-flex\">\n<div class=\"wp-block-button\"><a class=\"wp-block-button__link wp-element-button\" href=\"http:\/\/galaxy.agh.edu.pl\/~zmok\/strona-glowna\/zespol\/ewelina-brodawka\/\">Przejd\u017a do profilu<\/a><\/div>\n<\/div>\n<\/div>\n<\/div>\n\n\n\n<div class=\"wp-block-columns is-layout-flex wp-container-core-columns-is-layout-9d6595d7 wp-block-columns-is-layout-flex\">\n<div class=\"wp-block-column is-layout-flow wp-block-column-is-layout-flow\" style=\"flex-basis:25%\">\n<div class=\"wp-block-uagb-image alignleft uagb-block-dbc04cfa wp-block-uagb-image--layout-default wp-block-uagb-image--effect-zoomin wp-block-uagb-image--align-left\"><figure class=\"wp-block-uagb-image__figure\"><a class=\"\" href=\"http:\/\/galaxy.agh.edu.pl\/~zmok\/przemyslaw-draga\/\" target=\"\" rel=\"noopener\"><img decoding=\"async\" srcset=\"https:\/\/galaxy.agh.edu.pl\/~zmok\/wp-content\/uploads\/2024\/06\/dragap-edited-225x300.png ,https:\/\/galaxy.agh.edu.pl\/~zmok\/wp-content\/uploads\/2024\/06\/dragap.png 780w, https:\/\/galaxy.agh.edu.pl\/~zmok\/wp-content\/uploads\/2024\/06\/dragap.png 360w\" sizes=\"auto, (max-width: 480px) 150px\" src=\"https:\/\/galaxy.agh.edu.pl\/~zmok\/wp-content\/uploads\/2024\/06\/dragap-edited-225x300.png\" alt=\"\" class=\"uag-image-806\" width=\"170\" height=\"240\" title=\"dragap\" loading=\"lazy\" role=\"img\"\/><\/a><\/figure><\/div>\n<\/div>\n\n\n\n<div class=\"wp-block-column is-layout-flow wp-block-column-is-layout-flow\" style=\"flex-basis:50%\">\n<h6 class=\"wp-block-heading\">Asystent badawczy<\/h6>\n\n\n\n<h6 class=\"wp-block-heading\">mgr in\u017c.<\/h6>\n\n\n\n<h5 class=\"wp-block-heading\">Przemys\u0142aw Draga<\/h5>\n\n\n\n<p>draga(a)agh.edu.pl<br>budynek B3, pok\u00f3j 308<br>tel.: +48 12 617 26 01<\/p>\n<\/div>\n\n\n\n<div class=\"wp-block-column is-vertically-aligned-bottom is-layout-flow wp-block-column-is-layout-flow\" style=\"flex-basis:25%\">\n<div class=\"wp-block-buttons is-content-justification-right is-layout-flex wp-container-core-buttons-is-layout-765c4724 wp-block-buttons-is-layout-flex\">\n<div class=\"wp-block-button\"><a class=\"wp-block-button__link wp-element-button\" href=\"http:\/\/galaxy.agh.edu.pl\/~zmok\/przemyslaw-draga\/\">Przejd\u017a do profilu<\/a><\/div>\n<\/div>\n<\/div>\n<\/div>\n","protected":false},"excerpt":{"rendered":"<p>Kierownik dr hab. in\u017c., prof. AGH Rafa\u0142 Buczy\u0144ski rabuczynski(a)agh.edu.plbudynek B3, pok\u00f3j 305tel.: +48 12 617 56 39 Adiunkt badawczy dr<\/p>\n","protected":false},"author":1,"featured_media":330,"parent":141,"menu_order":0,"comment_status":"closed","ping_status":"closed","template":"","meta":{"_uag_custom_page_level_css":"","footnotes":""},"class_list":["post-6","page","type-page","status-publish","has-post-thumbnail","hentry"],"uagb_featured_image_src":{"full":["https:\/\/galaxy.agh.edu.pl\/~zmok\/wp-content\/uploads\/2021\/03\/pl_zespol724x76.png",724,76,false],"thumbnail":["https:\/\/galaxy.agh.edu.pl\/~zmok\/wp-content\/uploads\/2021\/03\/pl_zespol724x76-150x76.png",150,76,true],"medium":["https:\/\/galaxy.agh.edu.pl\/~zmok\/wp-content\/uploads\/2021\/03\/pl_zespol724x76-300x31.png",300,31,true],"medium_large":["https:\/\/galaxy.agh.edu.pl\/~zmok\/wp-content\/uploads\/2021\/03\/pl_zespol724x76.png",724,76,false],"large":["https:\/\/galaxy.agh.edu.pl\/~zmok\/wp-content\/uploads\/2021\/03\/pl_zespol724x76.png",724,76,false],"1536x1536":["https:\/\/galaxy.agh.edu.pl\/~zmok\/wp-content\/uploads\/2021\/03\/pl_zespol724x76.png",724,76,false],"2048x2048":["https:\/\/galaxy.agh.edu.pl\/~zmok\/wp-content\/uploads\/2021\/03\/pl_zespol724x76.png",724,76,false],"trp-custom-language-flag":["https:\/\/galaxy.agh.edu.pl\/~zmok\/wp-content\/uploads\/2021\/03\/pl_zespol724x76-16x2.png",16,2,true],"colormag-highlighted-post":["https:\/\/galaxy.agh.edu.pl\/~zmok\/wp-content\/uploads\/2021\/03\/pl_zespol724x76-392x76.png",392,76,true],"colormag-featured-post-medium":["https:\/\/galaxy.agh.edu.pl\/~zmok\/wp-content\/uploads\/2021\/03\/pl_zespol724x76-390x76.png",390,76,true],"colormag-featured-post-small":["https:\/\/galaxy.agh.edu.pl\/~zmok\/wp-content\/uploads\/2021\/03\/pl_zespol724x76-130x76.png",130,76,true],"colormag-featured-image":["https:\/\/galaxy.agh.edu.pl\/~zmok\/wp-content\/uploads\/2021\/03\/pl_zespol724x76.png",724,76,false]},"uagb_author_info":{"display_name":"Mieszko Tokarski","author_link":"https:\/\/galaxy.agh.edu.pl\/~zmok\/pl_pl\/author\/mieszko-tokarski\/"},"uagb_comment_info":0,"uagb_excerpt":"Kierownik dr hab. in\u017c., prof. AGH Rafa\u0142 Buczy\u0144ski rabuczynski(a)agh.edu.plbudynek B3, pok\u00f3j 305tel.: +48 12 617 56 39 Adiunkt badawczy dr","_links":{"self":[{"href":"https:\/\/galaxy.agh.edu.pl\/~zmok\/pl_pl\/wp-json\/wp\/v2\/pages\/6","targetHints":{"allow":["GET"]}}],"collection":[{"href":"https:\/\/galaxy.agh.edu.pl\/~zmok\/pl_pl\/wp-json\/wp\/v2\/pages"}],"about":[{"href":"https:\/\/galaxy.agh.edu.pl\/~zmok\/pl_pl\/wp-json\/wp\/v2\/types\/page"}],"author":[{"embeddable":true,"href":"https:\/\/galaxy.agh.edu.pl\/~zmok\/pl_pl\/wp-json\/wp\/v2\/users\/1"}],"replies":[{"embeddable":true,"href":"https:\/\/galaxy.agh.edu.pl\/~zmok\/pl_pl\/wp-json\/wp\/v2\/comments?post=6"}],"version-history":[{"count":39,"href":"https:\/\/galaxy.agh.edu.pl\/~zmok\/pl_pl\/wp-json\/wp\/v2\/pages\/6\/revisions"}],"predecessor-version":[{"id":849,"href":"https:\/\/galaxy.agh.edu.pl\/~zmok\/pl_pl\/wp-json\/wp\/v2\/pages\/6\/revisions\/849"}],"up":[{"embeddable":true,"href":"https:\/\/galaxy.agh.edu.pl\/~zmok\/pl_pl\/wp-json\/wp\/v2\/pages\/141"}],"wp:featuredmedia":[{"embeddable":true,"href":"https:\/\/galaxy.agh.edu.pl\/~zmok\/pl_pl\/wp-json\/wp\/v2\/media\/330"}],"wp:attachment":[{"href":"https:\/\/galaxy.agh.edu.pl\/~zmok\/pl_pl\/wp-json\/wp\/v2\/media?parent=6"}],"curies":[{"name":"wp","href":"https:\/\/api.w.org\/{rel}","templated":true}]}}