{"id":458,"date":"2021-03-19T11:48:54","date_gmt":"2021-03-19T10:48:54","guid":{"rendered":"http:\/\/galaxy.agh.edu.pl\/~zmok\/?page_id=458"},"modified":"2021-10-20T11:26:33","modified_gmt":"2021-10-20T09:26:33","slug":"dydaktyka","status":"publish","type":"page","link":"https:\/\/galaxy.agh.edu.pl\/~zmok\/pl_pl\/strona-glowna\/dydaktyka\/","title":{"rendered":"Dydaktyka"},"content":{"rendered":"\n<figure class=\"wp-block-table is-style-stripes\"><table><thead><tr><th>Proponowany lub prowadzony przedmiot:<\/th><\/tr><\/thead><tbody><tr><td>Modelowanie CFD Przep\u0142yw\u00f3w Reaktywnych<\/td><\/tr><tr><td>Podstawy modelowania numerycznego (w j\u0119zyku Python)<\/td><\/tr><tr><td>Zastosowanie j\u0119zyka Python w nauce i in\u017cynierii<\/td><\/tr><tr><td>Podstawy j\u0119zyka Python<\/td><\/tr><tr><td>PRZEP\u0141YW CIEP\u0141A II (promieniowanie cieplne)<\/td><\/tr><tr><td><a href=\"http:\/\/galaxy.agh.edu.pl\/~zmok\/modelowanie-procesow-fizykochemicznych-w-technologiach-paliwowych-czesc-i-numeryczna-mechanika-plynow\/\" data-type=\"page\" data-id=\"473\">Modelowanie proces\u00f3w fizykochemicznych w technologiach paliwowych. Cz\u0119\u015b\u0107 I: Numeryczna Mechanika P\u0142yn\u00f3w<\/a><\/td><\/tr><tr><td>Modelowanie proces\u00f3w wymiany ciep\u0142a, masy i p\u0119du<\/td><\/tr><tr><td>Matlab + podstawy programowania<\/td><\/tr><tr><td>Wst\u0119p do metod numerycznych<\/td><\/tr><tr><td>Wst\u0119p do modelowania CFD proces\u00f3w konwersji paliw<\/td><\/tr><tr><td><a href=\"http:\/\/galaxy.agh.edu.pl\/~zmok\/strona-glowna\/dydaktyka\/cad-computer-aided-design\/\" data-type=\"page\" data-id=\"648\">CAD Computer-Aided Design<\/a><\/td><\/tr><\/tbody><\/table><\/figure>\n\n\n\n<figure class=\"wp-block-table is-style-stripes\"><table><thead><tr><th>Lp.<\/th><th>Proponowany temat pracy in\u017cynierskiej:<\/th><th>Opis pracy:<\/th><\/tr><\/thead><tbody><tr><td>1.<\/td><td>Por\u00f3wnanie i ocena r\u00f3\u017cnych metod interpolacji bilinearnej.<\/td><td>Praca obejmuje napisanie kilku algorytm\u00f3w do interpolacji bilinearnej w \u015brodowisku MATLAB, por\u00f3wnanie ich oraz ocena otrzymanych wynik\u00f3w na podstawie rzeczywistych danych.<\/td><\/tr><tr><td>2.<\/td><td>Przygotowanie, usprawnienie oraz weryfikacja danego algorytmu optymalizacyjnego na wybranych funkcjach testowych.<\/td><td>Praca polega na w\u0142asnor\u0119cznym napisaniu  algorytmu optymalizacyjnego w \u015brodowisku MATLAB oraz na usprawnieniu i zwalidowaniu go na kilku wybranych funkcjach testowych.<\/td><\/tr><\/tbody><\/table><\/figure>\n\n\n\n<figure class=\"wp-block-table is-style-stripes\"><table><thead><tr><th>Lp.<\/th><th>Proponowany temat pracy magisterskiej:<\/th><th>Opis pracy:<\/th><\/tr><\/thead><tbody><tr><td>1.<\/td><td>Modelowanie nisko-gradientowego spalania (Ansys Fluent)<\/td><td>Praca zwi\u0105zana jest z modelowaniem CFD procesu spalania w warunkach bezp\u0142omieniowych. Obliczenia b\u0119d\u0105 wykonywane za pomoc\u0105 komercyjnego pakietu Fluent. Celem pracy jest badanie warunk\u00f3w tego typu spalania.<\/td><\/tr><tr><td>2.<\/td><td>Badanie wp\u0142ywu recyrkulacji spalin na emisj\u0119 szkodliwych substancji podczas spalania gazu koksowniczego (Ansys Fluent, Python, Cantera)<\/td><td>Praca zwi\u0105zana jest z modelowaniem procesu recyrkulacji spalin podczas spalania gazu koksowniczego. Obliczenia b\u0119d\u0105 wykonywane za pomoc\u0105 komercyjnego pakietu Fluent. Celem pracy jest badanie wp\u0142ywu recyrkulacji na emisj\u0119 szkodliwych substancji<\/td><\/tr><tr><td>3.<\/td><td>Jednowymiarowy uproszczony model spalania cz\u0105stki paliwa sta\u0142ego (w Pythonie)<\/td><td>Praca zwi\u0105zana jest z modelowaniem procesu spalania cz\u0105stki paliwa sta\u0142ego. Obliczenia b\u0119d\u0105 wykonywane za pomoc\u0105 j\u0119zyka Python, Fipy i Cantera. Celem pracy jest stworzenie szybkiego i prostego algorytmu do badania kinetyki spalania paliw sta\u0142ych<\/td><\/tr><tr><td>4.<\/td><td>Analiza numeryczna CFD wp\u0142ywu wsp\u00f3lczynnika jednorodno\u015bci przep\u0142ywu na efektywno\u015b\u0107 pracy systemu oczyszczania spalin (Ansys Fluent, Simcenter Star CCM+)<\/td><td>Praca zwi\u0105zana z analiz\u0105 numeryczn\u0105 CFD wp\u0142ywu wsp\u00f3\u0142czynnika jednorodno\u015bci na efektywno\u015b\u0107 pracy systemu oczyszczania spalin. Obliczenia b\u0119d\u0105 obejmowa\u0142y opracowanie modelu CFD oraz optymalizacj\u0119 geometrii w celu usprawnienia pracy systemu. Praca mo\u017ce by\u0107 pisana w j\u0119zyku polskim lub angielskim.<\/td><\/tr><tr><td>5.<\/td><td> Analiza numeryczna CFD i optymalizacja spadku ci\u015bnienia na przyk\u0142adzie wybranego systemu (Ansys Fluent, Simcenter Star CCM+)<\/td><td>Praca obejmuje opracowanie modelu CFD oraz przeliczenie spadku ci\u015bnienia dla wybranego systemu. Dodatkowym aspektem b\u0119dzie optymalizacja systemu w celu usprawnienia jego pracy. Praca mo\u017ce by\u0107 pisana w j\u0119zyku polskim lub angielskim. <\/td><\/tr><\/tbody><\/table><\/figure>\n\n\n\n<figure class=\"wp-block-table is-style-stripes\"><table><thead><tr><th>Lp.<\/th><th>Proponowane pozosta\u0142e tematy prac:<\/th><\/tr><\/thead><tbody><tr><td>1.<\/td><td>Jednowymiarowy model spalania cz\u0105stki&nbsp;paliwa sta\u0142ego&nbsp;(w&nbsp;Pythonie)&nbsp;<\/td><\/tr><tr><td>2.<\/td><td>Dwuwymiarowy&nbsp;model spalania cz\u0105stki paliwa sta\u0142ego (w&nbsp;Ansys&nbsp;Fluent,&nbsp;Python)&nbsp;<\/td><\/tr><tr><td>3.<\/td><td>Tr\u00f3jwymiarowy model spalania cz\u0105stki paliwa sta\u0142ego&nbsp;(w&nbsp;Ansys&nbsp;Fluent,&nbsp;Python)&nbsp;<\/td><\/tr><tr><td>4.<\/td><td>Model spalania&nbsp;paliwa sta\u0142ego w z\u0142o\u017cu&nbsp;(w&nbsp;Pythonie&nbsp;i&nbsp;Ansys&nbsp;Fluent)&nbsp;<\/td><\/tr><tr><td>5.<\/td><td>Szybki model pracy&nbsp;koksowniczych&nbsp;kana\u0142\u00f3w grzewczych&nbsp;(w&nbsp;Pythonie&nbsp;i&nbsp;&nbsp;Ansys&nbsp;Fluent)&nbsp;<\/td><\/tr><tr><td>6.<\/td><td>Szybki model&nbsp;pracy koksowniczego systemu grzewczego&nbsp;(w&nbsp;Pythonie\/Matlab)&nbsp;<\/td><\/tr><tr><td>7.<\/td><td>Modelowanie nisko-gradientowego spalania wodoru&nbsp;(Ansys&nbsp;Fluent)&nbsp;<\/td><\/tr><tr><td>8.<\/td><td>Modelowanie nisko-gradientowego spalania&nbsp;(Ansys&nbsp;Fluent)&nbsp;<\/td><\/tr><tr><td>9.<\/td><td>Model procesowy dwuproduktowego pieca koksowniczego&nbsp;(Python\/Matlab)&nbsp;<\/td><\/tr><tr><td>10.<\/td><td>Wykorzystanie&nbsp;pakietu&nbsp;Cantera&nbsp;do badania procesu spalania gazu koksowniczego&nbsp;&nbsp;<\/td><\/tr><tr><td>11.<\/td><td>Badanie wp\u0142ywu recyrkulacji spalin na emisj\u0119 szkodliwych substancji&nbsp;podczas spalania&nbsp;gazu koksowniczego (Ansys&nbsp;Fluent,&nbsp;Python,&nbsp;Cantera)&nbsp;<\/td><\/tr><tr><td>12.<\/td><td>(Projekt)&nbsp;Model nagrzewania si\u0119 wsadu w\u0119glowego za pomoc\u0105 metody obj\u0119to\u015bci sko\u0144czonych (Python\/Matlab)&nbsp;<\/td><\/tr><tr><td>13.<\/td><td>&nbsp;Model&nbsp;opisuj\u0105cy nagrzewanie si\u0119 \u015bcian&nbsp;i dachu&nbsp;koksowni&nbsp;(Fluent,&nbsp;Python\/Matlab)&nbsp;&nbsp;&nbsp;<\/td><\/tr><tr><td>14.<\/td><td>Analiza CFD po\u017caru i rozprzestrzeniania si\u0119 dymu w wybranym obiekcie (NIST FDS-Smokeview)<\/td><\/tr><tr><td>15.<\/td><td>Symulacje numeryczne wp\u0142ywu modelu turbulencji na parametry i charakterystyk\u0119 przep\u0142ywu w wybranym systemie (Ansys Fluent, Simcenter Star CCM+)<\/td><\/tr><tr><td>16.<\/td><td>Analiza numeryczna spalania paliwa w reaktorze (Ansys Fluent\/Chemkin)<\/td><\/tr><\/tbody><\/table><\/figure>\n","protected":false},"excerpt":{"rendered":"<p>Proponowany lub prowadzony przedmiot: Modelowanie CFD Przep\u0142yw\u00f3w Reaktywnych Podstawy modelowania numerycznego (w j\u0119zyku Python) Zastosowanie j\u0119zyka Python w nauce i<\/p>\n","protected":false},"author":1,"featured_media":472,"parent":141,"menu_order":0,"comment_status":"closed","ping_status":"closed","template":"","meta":{"_uag_custom_page_level_css":"","footnotes":""},"class_list":["post-458","page","type-page","status-publish","has-post-thumbnail","hentry"],"uagb_featured_image_src":{"full":["https:\/\/galaxy.agh.edu.pl\/~zmok\/wp-content\/uploads\/2021\/04\/pl_dydaktyka724x76.png",723,76,false],"thumbnail":["https:\/\/galaxy.agh.edu.pl\/~zmok\/wp-content\/uploads\/2021\/04\/pl_dydaktyka724x76-150x76.png",150,76,true],"medium":["https:\/\/galaxy.agh.edu.pl\/~zmok\/wp-content\/uploads\/2021\/04\/pl_dydaktyka724x76-300x32.png",300,32,true],"medium_large":["https:\/\/galaxy.agh.edu.pl\/~zmok\/wp-content\/uploads\/2021\/04\/pl_dydaktyka724x76.png",723,76,false],"large":["https:\/\/galaxy.agh.edu.pl\/~zmok\/wp-content\/uploads\/2021\/04\/pl_dydaktyka724x76.png",723,76,false],"1536x1536":["https:\/\/galaxy.agh.edu.pl\/~zmok\/wp-content\/uploads\/2021\/04\/pl_dydaktyka724x76.png",723,76,false],"2048x2048":["https:\/\/galaxy.agh.edu.pl\/~zmok\/wp-content\/uploads\/2021\/04\/pl_dydaktyka724x76.png",723,76,false],"trp-custom-language-flag":["https:\/\/galaxy.agh.edu.pl\/~zmok\/wp-content\/uploads\/2021\/04\/pl_dydaktyka724x76-16x2.png",16,2,true],"colormag-highlighted-post":["https:\/\/galaxy.agh.edu.pl\/~zmok\/wp-content\/uploads\/2021\/04\/pl_dydaktyka724x76-392x76.png",392,76,true],"colormag-featured-post-medium":["https:\/\/galaxy.agh.edu.pl\/~zmok\/wp-content\/uploads\/2021\/04\/pl_dydaktyka724x76-390x76.png",390,76,true],"colormag-featured-post-small":["https:\/\/galaxy.agh.edu.pl\/~zmok\/wp-content\/uploads\/2021\/04\/pl_dydaktyka724x76-130x76.png",130,76,true],"colormag-featured-image":["https:\/\/galaxy.agh.edu.pl\/~zmok\/wp-content\/uploads\/2021\/04\/pl_dydaktyka724x76.png",723,76,false]},"uagb_author_info":{"display_name":"Mieszko Tokarski","author_link":"https:\/\/galaxy.agh.edu.pl\/~zmok\/pl_pl\/author\/mieszko-tokarski\/"},"uagb_comment_info":0,"uagb_excerpt":"Proponowany lub prowadzony przedmiot: Modelowanie CFD Przep\u0142yw\u00f3w Reaktywnych Podstawy modelowania numerycznego (w j\u0119zyku Python) Zastosowanie j\u0119zyka Python w nauce i","_links":{"self":[{"href":"https:\/\/galaxy.agh.edu.pl\/~zmok\/pl_pl\/wp-json\/wp\/v2\/pages\/458","targetHints":{"allow":["GET"]}}],"collection":[{"href":"https:\/\/galaxy.agh.edu.pl\/~zmok\/pl_pl\/wp-json\/wp\/v2\/pages"}],"about":[{"href":"https:\/\/galaxy.agh.edu.pl\/~zmok\/pl_pl\/wp-json\/wp\/v2\/types\/page"}],"author":[{"embeddable":true,"href":"https:\/\/galaxy.agh.edu.pl\/~zmok\/pl_pl\/wp-json\/wp\/v2\/users\/1"}],"replies":[{"embeddable":true,"href":"https:\/\/galaxy.agh.edu.pl\/~zmok\/pl_pl\/wp-json\/wp\/v2\/comments?post=458"}],"version-history":[{"count":28,"href":"https:\/\/galaxy.agh.edu.pl\/~zmok\/pl_pl\/wp-json\/wp\/v2\/pages\/458\/revisions"}],"predecessor-version":[{"id":652,"href":"https:\/\/galaxy.agh.edu.pl\/~zmok\/pl_pl\/wp-json\/wp\/v2\/pages\/458\/revisions\/652"}],"up":[{"embeddable":true,"href":"https:\/\/galaxy.agh.edu.pl\/~zmok\/pl_pl\/wp-json\/wp\/v2\/pages\/141"}],"wp:featuredmedia":[{"embeddable":true,"href":"https:\/\/galaxy.agh.edu.pl\/~zmok\/pl_pl\/wp-json\/wp\/v2\/media\/472"}],"wp:attachment":[{"href":"https:\/\/galaxy.agh.edu.pl\/~zmok\/pl_pl\/wp-json\/wp\/v2\/media?parent=458"}],"curies":[{"name":"wp","href":"https:\/\/api.w.org\/{rel}","templated":true}]}}