{"id":154,"date":"2021-02-02T15:17:23","date_gmt":"2021-02-02T14:17:23","guid":{"rendered":"http:\/\/galaxy.agh.edu.pl\/~zmok\/?page_id=154"},"modified":"2021-03-12T09:28:26","modified_gmt":"2021-03-12T08:28:26","slug":"wspolpraca","status":"publish","type":"page","link":"https:\/\/galaxy.agh.edu.pl\/~zmok\/pl_pl\/strona-glowna\/wspolpraca\/","title":{"rendered":"Wsp\u00f3\u0142praca"},"content":{"rendered":"\n<figure class=\"wp-block-pullquote\"><blockquote><p>Przepraszamy! Strona w budowie.<br>Dzi\u0119kujemy za cierpliwo\u015b\u0107.<\/p><cite><span class=\"has-inline-color has-white-color\">Zesp\u00f3\u0142 modelowania i optymalizacji komputerowej<\/span><\/cite><\/blockquote><\/figure>\n\n\n\n<p><\/p>\n","protected":false},"excerpt":{"rendered":"<p>Przepraszamy! Strona w budowie.Dzi\u0119kujemy za cierpliwo\u015b\u0107. Zesp\u00f3\u0142 modelowania i optymalizacji komputerowej<\/p>\n","protected":false},"author":1,"featured_media":333,"parent":141,"menu_order":0,"comment_status":"closed","ping_status":"closed","template":"","meta":{"_uag_custom_page_level_css":"","footnotes":""},"class_list":["post-154","page","type-page","status-publish","has-post-thumbnail","hentry"],"uagb_featured_image_src":{"full":["https:\/\/galaxy.agh.edu.pl\/~zmok\/wp-content\/uploads\/2021\/03\/pl_wspolpraca724x76.png",724,76,false],"thumbnail":["https:\/\/galaxy.agh.edu.pl\/~zmok\/wp-content\/uploads\/2021\/03\/pl_wspolpraca724x76-150x76.png",150,76,true],"medium":["https:\/\/galaxy.agh.edu.pl\/~zmok\/wp-content\/uploads\/2021\/03\/pl_wspolpraca724x76-300x31.png",300,31,true],"medium_large":["https:\/\/galaxy.agh.edu.pl\/~zmok\/wp-content\/uploads\/2021\/03\/pl_wspolpraca724x76.png",724,76,false],"large":["https:\/\/galaxy.agh.edu.pl\/~zmok\/wp-content\/uploads\/2021\/03\/pl_wspolpraca724x76.png",724,76,false],"1536x1536":["https:\/\/galaxy.agh.edu.pl\/~zmok\/wp-content\/uploads\/2021\/03\/pl_wspolpraca724x76.png",724,76,false],"2048x2048":["https:\/\/galaxy.agh.edu.pl\/~zmok\/wp-content\/uploads\/2021\/03\/pl_wspolpraca724x76.png",724,76,false],"trp-custom-language-flag":["https:\/\/galaxy.agh.edu.pl\/~zmok\/wp-content\/uploads\/2021\/03\/pl_wspolpraca724x76-16x2.png",16,2,true],"colormag-highlighted-post":["https:\/\/galaxy.agh.edu.pl\/~zmok\/wp-content\/uploads\/2021\/03\/pl_wspolpraca724x76-392x76.png",392,76,true],"colormag-featured-post-medium":["https:\/\/galaxy.agh.edu.pl\/~zmok\/wp-content\/uploads\/2021\/03\/pl_wspolpraca724x76-390x76.png",390,76,true],"colormag-featured-post-small":["https:\/\/galaxy.agh.edu.pl\/~zmok\/wp-content\/uploads\/2021\/03\/pl_wspolpraca724x76-130x76.png",130,76,true],"colormag-featured-image":["https:\/\/galaxy.agh.edu.pl\/~zmok\/wp-content\/uploads\/2021\/03\/pl_wspolpraca724x76.png",724,76,false]},"uagb_author_info":{"display_name":"Mieszko Tokarski","author_link":"https:\/\/galaxy.agh.edu.pl\/~zmok\/pl_pl\/author\/mieszko-tokarski\/"},"uagb_comment_info":0,"uagb_excerpt":"Przepraszamy! Strona w budowie.Dzi\u0119kujemy za cierpliwo\u015b\u0107. Zesp\u00f3\u0142 modelowania i optymalizacji komputerowej","_links":{"self":[{"href":"https:\/\/galaxy.agh.edu.pl\/~zmok\/pl_pl\/wp-json\/wp\/v2\/pages\/154","targetHints":{"allow":["GET"]}}],"collection":[{"href":"https:\/\/galaxy.agh.edu.pl\/~zmok\/pl_pl\/wp-json\/wp\/v2\/pages"}],"about":[{"href":"https:\/\/galaxy.agh.edu.pl\/~zmok\/pl_pl\/wp-json\/wp\/v2\/types\/page"}],"author":[{"embeddable":true,"href":"https:\/\/galaxy.agh.edu.pl\/~zmok\/pl_pl\/wp-json\/wp\/v2\/users\/1"}],"replies":[{"embeddable":true,"href":"https:\/\/galaxy.agh.edu.pl\/~zmok\/pl_pl\/wp-json\/wp\/v2\/comments?post=154"}],"version-history":[{"count":2,"href":"https:\/\/galaxy.agh.edu.pl\/~zmok\/pl_pl\/wp-json\/wp\/v2\/pages\/154\/revisions"}],"predecessor-version":[{"id":418,"href":"https:\/\/galaxy.agh.edu.pl\/~zmok\/pl_pl\/wp-json\/wp\/v2\/pages\/154\/revisions\/418"}],"up":[{"embeddable":true,"href":"https:\/\/galaxy.agh.edu.pl\/~zmok\/pl_pl\/wp-json\/wp\/v2\/pages\/141"}],"wp:featuredmedia":[{"embeddable":true,"href":"https:\/\/galaxy.agh.edu.pl\/~zmok\/pl_pl\/wp-json\/wp\/v2\/media\/333"}],"wp:attachment":[{"href":"https:\/\/galaxy.agh.edu.pl\/~zmok\/pl_pl\/wp-json\/wp\/v2\/media?parent=154"}],"curies":[{"name":"wp","href":"https:\/\/api.w.org\/{rel}","templated":true}]}}