{"id":152,"date":"2021-02-02T15:15:19","date_gmt":"2021-02-02T14:15:19","guid":{"rendered":"http:\/\/galaxy.agh.edu.pl\/~zmok\/?page_id=152"},"modified":"2021-03-12T11:45:42","modified_gmt":"2021-03-12T10:45:42","slug":"doswiadczenie-rd","status":"publish","type":"page","link":"https:\/\/galaxy.agh.edu.pl\/~zmok\/pl_pl\/strona-glowna\/doswiadczenie-rd\/","title":{"rendered":"Do\u015bwiadczenie R&#038;D"},"content":{"rendered":"<div\n\t\t\t\n\t\t\tclass=\"so-widget-sow-slider so-widget-sow-slider-default-6ab9f2cfbdc9\"\n\t\t\t\n\t\t>\t\t\t\t<div class=\"sow-slider-base\" style=\"display: none\" tabindex=\"0\">\n\t\t\t\t\t<ul\n\t\t\t\t\tclass=\"sow-slider-images\"\n\t\t\t\t\tdata-settings=\"{&quot;pagination&quot;:true,&quot;speed&quot;:800,&quot;timeout&quot;:12000,&quot;paused&quot;:false,&quot;pause_on_hover&quot;:false,&quot;swipe&quot;:true,&quot;nav_always_show_desktop&quot;:&quot;&quot;,&quot;nav_always_show_mobile&quot;:&quot;&quot;,&quot;breakpoint&quot;:&quot;780px&quot;,&quot;unmute&quot;:false,&quot;anchor&quot;:null}\"\n\t\t\t\t\t\t\t\t\t\tdata-anchor-id=\"\"\n\t\t\t\t>\t\t<li class=\"sow-slider-image\" style=\"visibility: visible;\" >\n\t\t\t\t\t\t<div class=\"sow-slider-image-container\">\n\t\t\t\t<div class=\"sow-slider-image-wrapper\" style=\"max-width: 2172px\">\n\t\t\t\t\t\t\t\t\t\t<div class=\"sow-slider-image-foreground-wrapper\">\n\t\t\t\t\t\t<img loading=\"lazy\" decoding=\"async\" width=\"2172\" height=\"1000\" src=\"https:\/\/galaxy.agh.edu.pl\/~zmok\/wp-content\/uploads\/2021\/03\/1.png\" class=\"sow-slider-foreground-image\" alt=\"\" style=\"\" srcset=\"https:\/\/galaxy.agh.edu.pl\/~zmok\/wp-content\/uploads\/2021\/03\/1.png 2172w, https:\/\/galaxy.agh.edu.pl\/~zmok\/wp-content\/uploads\/2021\/03\/1-300x138.png 300w, https:\/\/galaxy.agh.edu.pl\/~zmok\/wp-content\/uploads\/2021\/03\/1-1024x471.png 1024w, https:\/\/galaxy.agh.edu.pl\/~zmok\/wp-content\/uploads\/2021\/03\/1-768x354.png 768w, https:\/\/galaxy.agh.edu.pl\/~zmok\/wp-content\/uploads\/2021\/03\/1-1536x707.png 1536w, https:\/\/galaxy.agh.edu.pl\/~zmok\/wp-content\/uploads\/2021\/03\/1-2048x943.png 2048w, https:\/\/galaxy.agh.edu.pl\/~zmok\/wp-content\/uploads\/2021\/03\/1-16x7.png 16w\" sizes=\"auto, (max-width: 2172px) 100vw, 2172px\" \/>\t\t\t\t\t<\/div>\n\t\t\t\t\t\t\t\t\t<\/div>\n\t\t\t<\/div>\n\t\t\t\t\t<\/li>\n\t\t\t\t<li class=\"sow-slider-image\" style=\"visibility: hidden;\" >\n\t\t\t\t\t\t<div class=\"sow-slider-image-container\">\n\t\t\t\t<div class=\"sow-slider-image-wrapper\" style=\"max-width: 2172px\">\n\t\t\t\t\t\t\t\t\t\t<div class=\"sow-slider-image-foreground-wrapper\">\n\t\t\t\t\t\t<img loading=\"lazy\" decoding=\"async\" width=\"2172\" height=\"1000\" src=\"https:\/\/galaxy.agh.edu.pl\/~zmok\/wp-content\/uploads\/2021\/03\/Zrzut-ekranu-2021-02-14-o-16.27.51.png\" class=\"sow-slider-foreground-image\" alt=\"\" style=\"\" srcset=\"https:\/\/galaxy.agh.edu.pl\/~zmok\/wp-content\/uploads\/2021\/03\/Zrzut-ekranu-2021-02-14-o-16.27.51.png 2172w, https:\/\/galaxy.agh.edu.pl\/~zmok\/wp-content\/uploads\/2021\/03\/Zrzut-ekranu-2021-02-14-o-16.27.51-300x138.png 300w, https:\/\/galaxy.agh.edu.pl\/~zmok\/wp-content\/uploads\/2021\/03\/Zrzut-ekranu-2021-02-14-o-16.27.51-1024x471.png 1024w, https:\/\/galaxy.agh.edu.pl\/~zmok\/wp-content\/uploads\/2021\/03\/Zrzut-ekranu-2021-02-14-o-16.27.51-768x354.png 768w, https:\/\/galaxy.agh.edu.pl\/~zmok\/wp-content\/uploads\/2021\/03\/Zrzut-ekranu-2021-02-14-o-16.27.51-1536x707.png 1536w, https:\/\/galaxy.agh.edu.pl\/~zmok\/wp-content\/uploads\/2021\/03\/Zrzut-ekranu-2021-02-14-o-16.27.51-2048x943.png 2048w, https:\/\/galaxy.agh.edu.pl\/~zmok\/wp-content\/uploads\/2021\/03\/Zrzut-ekranu-2021-02-14-o-16.27.51-16x7.png 16w\" sizes=\"auto, (max-width: 2172px) 100vw, 2172px\" \/>\t\t\t\t\t<\/div>\n\t\t\t\t\t\t\t\t\t<\/div>\n\t\t\t<\/div>\n\t\t\t\t\t<\/li>\n\t\t\t\t<li class=\"sow-slider-image\" style=\"visibility: hidden;\" >\n\t\t\t\t\t\t<div class=\"sow-slider-image-container\">\n\t\t\t\t<div class=\"sow-slider-image-wrapper\" style=\"max-width: 2172px\">\n\t\t\t\t\t\t\t\t\t\t<div class=\"sow-slider-image-foreground-wrapper\">\n\t\t\t\t\t\t<img loading=\"lazy\" decoding=\"async\" width=\"2172\" height=\"1000\" src=\"https:\/\/galaxy.agh.edu.pl\/~zmok\/wp-content\/uploads\/2021\/03\/2.png\" class=\"sow-slider-foreground-image\" alt=\"\" style=\"\" srcset=\"https:\/\/galaxy.agh.edu.pl\/~zmok\/wp-content\/uploads\/2021\/03\/2.png 2172w, https:\/\/galaxy.agh.edu.pl\/~zmok\/wp-content\/uploads\/2021\/03\/2-300x138.png 300w, https:\/\/galaxy.agh.edu.pl\/~zmok\/wp-content\/uploads\/2021\/03\/2-1024x471.png 1024w, https:\/\/galaxy.agh.edu.pl\/~zmok\/wp-content\/uploads\/2021\/03\/2-768x354.png 768w, https:\/\/galaxy.agh.edu.pl\/~zmok\/wp-content\/uploads\/2021\/03\/2-1536x707.png 1536w, https:\/\/galaxy.agh.edu.pl\/~zmok\/wp-content\/uploads\/2021\/03\/2-2048x943.png 2048w, https:\/\/galaxy.agh.edu.pl\/~zmok\/wp-content\/uploads\/2021\/03\/2-16x7.png 16w\" sizes=\"auto, (max-width: 2172px) 100vw, 2172px\" \/>\t\t\t\t\t<\/div>\n\t\t\t\t\t\t\t\t\t<\/div>\n\t\t\t<\/div>\n\t\t\t\t\t<\/li>\n\t\t\t\t<li class=\"sow-slider-image\" style=\"visibility: hidden;\" >\n\t\t\t\t\t\t<div class=\"sow-slider-image-container\">\n\t\t\t\t<div class=\"sow-slider-image-wrapper\" style=\"max-width: 2172px\">\n\t\t\t\t\t\t\t\t\t\t<div class=\"sow-slider-image-foreground-wrapper\">\n\t\t\t\t\t\t<img loading=\"lazy\" decoding=\"async\" width=\"2172\" height=\"1000\" src=\"https:\/\/galaxy.agh.edu.pl\/~zmok\/wp-content\/uploads\/2021\/03\/3.png\" class=\"sow-slider-foreground-image\" alt=\"\" style=\"\" srcset=\"https:\/\/galaxy.agh.edu.pl\/~zmok\/wp-content\/uploads\/2021\/03\/3.png 2172w, https:\/\/galaxy.agh.edu.pl\/~zmok\/wp-content\/uploads\/2021\/03\/3-300x138.png 300w, https:\/\/galaxy.agh.edu.pl\/~zmok\/wp-content\/uploads\/2021\/03\/3-1024x471.png 1024w, https:\/\/galaxy.agh.edu.pl\/~zmok\/wp-content\/uploads\/2021\/03\/3-768x354.png 768w, https:\/\/galaxy.agh.edu.pl\/~zmok\/wp-content\/uploads\/2021\/03\/3-1536x707.png 1536w, https:\/\/galaxy.agh.edu.pl\/~zmok\/wp-content\/uploads\/2021\/03\/3-2048x943.png 2048w, https:\/\/galaxy.agh.edu.pl\/~zmok\/wp-content\/uploads\/2021\/03\/3-16x7.png 16w\" sizes=\"auto, (max-width: 2172px) 100vw, 2172px\" \/>\t\t\t\t\t<\/div>\n\t\t\t\t\t\t\t\t\t<\/div>\n\t\t\t<\/div>\n\t\t\t\t\t<\/li>\n\t\t\t\t<li class=\"sow-slider-image\" style=\"visibility: hidden;\" >\n\t\t\t\t\t\t<div class=\"sow-slider-image-container\">\n\t\t\t\t<div class=\"sow-slider-image-wrapper\" style=\"max-width: 2172px\">\n\t\t\t\t\t\t\t\t\t\t<div class=\"sow-slider-image-foreground-wrapper\">\n\t\t\t\t\t\t<img loading=\"lazy\" decoding=\"async\" width=\"2172\" height=\"1000\" src=\"https:\/\/galaxy.agh.edu.pl\/~zmok\/wp-content\/uploads\/2021\/03\/4.png\" class=\"sow-slider-foreground-image\" alt=\"\" style=\"\" srcset=\"https:\/\/galaxy.agh.edu.pl\/~zmok\/wp-content\/uploads\/2021\/03\/4.png 2172w, https:\/\/galaxy.agh.edu.pl\/~zmok\/wp-content\/uploads\/2021\/03\/4-300x138.png 300w, https:\/\/galaxy.agh.edu.pl\/~zmok\/wp-content\/uploads\/2021\/03\/4-1024x471.png 1024w, https:\/\/galaxy.agh.edu.pl\/~zmok\/wp-content\/uploads\/2021\/03\/4-768x354.png 768w, https:\/\/galaxy.agh.edu.pl\/~zmok\/wp-content\/uploads\/2021\/03\/4-1536x707.png 1536w, https:\/\/galaxy.agh.edu.pl\/~zmok\/wp-content\/uploads\/2021\/03\/4-2048x943.png 2048w, https:\/\/galaxy.agh.edu.pl\/~zmok\/wp-content\/uploads\/2021\/03\/4-16x7.png 16w\" sizes=\"auto, (max-width: 2172px) 100vw, 2172px\" \/>\t\t\t\t\t<\/div>\n\t\t\t\t\t\t\t\t\t<\/div>\n\t\t\t<\/div>\n\t\t\t\t\t<\/li>\n\t\t\t\t<li class=\"sow-slider-image\" style=\"visibility: hidden;\" >\n\t\t\t\t\t\t<div class=\"sow-slider-image-container\">\n\t\t\t\t<div class=\"sow-slider-image-wrapper\" style=\"max-width: 2172px\">\n\t\t\t\t\t\t\t\t\t\t<div class=\"sow-slider-image-foreground-wrapper\">\n\t\t\t\t\t\t<img loading=\"lazy\" decoding=\"async\" width=\"2172\" height=\"1000\" src=\"https:\/\/galaxy.agh.edu.pl\/~zmok\/wp-content\/uploads\/2021\/03\/5.png\" class=\"sow-slider-foreground-image\" alt=\"\" style=\"\" srcset=\"https:\/\/galaxy.agh.edu.pl\/~zmok\/wp-content\/uploads\/2021\/03\/5.png 2172w, https:\/\/galaxy.agh.edu.pl\/~zmok\/wp-content\/uploads\/2021\/03\/5-300x138.png 300w, https:\/\/galaxy.agh.edu.pl\/~zmok\/wp-content\/uploads\/2021\/03\/5-1024x471.png 1024w, https:\/\/galaxy.agh.edu.pl\/~zmok\/wp-content\/uploads\/2021\/03\/5-768x354.png 768w, https:\/\/galaxy.agh.edu.pl\/~zmok\/wp-content\/uploads\/2021\/03\/5-1536x707.png 1536w, https:\/\/galaxy.agh.edu.pl\/~zmok\/wp-content\/uploads\/2021\/03\/5-2048x943.png 2048w, https:\/\/galaxy.agh.edu.pl\/~zmok\/wp-content\/uploads\/2021\/03\/5-16x7.png 16w\" sizes=\"auto, (max-width: 2172px) 100vw, 2172px\" \/>\t\t\t\t\t<\/div>\n\t\t\t\t\t\t\t\t\t<\/div>\n\t\t\t<\/div>\n\t\t\t\t\t<\/li>\n\t\t\t\t<li class=\"sow-slider-image\" style=\"visibility: hidden;\" >\n\t\t\t\t\t\t<div class=\"sow-slider-image-container\">\n\t\t\t\t<div class=\"sow-slider-image-wrapper\" style=\"max-width: 2172px\">\n\t\t\t\t\t\t\t\t\t\t<div class=\"sow-slider-image-foreground-wrapper\">\n\t\t\t\t\t\t<img loading=\"lazy\" decoding=\"async\" width=\"2172\" height=\"1000\" src=\"https:\/\/galaxy.agh.edu.pl\/~zmok\/wp-content\/uploads\/2021\/03\/6.png\" class=\"sow-slider-foreground-image\" alt=\"\" style=\"\" srcset=\"https:\/\/galaxy.agh.edu.pl\/~zmok\/wp-content\/uploads\/2021\/03\/6.png 2172w, https:\/\/galaxy.agh.edu.pl\/~zmok\/wp-content\/uploads\/2021\/03\/6-300x138.png 300w, https:\/\/galaxy.agh.edu.pl\/~zmok\/wp-content\/uploads\/2021\/03\/6-1024x471.png 1024w, https:\/\/galaxy.agh.edu.pl\/~zmok\/wp-content\/uploads\/2021\/03\/6-768x354.png 768w, https:\/\/galaxy.agh.edu.pl\/~zmok\/wp-content\/uploads\/2021\/03\/6-1536x707.png 1536w, https:\/\/galaxy.agh.edu.pl\/~zmok\/wp-content\/uploads\/2021\/03\/6-2048x943.png 2048w, https:\/\/galaxy.agh.edu.pl\/~zmok\/wp-content\/uploads\/2021\/03\/6-16x7.png 16w\" sizes=\"auto, (max-width: 2172px) 100vw, 2172px\" \/>\t\t\t\t\t<\/div>\n\t\t\t\t\t\t\t\t\t<\/div>\n\t\t\t<\/div>\n\t\t\t\t\t<\/li>\n\t\t\t\t<li class=\"sow-slider-image\" style=\"visibility: hidden;\" >\n\t\t\t\t\t\t<div class=\"sow-slider-image-container\">\n\t\t\t\t<div class=\"sow-slider-image-wrapper\" style=\"max-width: 2172px\">\n\t\t\t\t\t\t\t\t\t\t<div class=\"sow-slider-image-foreground-wrapper\">\n\t\t\t\t\t\t<img loading=\"lazy\" decoding=\"async\" width=\"2172\" height=\"1000\" src=\"https:\/\/galaxy.agh.edu.pl\/~zmok\/wp-content\/uploads\/2021\/03\/7.png\" class=\"sow-slider-foreground-image\" alt=\"\" style=\"\" srcset=\"https:\/\/galaxy.agh.edu.pl\/~zmok\/wp-content\/uploads\/2021\/03\/7.png 2172w, https:\/\/galaxy.agh.edu.pl\/~zmok\/wp-content\/uploads\/2021\/03\/7-300x138.png 300w, https:\/\/galaxy.agh.edu.pl\/~zmok\/wp-content\/uploads\/2021\/03\/7-1024x471.png 1024w, https:\/\/galaxy.agh.edu.pl\/~zmok\/wp-content\/uploads\/2021\/03\/7-768x354.png 768w, https:\/\/galaxy.agh.edu.pl\/~zmok\/wp-content\/uploads\/2021\/03\/7-1536x707.png 1536w, https:\/\/galaxy.agh.edu.pl\/~zmok\/wp-content\/uploads\/2021\/03\/7-2048x943.png 2048w, https:\/\/galaxy.agh.edu.pl\/~zmok\/wp-content\/uploads\/2021\/03\/7-16x7.png 16w\" sizes=\"auto, (max-width: 2172px) 100vw, 2172px\" \/>\t\t\t\t\t<\/div>\n\t\t\t\t\t\t\t\t\t<\/div>\n\t\t\t<\/div>\n\t\t\t\t\t<\/li>\n\t\t\t\t<li class=\"sow-slider-image\" style=\"visibility: hidden;\" >\n\t\t\t\t\t\t<div class=\"sow-slider-image-container\">\n\t\t\t\t<div class=\"sow-slider-image-wrapper\" style=\"max-width: 560px\">\n\t\t\t\t\t\t\t\t\t\t<div class=\"sow-slider-image-foreground-wrapper\">\n\t\t\t\t\t\t<img loading=\"lazy\" decoding=\"async\" width=\"560\" height=\"420\" src=\"https:\/\/galaxy.agh.edu.pl\/~zmok\/wp-content\/uploads\/2021\/03\/ng_czas_40_ortho.gif\" class=\"sow-slider-foreground-image\" alt=\"\" style=\"\" \/>\t\t\t\t\t<\/div>\n\t\t\t\t\t\t\t\t\t<\/div>\n\t\t\t<\/div>\n\t\t\t\t\t<\/li>\n\t\t<\/ul>\t\t\t\t<ol class=\"sow-slider-pagination\">\n\t\t\t\t\t\t\t\t\t\t\t<li><a href=\"#\" data-goto=\"0\" aria-label=\"Display slide 1\"><\/a><\/li>\n\t\t\t\t\t\t\t\t\t\t\t<li><a href=\"#\" data-goto=\"1\" aria-label=\"Display slide 2\"><\/a><\/li>\n\t\t\t\t\t\t\t\t\t\t\t<li><a href=\"#\" data-goto=\"2\" aria-label=\"Display slide 3\"><\/a><\/li>\n\t\t\t\t\t\t\t\t\t\t\t<li><a href=\"#\" data-goto=\"3\" aria-label=\"Display slide 4\"><\/a><\/li>\n\t\t\t\t\t\t\t\t\t\t\t<li><a href=\"#\" data-goto=\"4\" aria-label=\"Display slide 5\"><\/a><\/li>\n\t\t\t\t\t\t\t\t\t\t\t<li><a href=\"#\" data-goto=\"5\" aria-label=\"Display slide 6\"><\/a><\/li>\n\t\t\t\t\t\t\t\t\t\t\t<li><a href=\"#\" data-goto=\"6\" aria-label=\"Display slide 7\"><\/a><\/li>\n\t\t\t\t\t\t\t\t\t\t\t<li><a href=\"#\" data-goto=\"7\" aria-label=\"Display slide 8\"><\/a><\/li>\n\t\t\t\t\t\t\t\t\t\t\t<li><a href=\"#\" data-goto=\"8\" aria-label=\"Display slide 9\"><\/a><\/li>\n\t\t\t\t\t\t\t\t\t<\/ol>\n\n\t\t\t\t<div class=\"sow-slide-nav sow-slide-nav-next\">\n\t\t\t\t\t<a href=\"#\" data-goto=\"next\" aria-label=\"Next slide\" data-action=\"next\">\n\t\t\t\t\t\t<em class=\"sow-sld-icon-thin-right\"><\/em>\n\t\t\t\t\t<\/a>\n\t\t\t\t<\/div>\n\n\t\t\t\t<div class=\"sow-slide-nav sow-slide-nav-prev\">\n\t\t\t\t\t<a href=\"#\" data-goto=\"previous\" aria-label=\"Previous slide\" data-action=\"prev\">\n\t\t\t\t\t\t<em class=\"sow-sld-icon-thin-left\"><\/em>\n\t\t\t\t\t<\/a>\n\t\t\t\t<\/div>\n\t\t\t\t<\/div><\/div>\n\n\n<p><br>Zajmujemy si\u0119 szeroko rozumian\u0105 numeryk\u0105, a w szczeg\u00f3lno\u015bci:<\/p>\n\n\n\n<ul class=\"wp-block-list\"><li>modelowaniem komputerowym i optymalizacj\u0105 proces\u00f3w technologicznych,<\/li><li>opisem matematycznym proces\u00f3w pirolizy, zgazowania i spalania paliw sta\u0142ych, ciek\u0142ych i gazowych,<\/li><li>obni\u017caniem emisji szkodliwych substancji w spalinach,<\/li><li>symulacjami numerycznymi procesu utylizacji biomasy i odpad\u00f3w,<\/li><li>optymalizacj\u0105 konstrukcji urz\u0105dze\u0144 i maszyn,<\/li><li>modelowaniem proces\u00f3w katalitycznych,<\/li><li>numeryczn\u0105 mechanik\u0105 p\u0142yn\u00f3w (CFD),<\/li><li>przep\u0142ywami reaktywnymi,<\/li><li>transportem ciep\u0142a na drodze promieniowania cieplnego,<\/li><li>metodami odwrotnymi,<\/li><li>jak r\u00f3wnie\u017c szybkimi, uproszczonymi modelami procesowymi.<\/li><\/ul>\n\n\n\n<p>Serdecznie zapraszamy do kontaktu pod numerem telefonu:<\/p>\n\n\n\n<blockquote class=\"wp-block-quote has-text-align-center is-layout-flow wp-block-quote-is-layout-flow\"><p>12 617 41 73<\/p><\/blockquote>\n\n\n\n<p>lub na nasz adres email:<\/p>\n\n\n\n<blockquote class=\"wp-block-quote has-text-align-center is-layout-flow wp-block-quote-is-layout-flow\"><p>zmok@agh.edu.pl<\/p><\/blockquote>\n","protected":false},"excerpt":{"rendered":"<p>Zajmujemy si\u0119 szeroko rozumian\u0105 numeryk\u0105, a w szczeg\u00f3lno\u015bci: modelowaniem komputerowym i optymalizacj\u0105 proces\u00f3w technologicznych, opisem matematycznym proces\u00f3w pirolizy, zgazowania i<\/p>\n","protected":false},"author":1,"featured_media":328,"parent":141,"menu_order":0,"comment_status":"closed","ping_status":"closed","template":"","meta":{"_uag_custom_page_level_css":"","footnotes":""},"class_list":["post-152","page","type-page","status-publish","has-post-thumbnail","hentry"],"uagb_featured_image_src":{"full":["https:\/\/galaxy.agh.edu.pl\/~zmok\/wp-content\/uploads\/2021\/03\/pl_doswiadczenie724x76.png",724,76,false],"thumbnail":["https:\/\/galaxy.agh.edu.pl\/~zmok\/wp-content\/uploads\/2021\/03\/pl_doswiadczenie724x76-150x76.png",150,76,true],"medium":["https:\/\/galaxy.agh.edu.pl\/~zmok\/wp-content\/uploads\/2021\/03\/pl_doswiadczenie724x76-300x31.png",300,31,true],"medium_large":["https:\/\/galaxy.agh.edu.pl\/~zmok\/wp-content\/uploads\/2021\/03\/pl_doswiadczenie724x76.png",724,76,false],"large":["https:\/\/galaxy.agh.edu.pl\/~zmok\/wp-content\/uploads\/2021\/03\/pl_doswiadczenie724x76.png",724,76,false],"1536x1536":["https:\/\/galaxy.agh.edu.pl\/~zmok\/wp-content\/uploads\/2021\/03\/pl_doswiadczenie724x76.png",724,76,false],"2048x2048":["https:\/\/galaxy.agh.edu.pl\/~zmok\/wp-content\/uploads\/2021\/03\/pl_doswiadczenie724x76.png",724,76,false],"trp-custom-language-flag":["https:\/\/galaxy.agh.edu.pl\/~zmok\/wp-content\/uploads\/2021\/03\/pl_doswiadczenie724x76-16x2.png",16,2,true],"colormag-highlighted-post":["https:\/\/galaxy.agh.edu.pl\/~zmok\/wp-content\/uploads\/2021\/03\/pl_doswiadczenie724x76-392x76.png",392,76,true],"colormag-featured-post-medium":["https:\/\/galaxy.agh.edu.pl\/~zmok\/wp-content\/uploads\/2021\/03\/pl_doswiadczenie724x76-390x76.png",390,76,true],"colormag-featured-post-small":["https:\/\/galaxy.agh.edu.pl\/~zmok\/wp-content\/uploads\/2021\/03\/pl_doswiadczenie724x76-130x76.png",130,76,true],"colormag-featured-image":["https:\/\/galaxy.agh.edu.pl\/~zmok\/wp-content\/uploads\/2021\/03\/pl_doswiadczenie724x76.png",724,76,false]},"uagb_author_info":{"display_name":"Mieszko Tokarski","author_link":"https:\/\/galaxy.agh.edu.pl\/~zmok\/pl_pl\/author\/mieszko-tokarski\/"},"uagb_comment_info":0,"uagb_excerpt":"Zajmujemy si\u0119 szeroko rozumian\u0105 numeryk\u0105, a w szczeg\u00f3lno\u015bci: modelowaniem komputerowym i optymalizacj\u0105 proces\u00f3w technologicznych, opisem matematycznym proces\u00f3w pirolizy, zgazowania i","_links":{"self":[{"href":"https:\/\/galaxy.agh.edu.pl\/~zmok\/pl_pl\/wp-json\/wp\/v2\/pages\/152","targetHints":{"allow":["GET"]}}],"collection":[{"href":"https:\/\/galaxy.agh.edu.pl\/~zmok\/pl_pl\/wp-json\/wp\/v2\/pages"}],"about":[{"href":"https:\/\/galaxy.agh.edu.pl\/~zmok\/pl_pl\/wp-json\/wp\/v2\/types\/page"}],"author":[{"embeddable":true,"href":"https:\/\/galaxy.agh.edu.pl\/~zmok\/pl_pl\/wp-json\/wp\/v2\/users\/1"}],"replies":[{"embeddable":true,"href":"https:\/\/galaxy.agh.edu.pl\/~zmok\/pl_pl\/wp-json\/wp\/v2\/comments?post=152"}],"version-history":[{"count":16,"href":"https:\/\/galaxy.agh.edu.pl\/~zmok\/pl_pl\/wp-json\/wp\/v2\/pages\/152\/revisions"}],"predecessor-version":[{"id":449,"href":"https:\/\/galaxy.agh.edu.pl\/~zmok\/pl_pl\/wp-json\/wp\/v2\/pages\/152\/revisions\/449"}],"up":[{"embeddable":true,"href":"https:\/\/galaxy.agh.edu.pl\/~zmok\/pl_pl\/wp-json\/wp\/v2\/pages\/141"}],"wp:featuredmedia":[{"embeddable":true,"href":"https:\/\/galaxy.agh.edu.pl\/~zmok\/pl_pl\/wp-json\/wp\/v2\/media\/328"}],"wp:attachment":[{"href":"https:\/\/galaxy.agh.edu.pl\/~zmok\/pl_pl\/wp-json\/wp\/v2\/media?parent=152"}],"curies":[{"name":"wp","href":"https:\/\/api.w.org\/{rel}","templated":true}]}}