{"id":141,"date":"2021-02-02T14:55:21","date_gmt":"2021-02-02T13:55:21","guid":{"rendered":"http:\/\/galaxy.agh.edu.pl\/~zmok\/?page_id=141"},"modified":"2024-12-20T10:51:38","modified_gmt":"2024-12-20T09:51:38","slug":"strona-glowna","status":"publish","type":"page","link":"https:\/\/galaxy.agh.edu.pl\/~zmok\/pl_pl\/","title":{"rendered":"Strona g\u0142\u00f3wna"},"content":{"rendered":"\n<p class=\"has-normal-font-size\"><br><br>Jeste\u015bmy m\u0142odym zespo\u0142em badawczym z aspiracjami do pr\u0119\u017cnego rozwoju. Zajmujemy si\u0119 metodami numerycznymi w szeroko poj\u0119tych zagadnieniach cieplno-przep\u0142ywowych. Zesp\u00f3\u0142 zosta\u0142 zbudowany przez dr hab. in\u017c. Rafa\u0142a Buczy\u0144skiego (prof. AGH) w ramach projektu<strong> <a href=\"https:\/\/nawa.gov.pl\/naukowcy\/polskie-powroty\">NAWA Polskie Powroty<\/a> 2019<\/strong> nr PPN\/PPO\/2019\/1\/00023 oraz dzi\u0119ki Inicjatywie Doskona\u0142o\u015bci &#8211; Uczelnia Badawcza (IDUB) w ramach dzia\u0142ania D-21.<\/p>\n\n\n\n<p class=\"has-normal-font-size\">Prof. Buczy\u0144ski przez 10 lat pracowa\u0142 naukowo na uniwersytecie <a href=\"https:\/\/www.ievb.tu-clausthal.de\/\">TU Clausthal<\/a> oraz przez rok pracowa\u0142 w <a href=\"https:\/\/www.thyssenkrupp-industrial-solutions.com\/\" target=\"_blank\" rel=\"noreferrer noopener\">thyssenkrupp Industrial Solutions<\/a>. W zespole znalaz\u0142y si\u0119 jeszcze pi\u0119\u0107 innych os\u00f3b. S\u0105 to:<\/p>\n\n\n\n<ul class=\"wp-block-list\">\n<li>dr in\u017c. Ilona Uryga-Bugajska uprzednio doktoryzuj\u0105ca si\u0119 na <a href=\"https:\/\/www.leeds.ac.uk\/\">Uniwesytecie w Leeds<\/a>, p\u00f3\u017aniej pracuj\u0105ca w <a href=\"https:\/\/eminox.com\/\">Eminox Ltd<\/a>,<\/li>\n<\/ul>\n\n\n\n<ul class=\"wp-block-list\">\n<li>dr in\u017c. Mieszko Tokarski, kt\u00f3ry uko\u0144czy\u0142 doktorat na <a href=\"https:\/\/www.polsl.pl\/\">Politechnice \u015al\u0105skiej<\/a>,<\/li>\n<\/ul>\n\n\n\n<ul class=\"wp-block-list\">\n<li>dr in\u017c. Ewelina Brodawka, kt\u00f3ra uko\u0144czy\u0142a doktorat na <a href=\"https:\/\/www.agh.edu.pl\/en\/\">AGH<\/a>,<\/li>\n<\/ul>\n\n\n\n<ul class=\"wp-block-list\">\n<li>dr Mieczys\u0142aw Ba\u0142ys,<\/li>\n<\/ul>\n\n\n\n<ul class=\"wp-block-list\">\n<li>mgr in\u017c. Przemys\u0142aw Draga obecnie realizuj\u0105cy doktorat pod piecz\u0105 dr hab. in\u017c. Rafa\u0142a Buczy\u0144skiego (prof. AGH) .<\/li>\n<\/ul>\n\n\n\n<p class=\"has-normal-font-size\">Chcesz nawi\u0105za\u0107 z nami wsp\u00f3\u0142prac\u0119 albo czego\u015b si\u0119 dowiedzie\u0107? Pisz na:<\/p>\n\n\n\n<p class=\"has-medium-font-size\">zmok(AT)agh.edu.pl<\/p>\n\n\n\n<p>lub dzwo\u0144<\/p>\n\n\n\n<p class=\"has-medium-font-size\">+48 12 617 56 39<\/p>\n\n\n\n<p><\/p>\n","protected":false},"excerpt":{"rendered":"<p>Jeste\u015bmy m\u0142odym zespo\u0142em badawczym z aspiracjami do pr\u0119\u017cnego rozwoju. Zajmujemy si\u0119 metodami numerycznymi w szeroko poj\u0119tych zagadnieniach cieplno-przep\u0142ywowych. Zesp\u00f3\u0142 zosta\u0142<\/p>\n","protected":false},"author":1,"featured_media":0,"parent":0,"menu_order":0,"comment_status":"closed","ping_status":"closed","template":"","meta":{"_uag_custom_page_level_css":"","footnotes":""},"class_list":["post-141","page","type-page","status-publish","hentry"],"uagb_featured_image_src":{"full":false,"thumbnail":false,"medium":false,"medium_large":false,"large":false,"1536x1536":false,"2048x2048":false,"trp-custom-language-flag":false,"colormag-highlighted-post":false,"colormag-featured-post-medium":false,"colormag-featured-post-small":false,"colormag-featured-image":false},"uagb_author_info":{"display_name":"Mieszko Tokarski","author_link":"https:\/\/galaxy.agh.edu.pl\/~zmok\/pl_pl\/author\/mieszko-tokarski\/"},"uagb_comment_info":0,"uagb_excerpt":"Jeste\u015bmy m\u0142odym zespo\u0142em badawczym z aspiracjami do pr\u0119\u017cnego rozwoju. Zajmujemy si\u0119 metodami numerycznymi w szeroko poj\u0119tych zagadnieniach cieplno-przep\u0142ywowych. Zesp\u00f3\u0142 zosta\u0142","_links":{"self":[{"href":"https:\/\/galaxy.agh.edu.pl\/~zmok\/pl_pl\/wp-json\/wp\/v2\/pages\/141","targetHints":{"allow":["GET"]}}],"collection":[{"href":"https:\/\/galaxy.agh.edu.pl\/~zmok\/pl_pl\/wp-json\/wp\/v2\/pages"}],"about":[{"href":"https:\/\/galaxy.agh.edu.pl\/~zmok\/pl_pl\/wp-json\/wp\/v2\/types\/page"}],"author":[{"embeddable":true,"href":"https:\/\/galaxy.agh.edu.pl\/~zmok\/pl_pl\/wp-json\/wp\/v2\/users\/1"}],"replies":[{"embeddable":true,"href":"https:\/\/galaxy.agh.edu.pl\/~zmok\/pl_pl\/wp-json\/wp\/v2\/comments?post=141"}],"version-history":[{"count":22,"href":"https:\/\/galaxy.agh.edu.pl\/~zmok\/pl_pl\/wp-json\/wp\/v2\/pages\/141\/revisions"}],"predecessor-version":[{"id":827,"href":"https:\/\/galaxy.agh.edu.pl\/~zmok\/pl_pl\/wp-json\/wp\/v2\/pages\/141\/revisions\/827"}],"wp:attachment":[{"href":"https:\/\/galaxy.agh.edu.pl\/~zmok\/pl_pl\/wp-json\/wp\/v2\/media?parent=141"}],"curies":[{"name":"wp","href":"https:\/\/api.w.org\/{rel}","templated":true}]}}