{"id":521,"date":"2021-04-16T00:40:50","date_gmt":"2021-04-15T22:40:50","guid":{"rendered":"http:\/\/galaxy.agh.edu.pl\/~zmok\/?page_id=521"},"modified":"2022-02-17T13:52:55","modified_gmt":"2022-02-17T12:52:55","slug":"ciekawostki","status":"publish","type":"page","link":"https:\/\/galaxy.agh.edu.pl\/~zmok\/en\/strona-glowna\/ciekawostki\/","title":{"rendered":"Interesting things"},"content":{"rendered":"<div class=\"wp-block-uagb-advanced-heading uagb-block-f291ed30\"><h2 class=\"uagb-heading-text\">Interesting things<\/h2><div class=\"uagb-separator-wrap\"><div class=\"uagb-separator\"><\/div><\/div><p class=\"uagb-desc-text\">Science and numerics<br><br><\/p><\/div>\n\n\n\n<div class=\"wp-block-media-text alignwide is-stacked-on-mobile\"><figure class=\"wp-block-media-text__media\"><video controls src=\"http:\/\/galaxy.agh.edu.pl\/~zmok\/wp-content\/uploads\/2021\/04\/nieustalona-konwekcja-bez-falszywej-dyfuzji.mp4\"><\/video><\/figure><div class=\"wp-block-media-text__content\">\n<h3 class=\"wp-block-heading\" id=\"konwekcja-i-dyfuzja-w-cfd\"><a href=\"http:\/\/galaxy.agh.edu.pl\/~zmok\/strona-glowna\/ciekawostki\/konwekcja\/\" data-type=\"page\" data-id=\"513\"><strong>Convection and diffusion in CFD<\/strong><\/a><\/h3>\n<\/div><\/div>\n\n\n\n<div class=\"wp-block-media-text alignwide is-stacked-on-mobile\"><figure class=\"wp-block-media-text__media\"><img loading=\"lazy\" decoding=\"async\" width=\"560\" height=\"420\" src=\"http:\/\/galaxy.agh.edu.pl\/~zmok\/wp-content\/uploads\/2021\/04\/Particle_swarm_rosenbrock.gif\" alt=\"\" class=\"wp-image-522 size-full\"\/><\/figure><div class=\"wp-block-media-text__content\">\n<h3 class=\"wp-block-heading\" id=\"algorytmy-heurystyczne-i-funkcje-testowe\"><a href=\"http:\/\/galaxy.agh.edu.pl\/~zmok\/algorytmy-heurystyczne-i-funkcje-testowe\/\" data-type=\"page\" data-id=\"527\"><strong>Heuristic algorithms and test functions<\/strong><\/a><\/h3>\n<\/div><\/div>\n\n\n\n<div class=\"wp-block-media-text alignwide is-stacked-on-mobile\"><figure class=\"wp-block-media-text__media\"><img loading=\"lazy\" decoding=\"async\" width=\"560\" height=\"420\" src=\"http:\/\/galaxy.agh.edu.pl\/~zmok\/wp-content\/uploads\/2021\/04\/Nowa_geometria_orto.gif\" alt=\"\" class=\"wp-image-549 size-full\"\/><\/figure><div class=\"wp-block-media-text__content\">\n<h3 class=\"wp-block-heading\" id=\"metoda-elementow-skonczonych-mes\"><a href=\"http:\/\/galaxy.agh.edu.pl\/~zmok\/strona-glowna\/ciekawostki\/fem\/\" data-type=\"page\" data-id=\"547\"><strong>Finite Element Method (FEM)<\/strong><\/a><\/h3>\n<\/div><\/div>\n\n\n\n<div class=\"wp-block-media-text alignwide is-stacked-on-mobile\"><figure class=\"wp-block-media-text__media\"><img loading=\"lazy\" decoding=\"async\" width=\"640\" height=\"480\" src=\"http:\/\/galaxy.agh.edu.pl\/~zmok\/wp-content\/uploads\/2021\/09\/cyklon_exp_d3_9.gif\" alt=\"\" class=\"wp-image-632 size-full\"\/><\/figure><div class=\"wp-block-media-text__content\">\n<h3 class=\"wp-block-heading\" id=\"discrete-phase-model\"><a href=\"http:\/\/galaxy.agh.edu.pl\/~zmok\/strona-glowna\/ciekawostki\/dpm\/\" data-type=\"page\" data-id=\"611\"><strong>Discrete Phase Model<\/strong><\/a><\/h3>\n<\/div><\/div>\n\n\n\n<div class=\"wp-block-media-text alignwide is-stacked-on-mobile\"><figure class=\"wp-block-media-text__media\"><img loading=\"lazy\" decoding=\"async\" width=\"1024\" height=\"473\" src=\"http:\/\/galaxy.agh.edu.pl\/~zmok\/wp-content\/uploads\/2021\/11\/dwuteownik_1-1024x473.png\" alt=\"\" class=\"wp-image-680 size-full\" srcset=\"https:\/\/galaxy.agh.edu.pl\/~zmok\/wp-content\/uploads\/2021\/11\/dwuteownik_1-1024x473.png 1024w, https:\/\/galaxy.agh.edu.pl\/~zmok\/wp-content\/uploads\/2021\/11\/dwuteownik_1-300x138.png 300w, https:\/\/galaxy.agh.edu.pl\/~zmok\/wp-content\/uploads\/2021\/11\/dwuteownik_1-768x355.png 768w, https:\/\/galaxy.agh.edu.pl\/~zmok\/wp-content\/uploads\/2021\/11\/dwuteownik_1-18x8.png 18w, https:\/\/galaxy.agh.edu.pl\/~zmok\/wp-content\/uploads\/2021\/11\/dwuteownik_1.png 1263w\" sizes=\"auto, (max-width: 1024px) 100vw, 1024px\" \/><\/figure><div class=\"wp-block-media-text__content\">\n<h3 class=\"wp-block-heading\" id=\"solidworks-simulations\"><a href=\"http:\/\/galaxy.agh.edu.pl\/~zmok\/strona-glowna\/ciekawostki\/solidworks-1\/\" data-type=\"page\" data-id=\"678\"><strong>SolidWorks &#8211; Simulations<\/strong><\/a><\/h3>\n<\/div><\/div>\n\n\n\n<div class=\"wp-block-media-text alignwide is-stacked-on-mobile\"><figure class=\"wp-block-media-text__media\"><img loading=\"lazy\" decoding=\"async\" width=\"681\" height=\"353\" src=\"http:\/\/galaxy.agh.edu.pl\/~zmok\/wp-content\/uploads\/2022\/02\/Chemkin_ReactionsPath1-e1645101972382.png\" alt=\"\" class=\"wp-image-697 size-full\" srcset=\"https:\/\/galaxy.agh.edu.pl\/~zmok\/wp-content\/uploads\/2022\/02\/Chemkin_ReactionsPath1-e1645101972382.png 681w, https:\/\/galaxy.agh.edu.pl\/~zmok\/wp-content\/uploads\/2022\/02\/Chemkin_ReactionsPath1-e1645101972382-300x156.png 300w, https:\/\/galaxy.agh.edu.pl\/~zmok\/wp-content\/uploads\/2022\/02\/Chemkin_ReactionsPath1-e1645101972382-18x9.png 18w\" sizes=\"auto, (max-width: 681px) 100vw, 681px\" \/><\/figure><div class=\"wp-block-media-text__content\">\n<h3 class=\"wp-block-heading\" id=\"ansys-chemkin-pro-symulacja-samozaplonu\"><a href=\"http:\/\/galaxy.agh.edu.pl\/~zmok\/strona-glowna\/ciekawostki\/ansys-chemkin-pro-symulacja-samozaplonu\/\" data-type=\"page\" data-id=\"692\"><strong>ANSYS CHEMKIN-Pro \u2013 symulacja samozap\u0142onu<\/strong><\/a><\/h3>\n<\/div><\/div>","protected":false},"excerpt":{"rendered":"<p>Ciekawostki Naukowo-numeryczne rozmaito\u015bci Konwekcja i dyfuzja w CFD Algorytmy heurystyczne i funkcje testowe Metoda Element\u00f3w Sko\u0144czonych MES Discrete Phase Model<\/p>","protected":false},"author":1,"featured_media":0,"parent":141,"menu_order":7,"comment_status":"closed","ping_status":"closed","template":"","meta":{"_uag_custom_page_level_css":"","footnotes":""},"class_list":["post-521","page","type-page","status-publish","hentry"],"uagb_featured_image_src":{"full":false,"thumbnail":false,"medium":false,"medium_large":false,"large":false,"1536x1536":false,"2048x2048":false,"trp-custom-language-flag":false,"colormag-highlighted-post":false,"colormag-featured-post-medium":false,"colormag-featured-post-small":false,"colormag-featured-image":false},"uagb_author_info":{"display_name":"Mieszko Tokarski","author_link":"https:\/\/galaxy.agh.edu.pl\/~zmok\/en\/author\/mieszko-tokarski\/"},"uagb_comment_info":0,"uagb_excerpt":"Ciekawostki Naukowo-numeryczne rozmaito\u015bci Konwekcja i dyfuzja w CFD Algorytmy heurystyczne i funkcje testowe Metoda Element\u00f3w Sko\u0144czonych MES Discrete Phase Model","_links":{"self":[{"href":"https:\/\/galaxy.agh.edu.pl\/~zmok\/en\/wp-json\/wp\/v2\/pages\/521","targetHints":{"allow":["GET"]}}],"collection":[{"href":"https:\/\/galaxy.agh.edu.pl\/~zmok\/en\/wp-json\/wp\/v2\/pages"}],"about":[{"href":"https:\/\/galaxy.agh.edu.pl\/~zmok\/en\/wp-json\/wp\/v2\/types\/page"}],"author":[{"embeddable":true,"href":"https:\/\/galaxy.agh.edu.pl\/~zmok\/en\/wp-json\/wp\/v2\/users\/1"}],"replies":[{"embeddable":true,"href":"https:\/\/galaxy.agh.edu.pl\/~zmok\/en\/wp-json\/wp\/v2\/comments?post=521"}],"version-history":[{"count":23,"href":"https:\/\/galaxy.agh.edu.pl\/~zmok\/en\/wp-json\/wp\/v2\/pages\/521\/revisions"}],"predecessor-version":[{"id":706,"href":"https:\/\/galaxy.agh.edu.pl\/~zmok\/en\/wp-json\/wp\/v2\/pages\/521\/revisions\/706"}],"up":[{"embeddable":true,"href":"https:\/\/galaxy.agh.edu.pl\/~zmok\/en\/wp-json\/wp\/v2\/pages\/141"}],"wp:attachment":[{"href":"https:\/\/galaxy.agh.edu.pl\/~zmok\/en\/wp-json\/wp\/v2\/media?parent=521"}],"curies":[{"name":"wp","href":"https:\/\/api.w.org\/{rel}","templated":true}]}}