{"id":338,"date":"2021-03-02T12:08:15","date_gmt":"2021-03-02T11:08:15","guid":{"rendered":"http:\/\/galaxy.agh.edu.pl\/~zmok\/?page_id=338"},"modified":"2021-03-19T11:40:21","modified_gmt":"2021-03-19T10:40:21","slug":"oferta","status":"publish","type":"page","link":"https:\/\/galaxy.agh.edu.pl\/~zmok\/en\/strona-glowna\/oferta\/","title":{"rendered":"Offer"},"content":{"rendered":"<p>A contemporary engineer will almost certainly work in advanced engineering software. A good knowledge of a wide range of engineering software for design and computational purposes can be priceless during professional career. That is why it is good for students to get acquainted with the software they can work on. We willingly share our knowledge and experience during any courses or didactic classes.<\/p>\n\n\n\n<div class=\"wp-block-media-text alignwide is-stacked-on-mobile\"><figure class=\"wp-block-media-text__media\"><img loading=\"lazy\" decoding=\"async\" width=\"560\" height=\"420\" src=\"http:\/\/galaxy.agh.edu.pl\/~zmok\/wp-content\/uploads\/2021\/03\/Transient_hf_const_colorbar.gif\" alt=\"\" class=\"wp-image-340 size-full\"\/><\/figure><div class=\"wp-block-media-text__content\">\n<p>Our offer covers:<\/p>\n\n\n\n<ul class=\"wp-block-list\"><li>Simcenter Star CCM+, <\/li><li>Tecplot 360, <\/li><li>MiniTAB, <\/li><li>OriginLab Pro, <\/li><li>Ansys, <ul><li>Fluent,<\/li><li>Mechanical.<\/li><\/ul><\/li><li>NIST FDS,<\/li><li>MATLab,<\/li><li>PYTHON,<\/li><li>EES,<\/li><li>CHEMKIN,<\/li><li>Creo ProEngineer.<\/li><\/ul>\n<\/div><\/div>\n\n\n\n<p>In addition to working with engineering software, we can also support future engineers with knowledge in the field of:<\/p>\n\n\n\n<ul class=\"wp-block-list\"><li>combustion and its modeling,<\/li><li>finite element method, <\/li><li>metoda obj\u0119to\u015bci sko\u0144czonych, <\/li><li>metoda r\u00f3\u017cnic sko\u0144czonych,<\/li><li>Fluent UDF development,<\/li><li>VBA,<\/li><li>Pythona,<\/li><li>inverse problems,<\/li><li>modelowania system\u00f3w oczyszczania spalin z katalizatorami (after-treatment),<\/li><li>heuristic and optimisation algorithms.<\/li><\/ul>\n\n\n\n<p>There is also the possibility of writing bachelor's and master's theses under our watchful eye. Also PhD is possible.<\/p>\n\n\n\n<p>Interested? Contact us!<\/p>","protected":false},"excerpt":{"rendered":"<p>Wsp\u00f3\u0142czesnemu in\u017cynierowi-projektantowi prawie na pewno przyjdzie pracowa\u0107 w zaawansowanym oprogramowaniu in\u017cynierskim. Dlatego dobrze, \u017ceby studenci ju\u017c w czasie studi\u00f3w zetkn\u0119li<\/p>","protected":false},"author":1,"featured_media":342,"parent":141,"menu_order":5,"comment_status":"closed","ping_status":"closed","template":"","meta":{"_uag_custom_page_level_css":"","footnotes":""},"class_list":["post-338","page","type-page","status-publish","has-post-thumbnail","hentry"],"uagb_featured_image_src":{"full":["https:\/\/galaxy.agh.edu.pl\/~zmok\/wp-content\/uploads\/2021\/03\/pl_oferta724x76.png",724,76,false],"thumbnail":["https:\/\/galaxy.agh.edu.pl\/~zmok\/wp-content\/uploads\/2021\/03\/pl_oferta724x76-150x76.png",150,76,true],"medium":["https:\/\/galaxy.agh.edu.pl\/~zmok\/wp-content\/uploads\/2021\/03\/pl_oferta724x76-300x31.png",300,31,true],"medium_large":["https:\/\/galaxy.agh.edu.pl\/~zmok\/wp-content\/uploads\/2021\/03\/pl_oferta724x76.png",724,76,false],"large":["https:\/\/galaxy.agh.edu.pl\/~zmok\/wp-content\/uploads\/2021\/03\/pl_oferta724x76.png",724,76,false],"1536x1536":["https:\/\/galaxy.agh.edu.pl\/~zmok\/wp-content\/uploads\/2021\/03\/pl_oferta724x76.png",724,76,false],"2048x2048":["https:\/\/galaxy.agh.edu.pl\/~zmok\/wp-content\/uploads\/2021\/03\/pl_oferta724x76.png",724,76,false],"trp-custom-language-flag":["https:\/\/galaxy.agh.edu.pl\/~zmok\/wp-content\/uploads\/2021\/03\/pl_oferta724x76-16x2.png",16,2,true],"colormag-highlighted-post":["https:\/\/galaxy.agh.edu.pl\/~zmok\/wp-content\/uploads\/2021\/03\/pl_oferta724x76-392x76.png",392,76,true],"colormag-featured-post-medium":["https:\/\/galaxy.agh.edu.pl\/~zmok\/wp-content\/uploads\/2021\/03\/pl_oferta724x76-390x76.png",390,76,true],"colormag-featured-post-small":["https:\/\/galaxy.agh.edu.pl\/~zmok\/wp-content\/uploads\/2021\/03\/pl_oferta724x76-130x76.png",130,76,true],"colormag-featured-image":["https:\/\/galaxy.agh.edu.pl\/~zmok\/wp-content\/uploads\/2021\/03\/pl_oferta724x76.png",724,76,false]},"uagb_author_info":{"display_name":"Mieszko Tokarski","author_link":"https:\/\/galaxy.agh.edu.pl\/~zmok\/en\/author\/mieszko-tokarski\/"},"uagb_comment_info":0,"uagb_excerpt":"Wsp\u00f3\u0142czesnemu in\u017cynierowi-projektantowi prawie na pewno przyjdzie pracowa\u0107 w zaawansowanym oprogramowaniu in\u017cynierskim. Dlatego dobrze, \u017ceby studenci ju\u017c w czasie studi\u00f3w zetkn\u0119li","_links":{"self":[{"href":"https:\/\/galaxy.agh.edu.pl\/~zmok\/en\/wp-json\/wp\/v2\/pages\/338","targetHints":{"allow":["GET"]}}],"collection":[{"href":"https:\/\/galaxy.agh.edu.pl\/~zmok\/en\/wp-json\/wp\/v2\/pages"}],"about":[{"href":"https:\/\/galaxy.agh.edu.pl\/~zmok\/en\/wp-json\/wp\/v2\/types\/page"}],"author":[{"embeddable":true,"href":"https:\/\/galaxy.agh.edu.pl\/~zmok\/en\/wp-json\/wp\/v2\/users\/1"}],"replies":[{"embeddable":true,"href":"https:\/\/galaxy.agh.edu.pl\/~zmok\/en\/wp-json\/wp\/v2\/comments?post=338"}],"version-history":[{"count":7,"href":"https:\/\/galaxy.agh.edu.pl\/~zmok\/en\/wp-json\/wp\/v2\/pages\/338\/revisions"}],"predecessor-version":[{"id":456,"href":"https:\/\/galaxy.agh.edu.pl\/~zmok\/en\/wp-json\/wp\/v2\/pages\/338\/revisions\/456"}],"up":[{"embeddable":true,"href":"https:\/\/galaxy.agh.edu.pl\/~zmok\/en\/wp-json\/wp\/v2\/pages\/141"}],"wp:featuredmedia":[{"embeddable":true,"href":"https:\/\/galaxy.agh.edu.pl\/~zmok\/en\/wp-json\/wp\/v2\/media\/342"}],"wp:attachment":[{"href":"https:\/\/galaxy.agh.edu.pl\/~zmok\/en\/wp-json\/wp\/v2\/media?parent=338"}],"curies":[{"name":"wp","href":"https:\/\/api.w.org\/{rel}","templated":true}]}}