{"id":26,"date":"2013-12-11T14:55:53","date_gmt":"2013-12-11T13:55:53","guid":{"rendered":"http:\/\/galaxy.agh.edu.pl\/~sedziwy\/wordpress\/?page_id=26"},"modified":"2022-09-08T18:34:44","modified_gmt":"2022-09-08T16:34:44","slug":"publications","status":"publish","type":"page","link":"https:\/\/galaxy.agh.edu.pl\/~sedziwy\/wordpress\/?page_id=26","title":{"rendered":"Publications"},"content":{"rendered":"<p>BibTeX citations for most of my articles can be <a href=\"http:\/\/galaxy.agh.edu.pl\/~sedziwy\/wordpress\/?page_id=957\">found here<\/a><\/p>\n<h2>2022<\/h2>\n<p>74. Adam S\u0119dziwy, Leszek Kotulski, <em>Statistical Analysis of the Crosswalk Lighting Design Correctness<\/em>, Applied Sciences, (<strong>IF 2.838<\/strong>)<\/p>\n<p>73. \u00a0Igor Wojnicki; Adam S\u0119dziwy; Sebastian Ernst; Kotulski Leszek; Artur Basiura, <em>R\u00f3wnoleg\u0142e transformacje grafowe \u2013 podstawy formalne i zastosowania, <\/em>Nauka \u2013 technika \u2013 technologia: seria wydawnicza AGH. T. 5<\/p>\n<h2>2021<\/h2>\n<p>72. Artur Basiura; Adam S\u0119dziwy; Konrad Komnata, <em>Similarity and Conformity Graphs in Lighting Optimization and Assessment, <\/em>Lecture Notes in Computer Science book series (LNCS,volume 12745)<\/p>\n<p>71. Sebastian Ernst, Leszek Kotulski, Tomasz Lerch, Micha\u0142 Rad, Adam S\u0119dziwy, Igor Wojnicki, <em>Application of Reactive Power Compensation Algorithm for Large-scale Street Lighting<\/em>, (to be published in Journal of Computational Science, <strong>IF 2.644<\/strong>)<\/p>\n<h2>2020<\/h2>\n<p>70. Sebastian Ernst, Leszek Kotulski, Tomasz Lerch, Micha\u0142 Rad, Adam S\u0119dziwy, Igor Wojnicki, <em>Calculating Reactive Power Compensation for Large-scale Street Lighting<\/em>, (to be published in LNCS)<\/p>\n<p>69. Adam S\u0119dziwy, Leszek Kotulski, <em>Graph-based Optimization of Public Lighting Retrofit<\/em>, (to be published in LNCS)<\/p>\n<h2>2019<\/h2>\n<p>68.\u00a0A. Pe\u00f1a-Garc\u00eda, A. S\u0119dziwy, <em>Optimizing lighting of rural roads and protected areas with white light: a compromise among light pollution, energy saving and visibility<\/em>,\u00a0(to be published in LEUKOS) <strong>[JCR]<\/strong><\/p>\n<p>67.\u00a0Adam S\u0119dziwy, Leszek Kotulski and Artur Basiura, <em>Multi-Agent Support For Street Lighting Modernization Planning<\/em>, Lecture Notes in Computer Science book series (LNAI,volume 11431)<\/p>\n<h2>2018<\/h2>\n<p>66.\u00a0Adam S\u0119dziwy, Igor Wojnicki,\u00a0Artur Basiura, <em>Roadway lighting retrofit: environmental and economic impact of\u00a0\u00a0<\/em><em>greenhouse gases footprint reduction,Sustainability 2018, 10(11), 3925; https:\/\/doi.org\/10.3390\/su10113925\u00a0<\/em><strong>[JCR]<\/strong><\/p>\n<p>65.\u00a0Adam S\u0119dziwy, Leszek Kotulski, Sebastian Ernst and Igor Wojnicki,\u00a0<em>Control driven lighting design for large-scale installations<\/em>,\u00a0ICCS 2018, LNCS vol. 10862, 691&#8211;700<\/p>\n<h2>2017<\/h2>\n<p>64.\u00a0Adam S\u0119dziwy, Leszek Kotulski,\u00a0<em>Using a multi-agent system for overcoming flickering effect in distributed large-scale customized lighting design<\/em>, <span class=\"il\">ACIIDS<\/span>\u00a0<span class=\"il\">2018<\/span>, Part I, LNAI 10751<\/p>\n<p>63. I. Wojnicki, L. Kotulski,\u00a0A. S\u0119dziwy,\u00a0S. Ernst, \u00a0<em>Application of Distributed Graph Transformations to Automated Generation of Control Patterns for Intelligent Lighting Systems<\/em>,\u00a0Journal of Computational Science, 2017 (To be published in Journal of Computational Science by Elsevier)\u00a0<strong>[JCR]<\/strong><\/p>\n<p>62.\u00a0\u00a0Adam S\u0119dziwy, Artur Basiura, <em>Energy Reduction in Roadway Lighting Achieved with Novel Design Approach and LEDs<\/em>, \u00a0LEUKOS,\u00a0http:\/\/dx.doi.org\/10.1080\/15502724.2017.1330155\u00a0<strong>[JCR]<\/strong><\/p>\n<p>61. Leszek Kotulski, Adam S\u0119dziwy, Barbara Strug, Igor Wojnicki, Sebastian Ernst, <em>Synchronization methods in graph-based knowledge representation for large-scale design process<\/em>, przyj\u0119te do International Journal of Design Engineering , 2017<\/p>\n<p>60.\u00a0Adam S\u0119dziwy, Leszek Kotulski, Artur Basiura,\u00a0<em>Enhancing Energy Efficiency of Adaptive Lighting Control<\/em>, Lecture Notes in Computer Science, vol 10192. Springer<\/p>\n<h2>2016<\/h2>\n<p>59.\u00a0Adam S\u0119dziwy,\u00a0<em>Grafowe \u015brodowisko obliczeniowe dla oblicze\u0144 r\u00f3wnoleg\u0142ych i jego zastosowanie w problemie projektowania o\u015bwietlenia<\/em>, monografia, ISBN 978-83-7464-854-7, Wydawnictwa AGH, 2016<\/p>\n<p>58.\u00a0Adam S\u0119dziwy, Leszek Kotulski,<em> Towards highly energy-efficient roadway lighting, <\/em>Energies 2016, 9(4), 263; doi: 10.3390\/en9040263<\/p>\n<p>57.\u00a0Leszek Kotulski, Adam S\u0119dziwy and Barbara Strug,\u00a0<em>On \u00a0cooperation in multi-agent system, based on heterogeneous knowledge representation<\/em>, przyj\u0119te do LNCS<\/p>\n<p>56.\u00a0Adam S\u0119dziwy, Leszek Kotulski,<em>\u00a0Multi-agent system supporting automated GIS-based photometric computations<\/em>, przyj\u0119te do\u00a0Procedia Computer Science<\/p>\n<p>55.\u00a0Adam S\u0119dziwy, Leszek Kotulski,<em>\u00a0Multi-agent system supporting automated large-scale photometric\u00a0computations<\/em>,\u00a0Entropy, 2016, <i>18<\/i>(3), 76; doi: 10.3390\/e18030076<\/p>\n<h2>2015<\/h2>\n<p>54.\u00a0Adam S\u0119dziwy,\u00a0<em>Sustainable Street Lighting Design Supported By Hypergraph-Based\u00a0Computational Model,<\/em>Sustainability\u00a02016,\u00a08(1), 13; doi:<a href=\"http:\/\/dx.doi.org\/10.3390\/su8010013\">10.3390\/su8010013<\/a><\/p>\n<p>53. Adam S\u0119dziwy,\u00a0<em>A New Approach To Street Lighting Design<\/em>, LEUKOS: The Journal of the Illuminating Engineering Society of North America, \u00a012(3),\u00a0Taylor and Francis, 2016 (DOI:10.1080\/15502724.2015.1080122)<\/p>\n<p>52. Radoslaw <span class=\"il\">Klimek<\/span>, Leszek <span class=\"il\">Kotulski<\/span> and Adam Sedziwy, <em>Behavioural patterns from cellular data streams and outdoor lighting as strong allies for smart urban ecosystems<\/em>, \u00a0to be published by\u00a0IOS Press<\/p>\n<p>51.\u00a0Leszek Kotulski, Adam S\u0119dziwy and Barbara Strug,\u00a0<em>Conditional Synchronization in Multi-Agent Graph-Based Knowledge Systems<\/em>, Procedia Computer Science, Volume 51, 2015, Pages 1043\u20131051<\/p>\n<p>50.\u00a0Adam S\u0119dziwy, Leszek Kotulski,\u00a0<em>A New Approach to Power Consumption Reduction of Street Lighting<\/em>, Proceedings of the 4th International Conference on Smart Cities and Green ICT Systems, 283-287, 2015, Lisbon, Portugal<\/p>\n<p>49. Adam S\u0119dziwy, Leszek Kotulski, <em>Graph-based Optimization of Energy Efficiency of Street Lighting<\/em>, <span class=\"vol-info\">Volume 9120 of the series Lecture Notes in Computer Science,<\/span><span class=\"page-numbers-info\"> pp 515-526<\/span><\/p>\n<p>48.\u00a0Igor Wojnicki, Leszek Kotulski, Sebastian Ernst, Adam S\u0119dziwy, Barbara Strug.\u00a0<em>A Two-Level Agent Environment for Intelligent Lighting Control<\/em>. Accepted to \u00a0International Journal of Materials and Product Technology , vol.53, 2016 (ISSN print: 0268-1900)<\/p>\n<h1><span style=\"font-size: 30px; line-height: 1.3;\">2014<\/span><\/h1>\n<p>47.\u00a0\u00a0L. KOTULSKI, A. S\u0118DZIWY, B. STRUG,\u00a0<em>Translation of graph-based knowledge representation in multi-agent system<\/em>, accepted to\u00a0Elsevier Procedia CS<\/p>\n<p>46.\u00a0 \u00a0L. KOTULSKI, A. S\u0118DZIWY, B. STRUG, <em>Problem of Agents Cooperation in Heterogeneous Graph-based Knowledge Environment<\/em>,\u00a0Artificial Intelligence and Soft Computing, \u00a0<span class=\"vol-info\">Volume 8468 of the series Lecture Notes in Computer Science<\/span><span class=\"page-numbers-info\"> pp 269-277<\/span><\/p>\n<div>\n<p>45. A.S\u0118DZIWY,\u00a0<em>Effective Graph Representation Supporting Multi-agent Distributed Computing<\/em>, International Journal of Innovative Computing, Information and Control, Vo.10, No. 1, February 2014<\/p>\n<\/div>\n<h2><a id=\"section2013\" name=\"section2013\"><\/a>2013<\/h2>\n<div>\n<p>44.\u00a0Leszek Kotulski, Jeroen De Landtsheer, Sven Penninck, Adam S\u0119dziwy, Igor Wojnicki,\u00a0<em>Supporting energy efficiency optimization in lighting design process,<\/em>\u00a0Proc. of\u00a012th European Lighting Conference,\u00a0LUX EUROPA 2013<\/p>\n<p>43. L. KOTULSKI, A. S\u0118DZIWY, B. STRUG,\u00a0<em>Coordination Of Design Processes In Two Perspectives Of Computer Aided Design<\/em>\u00a0accepted to ADM 2013<\/p>\n<p>42. L. KOTULSKI, A. S\u0118DZIWY, B. STRUG,\u00a0<em>Synchronization Mechanism for Graph Grammar Based Design<\/em>,\u00a0\u00a0Proc. 20<sup>th<\/sup>\u00a0International Workshop on Intelligent Computing in Engineering\u00a0(European Group for Intelligent Computing in Engineering), Vienna 2013<\/p>\n<p>41. I. WOJNICKI, A. S\u0118DZIWY, L. KOTULSKI,\u00a0<em>Outdoor Lighting Design Process Optimization<\/em>, Proc. of SMARTGREENS 2013<\/p>\n<p>40. A.S\u0118DZIWY,\u00a0<em>On acceleration of multi-agent system performance in large scale photometric computations<\/em>, przyjete do Frontiers of Artificial Intelligence and Applications, IOS Press<\/p>\n<p>39. A. S\u0118DZIWY,L. KOTULSKI,\u00a0<em>Supporting Fault Tolerance in Graph-Based Multi-Agent Computations,<\/em>\u00a0LNCS, vol. 7895, pp 397-406, Springer 2013<\/p>\n<p>38. I. WOJNICKI, S. ERNST, L. KOTULSKI, A. S\u0118DZIWY,\u00a0<em>Advanced Street Lighting Control<\/em>, przyj\u0119te do Expert Systems with Applications &#8211; Journal &#8211; Elsevier<\/p>\n<p>37. L. KOTULSKI, A. S\u0118DZIWY, B. STRUG,\u00a0<em>Heterogeneous Graph Grammars Synchronization in Computer Aided Design<\/em>, przyj\u0119te do Expert Systems with Applications &#8211; Journal &#8211; Elsevier<\/p>\n<p>36. Leszek KOTULSKI, Sebastian ERNST, Rados\u0142aw KLIMEK, Rafa\u0142 MR\u00d3WKA, Adam S\u0118DZIWY, Igor WOJNICKI.\u00a0<em>Problemy bezpiecze\u0144stwa w inteligentnych sieciach energetycznych<\/em>\u00a0(accepted to:\u00a0<em>Nowoczesne systemy \u0142\u0105czno\u015bci i transmisji danych na rzecz bezpiecze\u0144stwa. Szanse i zagro\u017cenia<\/em>, PPBW)<\/p>\n<\/div>\n<h2><a id=\"section2012\" name=\"section2012\"><\/a>2012<\/h2>\n<div>\n<p>35. Igor WOJNICKI, Adam S\u0118DZIWY, Leszek KOTULSKI,\u00a0<em>Towards AI-based Distributed Lighting Control Systems<\/em>. \u00a0Automatyka\u00a001\/2012; 16(2):189. DOI:10.7494\/automat.2012.16.2.189<\/p>\n<p>34. Adam S\u0118DZIWY, Leszek KOTULSKI,\u00a0<em>Intelligent city lighting supported by graph-based multiagent system<\/em>. Automatyka, \u00a0Vol. 17. no. 1 (2013), s. 103-114<\/p>\n<p>33. L. KOTULSKI, M. SZPYRKA, A. S\u0118DZIWY, K. GROBLER-D\u0118BSKA,\u00a0<em>On generation of composite labelled transition systems for alvis passive agents<\/em>\u00a0, The Scientific and Technical Journal \u201eRadioelectronic and Computer Systems\u201d, ISSN 1814-4225, 2012, No.7 (59), ISSN 1814-4225 Kharkiv, Ukraine,<\/p>\n<p>32. Adam S\u0118DZIWY, Leszek KOTULSKI, Marcin SZPYRKA,\u00a0<em>Formal Methods Supporting Agent Aided Smart Lighting Design<\/em>, Complex Systems and Dependability,Advances in Intelligent and Soft Computing, ed. Zamojski et al.,Springer Berlin \/ Heidelberg,ISBN 978-3-642-30661-7,pages 225-239, vol.170, 2012<\/p>\n<p>31. Adam S\u0118DZIWY, Magdalena KOZIE\u0143-WO\u0179NIAK,\u00a0<em>Computational Support for Optimizing Street Lighting Design<\/em>, Complex Systems and Dependability,Advances in Intelligent and Soft Computing, ed. Zamojski et al.,Springer Berlin \/ Heidelberg,ISBN 978-3-642-30661-7,pages 241-255, vol.170, 2012<\/p>\n<p>30. Adam S\u0118DZIWY,\u00a0<em>Representation of Objects in Agent-Based Lighting Design Problem<\/em>, Complex Systems and Dependability,Advances in Intelligent and Soft Computing, ed. Zamojski et al.,Springer Berlin \/ Heidelberg,ISBN 978-3-642-30661-7,pages 209-223, vol.170, 2012<\/p>\n<p>29. T. Szmuc, L. Kotulski, B. Wojszczyk, and A. Sedziwy,\u00a0<em>Green AGH Campus<\/em>. In Proceedings of SMARTGREENS. 2012, 159-162.<\/p>\n<p>28. Adam S\u0118DZIWY,\u00a0<em>Effective Graph Representation for Agent-Based Distributed Computing<\/em>, Lecture Notes in Computer Science, 2012, Volume 7327, Agent and Multi-Agent Systems. Technologies and Applications, Pages 638-647<\/p>\n<p>27. Leszek KOTULSKI, Adam S\u0118DZIWY,\u00a0<em>On the Effective Distribution and Maintenance of Knowledge Represented by Complementary Graphs<\/em>, Transactions on Compuational Collective Intelligence VI, LNCS, vol.7190, ed. Nguyen, NgocThanh, Springer Berlin Heidelberg, pp.105-120, 2012<\/p>\n<\/div>\n<h2><a id=\"section2011\" name=\"section2011\"><\/a>2011<\/h2>\n<div>\n<p>26. Leszek KOTULSKI, Adam S\u0118DZIWY,\u00a0<em>Algorytm scalania diagram\u00f3w stanu w modelowaniu system\u00f3w wbudowanych<\/em>, Automatyka : p\u00f3\u0142rocznik Akademii G\u00f3rniczo-Hutniczej im. Stanis\u0142awa Staszica w Krakowie ; ISSN 1429-3447. 2011 t. 15 z. 3 s. 377\u2013388<\/p>\n<p>25. Leszek KOTULSKI, Adam S\u0118DZIWY,\u00a0<em>Inter-agent communication protocol supporting distributed graph transformations<\/em>, Problems of dependability and modelling, eds. Jacek Mazurkiewicz, et al.. Wroc\u0142aw : Oficyna Wydawnicza Politechniki Wroc\u0142awskiej, 2011. (Monographs of System Dependability ; vol. 4). ISBN 978-83-7493-612-5. S. 143\u2013156<\/p>\n<p>24. Leszek KOTULSKI, Marcin SZPYRKA, Adam S\u0118DZIWY,\u00a0<em>Labelled transition system generation from Alvis language<\/em>, Knowledge-based and intelligent information and engineering systems : 15th international conference, KES 2011: Kaiserslautern, Germany, September 12\u201314, 2011 : proceedings, Part. 1, eds. Andreas K\u00f6nig et al., Berlin- Heidelberg : Springer-Verlag, cop. 2011. (Lecture Notes in Artificial Intelligence \/ eds. Randy Goebel, Yuzuru Tanaka, Wolfgang Wahlster ; ISSN 0302-9743 ; 6881). ISBN 978-3-642-23850-5. S. 180\u2013189<\/p>\n<p>23. Leszek KOTULSKI, Adam S\u0118DZIWY,\u00a0<em>Parallel graph transformations supported by replicated complementary graphs<\/em>, Adaptive and natural computing algorithms: 10th International Conference, ICANNGA 2011 : Ljubljana, Slovenia, April 14\u201316, 2011 : proceedings, Pt. 2 \/ eds. Andrej Dobnikar, Uro\u0161 Lotri\u010d, Branko Ster. Berlin ; Heidelberg : Springer-Verlag, (Lecture Notes in Computer Science ; ISSN 0302-9743 ; 6594). ISBN 978-3-642-20266-7. e-ISBN 978-3-642-20267-4. S. 254\u2013264<\/p>\n<p>22. S\u0118DZIWY Adam, KOTULSKI Leszek,\u00a0<em>Solving large-scale multipoint lighting design problem using multi-agent environment<\/em>, Key Engineering Materials ; ISSN 1013-9826. 2011 vol. 486\u00a0<acronym title=\"specification\">spec<\/acronym>. iss. s. 179\u2013182. Bibliogr. s. 182, Advanced design and manufacture IV \/ guest eds. Daizhong Su, Kai Xue, Shifan Zhu<\/p>\n<p>21. Adam S\u0118DZIWY,\u00a0<em>Transformacja danych GIS do reprezentacji grafowej dla przetwarzania agentowego<\/em>\u00a0, Automatyka : p\u00f3\u0142rocznik Akademii G\u00f3rniczo-Hutniczej im. Stanis\u0142awa Staszica w Krakowie ; ISSN 1429-3447. 2011 t. 15 z. 3 s. 475\u2013483<\/p>\n<p>20. Adam S\u0118DZIWY,\u00a0<em>Wyznaczanie optymalnego o\u015bwietlenia wspomagane metodami formalnymi<\/em>, PAR Pomiary Automatyka Robotyka ; ISSN 1427-9126. 2011 R. 15 nr 12 s. 135\u2013136<\/p>\n<\/div>\n<h2><a id=\"section2010\" name=\"section2010\"><\/a>2010<\/h2>\n<div>\n<p>19. Leszek KOTULSKI, Adam S\u0118DZIWY,\u00a0<em>GRADIS \u2013 the multiagent environment supported by graph transformations<\/em>, Simulation Modelling Practice and Theory : international journal of the Federation of European Simulation Societies ; ISSN 1569-190X. 2010 vol. 18 iss. 10\u00a0<acronym title=\"specification\">spec<\/acronym>. iss.: Simulation-based design and evaluation of multi-agent systems s. 1515\u20131525<\/p>\n<p>18. Leszek KOTULSKI, Adam S\u0118DZIWY,\u00a0<em>On the effective distribution of knowledge represented by complementary graphs<\/em>, Agent and Multi-agent Systems: Technologies and Applications : 4th KES international symposium : KES-AMSTA 2010 : Gdynia, Poland, June 23\u201325, 2010 : proceedings, Pt. 1 \/ eds. Piotr J\u0119drzejowicz et al.. Berlin ; Heidelberg : Springer-Verlag, cop. 2010. (Lecture Notes in Computer Science. Lecture Notes in Artificial Intelligence ; ISSN 0302-9743 ; 6070). ISBN-10 3-642-13479-3 ; ISBN-13 978-3-642-13479-1. S. 381\u2013390<\/p>\n<p>17. Leszek KOTULSKI, Adam S\u0118DZIWY,\u00a0<em>Parallel graph transformations with double pushout grammars<\/em>, Artificial Intelligence and Soft Computing : 10th International Conference, ICAISC 2010 : Zakopane, Poland, June 13\u201317, 2010, Pt. 2 \/ eds. Leszek Rutkowski et al.. Berlin ; Heidelberg : Springer-Verlag, cop. 2010. (Lecture Notes in Computer Science. Lecture Notes in Artificial Intelligence ; ISSN 0302-9743 ; 6114). ISBN-10 3-642-13231-6 ; ISBN-13 978-3-642-13231-5. S. 280\u2013288<\/p>\n<p>16. Adam S\u0118DZIWY,\u00a0<em>\u015arodowisko agentowe w syntaktycznym rozpoznawaniu obraz\u00f3w<\/em>, Automatyka : p\u00f3\u0142rocznik Akademii G\u00f3rniczo-Hutniczej im. Stanis\u0142awa Staszica w Krakowie ; ISSN 1429-3447. 2010 t. 14 z. 3\/1 s. 373\u2013381<\/p>\n<\/div>\n<h2><a id=\"section2009\" name=\"section2009\"><\/a>2009<\/h2>\n<div>\n<p>15. Leszek KOTULSKI, Adam S\u0118DZIWY,\u00a0<em>On Complexity of Coordination of Parallel Graph Transformations in GRADIS Framework<\/em>, Dependability of Computer Systems, International Conference on, pp. 279-289, 2009 Fourth International Conference on Dependability of Computer Systems, 2009<img decoding=\"async\" src=\"http:\/\/galaxy.agh.edu.pl\/~sedziwy\/wiki\/lib\/images\/smileys\/fixme.gif\" alt=\"FIXME\" \/><\/p>\n<p>14. Adam S\u0118DZIWY,\u00a0<em>Collective agent strategies in the GRADIS environment<\/em>, Automatyka : p\u00f3\u0142rocznik Akademii G\u00f3rniczo-Hutniczej im. Stanis\u0142awa Staszica w Krakowie ; ISSN 1429-3447. 2009 t. 13 z. 3 [cz.] 1 s. 987\u2013994<\/p>\n<p>13. Leszek KOTULSKI, Adam S\u0118DZIWY,\u00a0<em>Structural approach to the designing of the complementary graphs in the GRADIS agent framework<\/em>, Recent advances in Intelligent Information Systems \/ eds. Mieczys\u0142aw A. K\u0142opotek et al. ; Polish Academy of Sciences. Institute of Computer Science. Warsaw : Academic Publishing House EXIT, 2009. (Challenging Problems of Science. Computer Science \/ ed.: Leonard Bolc). ISBN 978-83-60434-59-8. S. 521\u2013529<\/p>\n<p>12. Leszek KOTULSKI, Adam S\u0118DZIWY,\u00a0<em>Zastosowanie gramatyk grafowych typu double pushout w \u015brodowisku GRADIS<\/em>\u00a0, Automatyka : p\u00f3\u0142rocznik Akademii G\u00f3rniczo-Hutniczej im. Stanis\u0142awa Staszica w Krakowie ; ISSN 1429-3447. 2009 t. 13 z. 3 [cz.] 1 s. 911\u2013920<\/p>\n<\/div>\n<h2><a id=\"section2008\" name=\"section2008\"><\/a>2008<\/h2>\n<div>\n<p>11. Leszek KOTULSKI, Adam S\u0118DZIWY,\u00a0<em>Agent framework for decomposing a graph into the equally sized subgraphs<\/em>\u00a0, WORLDCOMP&#8217;08 &#8211; Proceedings of the 2008 international conference on Foundations of Computer Science ; the 2008 world congress in computer science computer engineering and applied computing : July 14\u201317, 2008 Las Vegas, Nevada, USA. eds. Hamid R. Arabnia, Youngsong Mun, Pei Li Zhou. U. S. A. : CSREA Press, cop. 2008. ISBN: 1-60132-066-3. S. 245\u2013250.<\/p>\n<p>10. Leszek KOTULSKI, Adam S\u0118DZIWY,\u00a0<em>Derivation Control Environment as a tool for an efficient distributed graph transformations coordination<\/em>, ISPDC 2008 :proceedings of the 7th International Symposium on Parallel and Distributed Computing : 1\u20135 July 3008, Krakow, Poland \/ eds. Marek Tudruj. Los Alamitos, California ; Washington ; Tokyo : CPS Conference Publishing Services, IEEE Computer Society, cop. 2008. ISBN 978-0-7695-3472-5. S. 171\u2013178<\/p>\n<p>9. Leszek KOTULSKI, Adam S\u0118DZIWY,\u00a0<em>Stochastyczne metody generacji\u00a0<acronym title=\"Internet Explorer\">IE<\/acronym>-graf\u00f3w<\/em>, Automatyka : p\u00f3\u0142rocznik Akademii G\u00f3rniczo-Hutniczej im. Stanis\u0142awa Staszica w Krakowie ; ISSN 1429-3447. 2008 t. 12 z. 3 s. 853\u2013861<\/p>\n<p>8. Leszek KOTULSKI, Adam S\u0118DZIWY,\u00a0<em>Various agent strategies in the graph partioninig optimization in the GRADIS framework<\/em>, Information systems architecture and technology : models of the organisation&#8217;s risk management \/ eds. Zofia Wilimowska et al. ; Wroc\u0142aw University of Technology. Wroc\u0142aw : Oficyna Wydawnicza Politechniki Wroc\u0142awskiej, 2008. (Biblioteka Informatyki Szk\u00f3\u0142 Wy\u017cszych). ISBN 978-83-7493-413-8. S. 269\u2013279<\/p>\n<\/div>\n<h2><a id=\"section2006\" name=\"section2006\"><\/a>2006<\/h2>\n<div>\n<p>7. Adam S\u0118DZIWY,\u00a0<em>Automated assessment of wound size in foot complications related to diabetes<\/em>, Artificial Intelligence and Soft Computing : [ICAISC&#8217;2006 : 8th conference: Zakopane, June 25\u201329, 2006] \/ eds. Andrzej Cader, Leszek Rutkowski, Ryszard Tadeusiewicz, Jacek Zurada. Warsaw : Academic Publishing House EXIT, 2006. (Challenging Problems of Science. Computer Science \/ series ed. Leonard Bolc). S. 352\u2013358<\/p>\n<p>6. Adam S\u0118DZIWY,\u00a0<em>Procedura orientowania siatek 2D<\/em>, Automatyka : p\u00f3\u0142rocznik Akademii G\u00f3rniczo-Hutniczej im. Stanis\u0142awa Staszica w Krakowie ; ISSN 1429-3447. 2006 t. 10 z. 3 s. 265\u2013271<\/p>\n<\/div>\n<h2><a id=\"section2005\" name=\"section2005\"><\/a>2005<\/h2>\n<div>\n<p>5. Adam S\u0118DZIWY,\u00a0<em>Komputerowe wspomaganie diagnostyki w leczeniu powik\u0142a\u0144 stopy cukrzycowej<\/em>, Automatyka : p\u00f3\u0142rocznik Akademii G\u00f3rniczo-Hutniczej im. Stanis\u0142awa Staszica w Krakowie ; ISSN 1429-3447. 2005 t. 9 z. 3 s. 347\u2013352<\/p>\n<\/div>\n<h2><a id=\"section2004\" name=\"section2004\"><\/a>2004<\/h2>\n<div>\n<p>4. Adam S\u0118DZIWY,\u00a0<em>Adaptacyjny algorytm detekcji zmian chorobowych w diagnostyce obrazowej m\u00f3zgu<\/em>, Automatyka : p\u00f3\u0142rocznik Akademii G\u00f3rniczo-Hutniczej im. Stanis\u0142awa Staszica w Krakowie ; ISSN 1429-3447. 2004 t. 8 z. 3 s. 151\u2013159.<\/p>\n<\/div>\n<h2><a id=\"section2003\" name=\"section2003\"><\/a>2003<\/h2>\n<div>\n<p>3. Adam S\u0118DZIWY,\u00a0<em>Detecting Pathologies in Magnetic Resonance Images of Brain<\/em>, Image Processing &amp; Communications, Vol. 9, no. 1, pp. 53-62.<img decoding=\"async\" src=\"http:\/\/galaxy.agh.edu.pl\/~sedziwy\/wiki\/lib\/images\/smileys\/fixme.gif\" alt=\"FIXME\" \/><\/p>\n<\/div>\n<h2><a id=\"section2002\" name=\"section2002\"><\/a>2002<\/h2>\n<div>\n<p>2. Adam S\u0118DZIWY,\u00a0<em>Distorted pattern recognition and analysis with the help of<\/em>\u00a0IEf\u00a0<em>graph representation<\/em>, Computer Science, University of Mining and Metallurgy, Krak\u00f3w ; ISSN 1508-2806. 2002 vol. 4 s. 21\u201337<\/p>\n<\/div>\n<h2><a id=\"section2001\" name=\"section2001\"><\/a>2001<\/h2>\n<div>\n<p>1. Adam S\u0118DZIWY,\u00a0<em>Syntactic techiques of a qualitative and quantitative analysis of distorted patterns<\/em>, Materia\u0142y Konferencyjne, KOSYR &#8211; Komputerowe Systemy Rozpoznawania, Wroc\u0142aw 28-31.05.2001, Politechnika Wroc\u0142awska, (2001), 303-310.\u00a0<img decoding=\"async\" src=\"http:\/\/galaxy.agh.edu.pl\/~sedziwy\/wiki\/lib\/images\/smileys\/fixme.gif\" alt=\"FIXME\" \/><\/p>\n<\/div>\n","protected":false},"excerpt":{"rendered":"<p>BibTeX citations for most of my articles can be found here 2022 74. Adam S\u0119dziwy, Leszek Kotulski, Statistical Analysis of the Crosswalk Lighting Design Correctness, Applied Sciences, (IF 2.838) 73. \u00a0Igor Wojnicki; Adam S\u0119dziwy; Sebastian Ernst; Kotulski Leszek; Artur Basiura, R\u00f3wnoleg\u0142e transformacje grafowe \u2013 podstawy formalne i zastosowania, Nauka \u2013 technika \u2013 technologia: seria wydawnicza &hellip; <a href=\"https:\/\/galaxy.agh.edu.pl\/~sedziwy\/wordpress\/?page_id=26\" class=\"more-link\">Czytaj dalej <span class=\"screen-reader-text\">Publications<\/span> <span class=\"meta-nav\">&rarr;<\/span><\/a><\/p>\n","protected":false},"author":1,"featured_media":1081,"parent":0,"menu_order":0,"comment_status":"closed","ping_status":"open","template":"","meta":{"jetpack_post_was_ever_published":false,"footnotes":""},"class_list":["post-26","page","type-page","status-publish","has-post-thumbnail","hentry"],"jetpack_shortlink":"https:\/\/wp.me\/P5r0Nf-q","jetpack_sharing_enabled":true,"_links":{"self":[{"href":"https:\/\/galaxy.agh.edu.pl\/~sedziwy\/wordpress\/index.php?rest_route=\/wp\/v2\/pages\/26","targetHints":{"allow":["GET"]}}],"collection":[{"href":"https:\/\/galaxy.agh.edu.pl\/~sedziwy\/wordpress\/index.php?rest_route=\/wp\/v2\/pages"}],"about":[{"href":"https:\/\/galaxy.agh.edu.pl\/~sedziwy\/wordpress\/index.php?rest_route=\/wp\/v2\/types\/page"}],"author":[{"embeddable":true,"href":"https:\/\/galaxy.agh.edu.pl\/~sedziwy\/wordpress\/index.php?rest_route=\/wp\/v2\/users\/1"}],"replies":[{"embeddable":true,"href":"https:\/\/galaxy.agh.edu.pl\/~sedziwy\/wordpress\/index.php?rest_route=%2Fwp%2Fv2%2Fcomments&post=26"}],"version-history":[{"count":75,"href":"https:\/\/galaxy.agh.edu.pl\/~sedziwy\/wordpress\/index.php?rest_route=\/wp\/v2\/pages\/26\/revisions"}],"predecessor-version":[{"id":3189,"href":"https:\/\/galaxy.agh.edu.pl\/~sedziwy\/wordpress\/index.php?rest_route=\/wp\/v2\/pages\/26\/revisions\/3189"}],"wp:featuredmedia":[{"embeddable":true,"href":"https:\/\/galaxy.agh.edu.pl\/~sedziwy\/wordpress\/index.php?rest_route=\/wp\/v2\/media\/1081"}],"wp:attachment":[{"href":"https:\/\/galaxy.agh.edu.pl\/~sedziwy\/wordpress\/index.php?rest_route=%2Fwp%2Fv2%2Fmedia&parent=26"}],"curies":[{"name":"wp","href":"https:\/\/api.w.org\/{rel}","templated":true}]}}