{"id":217,"date":"2014-12-11T08:50:49","date_gmt":"2014-12-11T07:50:49","guid":{"rendered":"http:\/\/galaxy.agh.edu.pl\/~sedziwy\/wordpress\/?page_id=217"},"modified":"2017-11-07T10:19:27","modified_gmt":"2017-11-07T09:19:27","slug":"miscellanea","status":"publish","type":"page","link":"https:\/\/galaxy.agh.edu.pl\/~sedziwy\/wordpress\/?page_id=217","title":{"rendered":"Miscellanea"},"content":{"rendered":"<h5><a href=\"http:\/\/galaxy.agh.edu.pl\/~sedziwy\/wordpress\/?page_id=2170\"><span style=\"color: #ff6600;\">Sierra Nevada<\/span><\/a><\/h5>\n<h5><strong><a href=\"http:\/\/galaxy.agh.edu.pl\/~sedziwy\/wordpress\/?page_id=1740\">GSB+ 2017<\/a><\/strong><\/h5>\n<p><a href=\"http:\/\/www.oxytech.it\/software\/OXL.asp?LN=UK\">Format OXL<\/a>\u00a0&#8211; <span style=\"color: #003300;\"><a style=\"color: #003300;\" href=\"http:\/\/www.oxytech.it\/Files\/Doc\/Manuals\/LTS4D_OXL-UK.pdf\">Specyfikacja formatu OXL<\/a><\/span><\/p>\n<p><span style=\"color: #800080;\"><a class=\"urlextern\" style=\"color: #800080;\" title=\"http:\/\/www.helios32.com\/Eulumdat.htm\" href=\"http:\/\/www.helios32.com\/Eulumdat.htm\" target=\"_blank\" rel=\"nofollow noopener\">Specyfikacja formatu Eulumdat<\/a>\u00a0<\/span><\/p>\n<p><span style=\"color: #800080;\"><a class=\"urlextern\" style=\"color: #800080;\" title=\"http:\/\/www.citygml.org\" href=\"http:\/\/www.citygml.org\/\" target=\"_blank\" rel=\"nofollow noopener\">Virtual 3D City Models<\/a><\/span><\/p>\n<p><span style=\"color: #800080;\"><a class=\"urlextern\" style=\"color: #800080;\" title=\"http:\/\/en.wikipedia.org\/wiki\/Geography_Markup_Language\" href=\"http:\/\/en.wikipedia.org\/wiki\/Geography_Markup_Language\" target=\"_blank\" rel=\"nofollow noopener\">Standard GML<\/a><\/span><\/p>\n<p><span style=\"color: #800080;\"><a class=\"urlextern\" style=\"color: #800080;\" title=\"http:\/\/jade.tilab.com\" href=\"http:\/\/jade.tilab.com\/\" target=\"_blank\" rel=\"nofollow noopener\">Platforma agentowa JADE<\/a><\/span><\/p>\n<p><span style=\"color: #800080;\"><a class=\"urlextern\" style=\"color: #800080;\" title=\"http:\/\/www.batchgeo.com\" href=\"http:\/\/www.batchgeo.com\/\" target=\"_blank\" rel=\"nofollow noopener\">Batch Geocoding with Google Maps<\/a><\/span><\/p>\n<p><span style=\"color: #800080;\"><a class=\"urlextern\" style=\"color: #800080;\" title=\"http:\/\/sourceforge.net\/projects\/gratex\/\" href=\"http:\/\/sourceforge.net\/projects\/gratex\/\" target=\"_blank\" rel=\"nofollow noopener\">Visual Graph Builder for LaTeX TikZ\/PGF<\/a><\/span><\/p>\n<p><span style=\"color: #800080;\"><a style=\"color: #800080;\" href=\"http:\/\/www.movable-type.co.uk\/scripts\/latlong-vincenty.html\">Distances and bearings between points on an ellipsoidal-model earth<\/a><a style=\"color: #800080;\" href=\"http:\/\/www.movable-type.co.uk\/scripts\/latlong-vincenty.html\">\u00a0<\/a><\/span><\/p>\n<p><span style=\"color: #800080;\"><a style=\"color: #800080;\" href=\"https:\/\/www.sgi.com\/tech\/mlc\/db\/\" target=\"_blank\" rel=\"noopener\">Przyk\u0142adowe du\u017ce zbiory danych (np. dla testowych HD) [strona sgi.com]<\/a>\u00a0<\/span><\/p>\n<p><span style=\"color: #800080;\"><a style=\"color: #800080;\" href=\"https:\/\/www.mockaroo.com\/\" target=\"_blank\" rel=\"noopener\">Generator danych losowych r\u00f3\u017cnego typu<\/a>\u00a0<a style=\"color: #800080;\" href=\"https:\/\/www.mockaroo.com\/\">[strona mockaroo.com]<\/a><\/span><\/p>\n<p class=\"title\"><span style=\"color: #800080;\"><a style=\"color: #800080;\" href=\"https:\/\/ransenlightingandcolor.blogspot.com\/\">Ransen&#8217;s Lighting And Color Blog<\/a><\/span><\/p>\n<p><span style=\"color: #333399;\"><a style=\"color: #333399;\" href=\"https:\/\/pl.wikipedia.org\/wiki\/G%C5%82%C3%B3wny_Szlak_Beskidzki\">GSB<\/a><\/span><\/p>\n<p><span style=\"color: #333399;\"><a style=\"color: #333399;\" href=\"http:\/\/mapa-turystyczna.pl\/\" target=\"_blank\" rel=\"noopener\">Mapa turystyczna\u00a0Beskid\u00f3w<\/a><\/span><\/p>\n<p><span style=\"color: #333399;\"><a style=\"color: #333399;\" href=\"http:\/\/galaxy.agh.edu.pl\/~sedziwy\/wordpress\/wp-content\/uploads\/przewodnik_9-1.pdf\">Przewodnik\u00a0na bieg\u00f3wki (Beskid Niski)<\/a>\u00a0<\/span><\/p>\n<p><span style=\"color: #333399;\"><a style=\"color: #333399;\" href=\"http:\/\/taternik.eu\/category\/tatry-slowackie\/\">Opisy tras skiturowych w Tatrach s\u0142owackich<\/a><\/span><\/p>\n<p><span style=\"color: #333399;\"><a style=\"color: #333399;\" href=\"http:\/\/map.meurisse.org\/\">Kalkulator odleg\u0142o\u015bci OpenStreetMap<\/a>\u00a0<\/span><\/p>\n<p><span style=\"color: #333399;\"><a style=\"color: #333399;\" href=\"http:\/\/utrack.crempa.net\/\">uTrack<\/a><\/span><\/p>\n<p><span style=\"color: #ff00ff;\"><a class=\"urlextern\" style=\"color: #ff00ff;\" title=\"http:\/\/goo.gl\/eoQ28\" href=\"http:\/\/goo.gl\/eoQ28\" target=\"_blank\" rel=\"nofollow noopener\">Geograficzno-statystyczny opis kr\u00f3lestwa Galicyi i Lodomeryi<\/a><\/span><\/p>\n<p><span style=\"color: #ff00ff;\"><a class=\"urlextern\" style=\"color: #ff00ff;\" title=\"http:\/\/goo.gl\/IhTfD\" href=\"http:\/\/goo.gl\/IhTfD\" target=\"_blank\" rel=\"nofollow noopener\">Skorowidz wszystkich miejscowo\u015bci po\u0142o\u017conych w kr\u00f3lestwie Galicyi i Lodomeryi jakote\u017c w wielkiem ksi\u0119stwie Krakowskiem i ksi\u0119stwie Bukowi\u0144skiem, pod wzgl\u0119dem politycznej i s\u0105dowej organizacyi kraju wraz z dok\u0142adnem oznaczeniem parafii, poczt i w\u0142a\u015bcicieli tabularnych, u\u0142o\u017cony porz\u0105dkiem abecad\u0142owym, z map\u0105 wed\u0142ug nowego podzia\u0142u<\/a><\/span><\/p>\n<p><noscript>&lt;span style=&#8221;color: rgb(128, 0, 0);&#8221; data-mce-style=&#8221;color: #800000;&#8221;&gt;&amp;amp;amp;amp;lt;a href=&#8221;\/\/chopin.radio.net&#8221; target=&#8221;_blank&#8221;&amp;amp;amp;amp;gt;Radio Chopin on radio.net&amp;amp;amp;amp;lt;\/a&amp;amp;amp;amp;gt;&lt;\/span&gt;<\/noscript><\/p>\n<p style=\"text-align: center;\"><span style=\"color: #800000;\">\u00a0<\/span><\/p>\n","protected":false},"excerpt":{"rendered":"<p>Sierra Nevada GSB+ 2017 Format OXL\u00a0&#8211; Specyfikacja formatu OXL Specyfikacja formatu Eulumdat\u00a0 Virtual 3D City Models Standard GML Platforma agentowa JADE Batch Geocoding with Google Maps Visual Graph Builder for LaTeX TikZ\/PGF Distances and bearings between points on an ellipsoidal-model earth\u00a0 Przyk\u0142adowe du\u017ce zbiory danych (np. dla testowych HD) [strona sgi.com]\u00a0 Generator danych losowych r\u00f3\u017cnego &hellip; <a href=\"https:\/\/galaxy.agh.edu.pl\/~sedziwy\/wordpress\/?page_id=217\" class=\"more-link\">Czytaj dalej <span class=\"screen-reader-text\">Miscellanea<\/span> <span class=\"meta-nav\">&rarr;<\/span><\/a><\/p>\n","protected":false},"author":1,"featured_media":1084,"parent":0,"menu_order":0,"comment_status":"closed","ping_status":"open","template":"","meta":{"jetpack_post_was_ever_published":false,"footnotes":""},"class_list":["post-217","page","type-page","status-publish","has-post-thumbnail","hentry"],"jetpack_shortlink":"https:\/\/wp.me\/P5r0Nf-3v","jetpack_sharing_enabled":true,"_links":{"self":[{"href":"https:\/\/galaxy.agh.edu.pl\/~sedziwy\/wordpress\/index.php?rest_route=\/wp\/v2\/pages\/217","targetHints":{"allow":["GET"]}}],"collection":[{"href":"https:\/\/galaxy.agh.edu.pl\/~sedziwy\/wordpress\/index.php?rest_route=\/wp\/v2\/pages"}],"about":[{"href":"https:\/\/galaxy.agh.edu.pl\/~sedziwy\/wordpress\/index.php?rest_route=\/wp\/v2\/types\/page"}],"author":[{"embeddable":true,"href":"https:\/\/galaxy.agh.edu.pl\/~sedziwy\/wordpress\/index.php?rest_route=\/wp\/v2\/users\/1"}],"replies":[{"embeddable":true,"href":"https:\/\/galaxy.agh.edu.pl\/~sedziwy\/wordpress\/index.php?rest_route=%2Fwp%2Fv2%2Fcomments&post=217"}],"version-history":[{"count":66,"href":"https:\/\/galaxy.agh.edu.pl\/~sedziwy\/wordpress\/index.php?rest_route=\/wp\/v2\/pages\/217\/revisions"}],"predecessor-version":[{"id":2343,"href":"https:\/\/galaxy.agh.edu.pl\/~sedziwy\/wordpress\/index.php?rest_route=\/wp\/v2\/pages\/217\/revisions\/2343"}],"wp:featuredmedia":[{"embeddable":true,"href":"https:\/\/galaxy.agh.edu.pl\/~sedziwy\/wordpress\/index.php?rest_route=\/wp\/v2\/media\/1084"}],"wp:attachment":[{"href":"https:\/\/galaxy.agh.edu.pl\/~sedziwy\/wordpress\/index.php?rest_route=%2Fwp%2Fv2%2Fmedia&parent=217"}],"curies":[{"name":"wp","href":"https:\/\/api.w.org\/{rel}","templated":true}]}}