{"id":14,"date":"2013-12-11T12:16:28","date_gmt":"2013-12-11T11:16:28","guid":{"rendered":"http:\/\/galaxy.agh.edu.pl\/~sedziwy\/wordpress\/?page_id=14"},"modified":"2016-12-07T23:38:55","modified_gmt":"2016-12-07T22:38:55","slug":"kilka-uwag-o-pisaniu-maili","status":"publish","type":"page","link":"https:\/\/galaxy.agh.edu.pl\/~sedziwy\/wordpress\/?page_id=14","title":{"rendered":"Kilka uwag o pisaniu list\u00f3w"},"content":{"rendered":"<p><em>Szanowni Pa\u0144stwo, <\/em><\/p>\n<p><em>zamieszczam komunikat ze strony dr. hab. Konrada Ku\u0142akowskiego, pod kt\u00f3rym, w ca\u0142ej rozci\u0105g\u0142o\u015bci, r\u00f3wnie\u017c i ja si\u0119 podpisuj\u0119.<\/em><\/p>\n<p>Po otrzymaniu w ci\u0105gu ostatnich paru miesi\u0119cy, kilkunastu list\u00f3w e-mail od Pa\u0144stwa, z przykro\u015bci\u0105 stwierdzam, \u017ce cz\u0119sto nie potrafi\u0105 Pa\u0144stwo zachowa\u0107 w\u0142a\u015bciwej ich formy, a czasem te\u017c nie potrafi\u0105 zapanowa\u0107 nad tre\u015bci\u0105. O ile na t\u0119 drug\u0105 przypad\u0142o\u015b\u0107 ci\u0119\u017cko co\u015b poradzi\u0107, to z pierwsz\u0105 mog\u0105 Pa\u0144stwo upora\u0107 si\u0119 do\u015b\u0107 \u0142atwo. Jako pomoc postanowi\u0142em poda\u0107 Pa\u0144stwu kilka \u201cz\u0142otych\u201d regu\u0142 pisania oficjalnej korespondencji uczelnianej (zaczerpni\u0119te z <a href=\"http:\/\/www.aktywista.uni.opole.pl\/\" target=\"_blank\">www.aktywista.uni.opole.pl<\/a>).<\/p>\n<p>1. W e-mailach prosz\u0119 u\u017cywa\u0107 form grzeczno\u015bciowych np.: \u201cSzanowny Pan Profesor\u201d, \u201cSzanowna Pani Doktor\u201d, \u201cSzanowny Pan Magister\u201d, \u201cSzanowny Panie Profesorze\u201d, etc. Niedopuszczalne jest rozpoczynanie e-maila od \u201cCze\u015b\u0107\u201d \u201cWitam\u201d, \u201cWitam Panie Konradzie\u201d, \u201cDzie\u0144 dobry\u201d itp.<\/p>\n<p><span style=\"line-height: 1.5;\">2. Ka\u017cdy e-mail prosz\u0119 podpisywa\u0107 imieniem i nazwiskiem oraz rokiem i kierunkiem studi\u00f3w.<\/span><\/p>\n<p><span style=\"line-height: 1.5;\">3. W temacie e-maila prosz\u0119 wpisywa\u0107 kr\u00f3tk\u0105 informacj\u0119 dotycz\u0105c\u0105 tre\u015bci przesy\u0142anej wiadomo\u015bci.<\/span><\/p>\n<p><span style=\"line-height: 1.5;\">4. E-maile powinny by\u0107 kr\u00f3tkie i konkretne. Rozpisywanie si\u0119 w e-mailu jest niewskazane (chyba, \u017ce jest to konieczne ze wzgl\u0119du na specyfik\u0119 sprawy jak\u0105 maj\u0105 Pa\u0144stwo do wyk\u0142adowcy).<\/span><\/p>\n<p><span style=\"line-height: 1.5;\">5. Je\u015bli pisz\u0105 Pa\u0144stwo na e-mail og\u00f3lny np.: sekretariat instytutu, dziekanat lub rektorat, w tytule e-maila i w nag\u0142\u00f3wku trzeba wpisywa\u0107 osob\u0119, do kt\u00f3rej kieruj\u0105 pa\u0144stwo e-maila wraz z jego tytu\u0142ami naukowymi np.: \u201cSzanowny Pan Prorektor &#8211; dr hab. Stefan Marek Grochalski, prof. UO\u201d.<\/span><\/p>\n<p><span style=\"line-height: 1.5;\">6. U\u017cywanie w e-mailu do wyk\u0142adowcy wyraz\u00f3w \u201cgwaropodobnych\u201d typu \u201cziomale\u201d, \u201cekipa\u201d czy \u201czajefajne\u201d, \u201cjest to dla mnie wielki b\u00f3l\u201d jest niedopuszczalne.<\/span><\/p>\n<p><span style=\"line-height: 1.5;\">7. Przed wys\u0142aniem e-maila prosz\u0119 sprawdzi\u0107, czy nie ma w nim b\u0142\u0119d\u00f3w ortograficznych.<\/span><\/p>\n<p><span style=\"line-height: 1.5;\">8. Do\u0142\u0105czanie do e-maila wszelkich za\u0142\u0105cznik\u00f3w jest dopuszczalne pod warunkiem, \u017ce te za\u0142\u0105czniki s\u0105 niezb\u0119dne i dotycz\u0105 tre\u015bci e-maila.<\/span><\/p>\n","protected":false},"excerpt":{"rendered":"<p>Szanowni Pa\u0144stwo, zamieszczam komunikat ze strony dr. hab. Konrada Ku\u0142akowskiego, pod kt\u00f3rym, w ca\u0142ej rozci\u0105g\u0142o\u015bci, r\u00f3wnie\u017c i ja si\u0119 podpisuj\u0119. Po otrzymaniu w ci\u0105gu ostatnich paru miesi\u0119cy, kilkunastu list\u00f3w e-mail od Pa\u0144stwa, z przykro\u015bci\u0105 stwierdzam, \u017ce cz\u0119sto nie potrafi\u0105 Pa\u0144stwo zachowa\u0107 w\u0142a\u015bciwej ich formy, a czasem te\u017c nie potrafi\u0105 zapanowa\u0107 nad tre\u015bci\u0105. O ile na &hellip; <a href=\"https:\/\/galaxy.agh.edu.pl\/~sedziwy\/wordpress\/?page_id=14\" class=\"more-link\">Czytaj dalej <span class=\"screen-reader-text\">Kilka uwag o pisaniu list\u00f3w<\/span> <span class=\"meta-nav\">&rarr;<\/span><\/a><\/p>\n","protected":false},"author":1,"featured_media":1085,"parent":0,"menu_order":0,"comment_status":"closed","ping_status":"open","template":"","meta":{"jetpack_post_was_ever_published":false,"footnotes":""},"class_list":["post-14","page","type-page","status-publish","has-post-thumbnail","hentry"],"jetpack_shortlink":"https:\/\/wp.me\/P5r0Nf-e","jetpack_sharing_enabled":true,"_links":{"self":[{"href":"https:\/\/galaxy.agh.edu.pl\/~sedziwy\/wordpress\/index.php?rest_route=\/wp\/v2\/pages\/14","targetHints":{"allow":["GET"]}}],"collection":[{"href":"https:\/\/galaxy.agh.edu.pl\/~sedziwy\/wordpress\/index.php?rest_route=\/wp\/v2\/pages"}],"about":[{"href":"https:\/\/galaxy.agh.edu.pl\/~sedziwy\/wordpress\/index.php?rest_route=\/wp\/v2\/types\/page"}],"author":[{"embeddable":true,"href":"https:\/\/galaxy.agh.edu.pl\/~sedziwy\/wordpress\/index.php?rest_route=\/wp\/v2\/users\/1"}],"replies":[{"embeddable":true,"href":"https:\/\/galaxy.agh.edu.pl\/~sedziwy\/wordpress\/index.php?rest_route=%2Fwp%2Fv2%2Fcomments&post=14"}],"version-history":[{"count":6,"href":"https:\/\/galaxy.agh.edu.pl\/~sedziwy\/wordpress\/index.php?rest_route=\/wp\/v2\/pages\/14\/revisions"}],"predecessor-version":[{"id":1073,"href":"https:\/\/galaxy.agh.edu.pl\/~sedziwy\/wordpress\/index.php?rest_route=\/wp\/v2\/pages\/14\/revisions\/1073"}],"wp:featuredmedia":[{"embeddable":true,"href":"https:\/\/galaxy.agh.edu.pl\/~sedziwy\/wordpress\/index.php?rest_route=\/wp\/v2\/media\/1085"}],"wp:attachment":[{"href":"https:\/\/galaxy.agh.edu.pl\/~sedziwy\/wordpress\/index.php?rest_route=%2Fwp%2Fv2%2Fmedia&parent=14"}],"curies":[{"name":"wp","href":"https:\/\/api.w.org\/{rel}","templated":true}]}}