{"id":538,"date":"2020-11-04T19:02:37","date_gmt":"2020-11-04T18:02:37","guid":{"rendered":"http:\/\/galaxy.agh.edu.pl\/~madejski\/?page_id=538"},"modified":"2025-11-05T11:50:47","modified_gmt":"2025-11-05T10:50:47","slug":"oferta-dla-wspolpracy","status":"publish","type":"page","link":"https:\/\/galaxy.agh.edu.pl\/~madejski\/oferta-dla-wspolpracy\/","title":{"rendered":"Oferta dla wsp\u00f3\u0142pracy naukowo-badawczej"},"content":{"rendered":"\n<p class=\"has-text-align-left\"><strong>Analiza sk\u0142adu spalin (analizator spalin TESTO 350)<\/strong><\/p>\n\n\n\n<p>Badania i analizy sk\u0142adu spalin podczas spalania paliw gazowych i sta\u0142ych. Pomiar w\u0142asno\u015bci oraz sk\u0142adu spalin (temperatura, ci\u015bnienie, pr\u0119dko\u015b\u0107, O2, CO, NO, NO2, CO2, CO2(IR), CxHy) z wykorzystaniem profesjonalnego analizatora spalin <a rel=\"noreferrer noopener\" href=\"https:\/\/www.testo.com\/pl-PL\/testo-350\/p\/0632-3510?gclid=EAIaIQobChMI4Zb8jb7p7AIVideyCh0ijw6MEAAYASAAEgKP0vD_BwE\" target=\"_blank\">TESTO 350<\/a><\/p>\n\n\n\n<div class=\"wp-block-columns is-layout-flex wp-container-core-columns-is-layout-9d6595d7 wp-block-columns-is-layout-flex\">\n<div class=\"wp-block-column is-layout-flow wp-block-column-is-layout-flow\" style=\"flex-basis:50%\"><div class=\"wp-block-image\">\n<figure class=\"aligncenter size-large\"><img loading=\"lazy\" decoding=\"async\" width=\"638\" height=\"875\" src=\"http:\/\/galaxy.agh.edu.pl\/~madejski\/wp-content\/uploads\/2021\/03\/TESTO350_WIMiR.png\" alt=\"\" class=\"wp-image-618\" srcset=\"https:\/\/galaxy.agh.edu.pl\/~madejski\/wp-content\/uploads\/2021\/03\/TESTO350_WIMiR.png 638w, https:\/\/galaxy.agh.edu.pl\/~madejski\/wp-content\/uploads\/2021\/03\/TESTO350_WIMiR-219x300.png 219w\" sizes=\"auto, (max-width: 638px) 100vw, 638px\" \/><\/figure>\n<\/div><\/div>\n\n\n\n<div class=\"wp-block-column is-layout-flow wp-block-column-is-layout-flow\" style=\"flex-basis:50%\">\n<figure class=\"wp-block-image alignfull size-large\"><img loading=\"lazy\" decoding=\"async\" width=\"764\" height=\"1024\" src=\"http:\/\/galaxy.agh.edu.pl\/~madejski\/wp-content\/uploads\/2024\/03\/IMG_20210825_085147-764x1024.jpg\" alt=\"\" class=\"wp-image-1112\" srcset=\"https:\/\/galaxy.agh.edu.pl\/~madejski\/wp-content\/uploads\/2024\/03\/IMG_20210825_085147-764x1024.jpg 764w, https:\/\/galaxy.agh.edu.pl\/~madejski\/wp-content\/uploads\/2024\/03\/IMG_20210825_085147-224x300.jpg 224w, https:\/\/galaxy.agh.edu.pl\/~madejski\/wp-content\/uploads\/2024\/03\/IMG_20210825_085147-768x1029.jpg 768w, https:\/\/galaxy.agh.edu.pl\/~madejski\/wp-content\/uploads\/2024\/03\/IMG_20210825_085147-1147x1536.jpg 1147w, https:\/\/galaxy.agh.edu.pl\/~madejski\/wp-content\/uploads\/2024\/03\/IMG_20210825_085147-1529x2048.jpg 1529w, https:\/\/galaxy.agh.edu.pl\/~madejski\/wp-content\/uploads\/2024\/03\/IMG_20210825_085147-scaled.jpg 1911w\" sizes=\"auto, (max-width: 764px) 100vw, 764px\" \/><\/figure>\n<\/div>\n<\/div>\n\n\n\n<p><strong>Badania ekstremalnie szybkich proces\u00f3w (szybka kamera Phantom Miro C211 8GB color)<\/strong><\/p>\n\n\n\n<p>Rejestracja ekstremalnie szybkich proces\u00f3w z wykorzystaniem systemu wizyjnego w postaci szybkiej kamery Phantom Miro C211 8GB color.<\/p>\n\n\n\n<p>Sensor: CMOS 1280 x 1024 px kolor<br>Maksymalna rozdzielczo\u015b\u0107: 1280 x 1024<br>Liczba klatek na sekund\u0119: 1800 FPS dla rozdzielczo\u015bci 1280 x 1024px<br>Czu\u0142o\u015b\u0107 \u015bwietlna: ISO 640<br>Pami\u0119\u0107: 8GB<br>Rozmiar piksela: 5.6\u03bcm<br>Maks. pr\u0119dko\u015b\u0107 nagrywania: 67 140 fps przy rozdzielczo\u015bci 64 x 8 pikseli<\/p>\n\n\n\n<div class=\"wp-block-columns is-layout-flex wp-container-core-columns-is-layout-9d6595d7 wp-block-columns-is-layout-flex\">\n<div class=\"wp-block-column is-vertically-aligned-center is-layout-flow wp-block-column-is-layout-flow\" style=\"flex-basis:50%\">\n<figure class=\"wp-block-image size-full\"><img loading=\"lazy\" decoding=\"async\" width=\"542\" height=\"402\" src=\"http:\/\/galaxy.agh.edu.pl\/~madejski\/wp-content\/uploads\/2023\/07\/obraz.png\" alt=\"\" class=\"wp-image-936\" srcset=\"https:\/\/galaxy.agh.edu.pl\/~madejski\/wp-content\/uploads\/2023\/07\/obraz.png 542w, https:\/\/galaxy.agh.edu.pl\/~madejski\/wp-content\/uploads\/2023\/07\/obraz-300x223.png 300w\" sizes=\"auto, (max-width: 542px) 100vw, 542px\" \/><\/figure>\n<\/div>\n\n\n\n<div class=\"wp-block-column is-layout-flow wp-block-column-is-layout-flow\" style=\"flex-basis:50%\">\n<figure class=\"wp-block-image size-full\"><img loading=\"lazy\" decoding=\"async\" width=\"466\" height=\"565\" src=\"http:\/\/galaxy.agh.edu.pl\/~madejski\/wp-content\/uploads\/2024\/03\/Przeplyw_kamera_szybk.png\" alt=\"\" class=\"wp-image-1114\" srcset=\"https:\/\/galaxy.agh.edu.pl\/~madejski\/wp-content\/uploads\/2024\/03\/Przeplyw_kamera_szybk.png 466w, https:\/\/galaxy.agh.edu.pl\/~madejski\/wp-content\/uploads\/2024\/03\/Przeplyw_kamera_szybk-247x300.png 247w\" sizes=\"auto, (max-width: 466px) 100vw, 466px\" \/><\/figure>\n<\/div>\n<\/div>\n\n\n\n<p><strong>Badania proces\u00f3w cieplno-przep\u0142ywowych technikami optycznymi (kamera termowizyjna FLIR A70 z obiektywem 29\u00b0)<\/strong><\/p>\n\n\n\n<ul class=\"wp-block-list\">\n<li>Analizy termiczne komponent\u00f3w elektronicznych (np. PCB, uk\u0142ady scalone) w fazie prototypowania.<\/li>\n\n\n\n<li>Badania przep\u0142yw\u00f3w ciep\u0142a, punkt\u00f3w gor\u0105cych i strat energetycznych w konstrukcjach\/materia\u0142ach.<\/li>\n\n\n\n<li>Monitoring temperatury w uk\u0142adach przemys\u0142owych lub podczas test\u00f3w \u015brodowiskowych, gdzie wa\u017cna jest precyzja i mo\u017cliwo\u015b\u0107 dokumentacji pomiar\u00f3w.<\/li>\n<\/ul>\n\n\n\n<p>Detektor mikrobolometryczny. Piksel 12 \u00b5m.<br>Rozdzielczo\u015b\u0107: 640&#215;480 pikseli.<br>Czu\u0142o\u015b\u0107 termiczna (NETD): &lt;35mK.<br>Cz\u0119stotliwo\u015b\u0107: 30Hz.<br>Pole widzenia: 29\u00b0 \u00d7 22\u00b0. R\u0119czne ustawienie ostro\u015bci.<br>IFOV: 0,84 mrad. Minimalna odleg\u0142o\u015b\u0107 ostrzenia: 0,25m.<br>Zakres pomiarowy: 20 do 17 5\u00b0C; 175 do 1000\u00b0C.<br>Dok\u0142adno\u015b\u0107: +\/ 2%.<br>Wbudowana kamera cyfrowa.<\/p>\n\n\n\n<div class=\"wp-block-columns is-layout-flex wp-container-core-columns-is-layout-9d6595d7 wp-block-columns-is-layout-flex\">\n<div class=\"wp-block-column is-vertically-aligned-center is-layout-flow wp-block-column-is-layout-flow\" style=\"flex-basis:50%\">\n<figure class=\"wp-block-image size-full\"><img loading=\"lazy\" decoding=\"async\" width=\"1998\" height=\"1978\" src=\"https:\/\/galaxy.agh.edu.pl\/~madejski\/wp-content\/uploads\/2025\/11\/FLIR_testy.png\" alt=\"\" class=\"wp-image-1432\" srcset=\"https:\/\/galaxy.agh.edu.pl\/~madejski\/wp-content\/uploads\/2025\/11\/FLIR_testy.png 1998w, https:\/\/galaxy.agh.edu.pl\/~madejski\/wp-content\/uploads\/2025\/11\/FLIR_testy-300x297.png 300w, https:\/\/galaxy.agh.edu.pl\/~madejski\/wp-content\/uploads\/2025\/11\/FLIR_testy-1024x1014.png 1024w, https:\/\/galaxy.agh.edu.pl\/~madejski\/wp-content\/uploads\/2025\/11\/FLIR_testy-768x760.png 768w, https:\/\/galaxy.agh.edu.pl\/~madejski\/wp-content\/uploads\/2025\/11\/FLIR_testy-1536x1521.png 1536w\" sizes=\"auto, (max-width: 1998px) 100vw, 1998px\" \/><\/figure>\n<\/div>\n\n\n\n<div class=\"wp-block-column is-layout-flow wp-block-column-is-layout-flow\" style=\"flex-basis:50%\">\n<figure class=\"wp-block-image size-full\"><img loading=\"lazy\" decoding=\"async\" width=\"1510\" height=\"1133\" src=\"https:\/\/galaxy.agh.edu.pl\/~madejski\/wp-content\/uploads\/2025\/11\/Rec-FLIR_A70_89903100-037_09_25_35_994-0008_5273klatka.jpg\" alt=\"\" class=\"wp-image-1433\" srcset=\"https:\/\/galaxy.agh.edu.pl\/~madejski\/wp-content\/uploads\/2025\/11\/Rec-FLIR_A70_89903100-037_09_25_35_994-0008_5273klatka.jpg 1510w, https:\/\/galaxy.agh.edu.pl\/~madejski\/wp-content\/uploads\/2025\/11\/Rec-FLIR_A70_89903100-037_09_25_35_994-0008_5273klatka-300x225.jpg 300w, https:\/\/galaxy.agh.edu.pl\/~madejski\/wp-content\/uploads\/2025\/11\/Rec-FLIR_A70_89903100-037_09_25_35_994-0008_5273klatka-1024x768.jpg 1024w, https:\/\/galaxy.agh.edu.pl\/~madejski\/wp-content\/uploads\/2025\/11\/Rec-FLIR_A70_89903100-037_09_25_35_994-0008_5273klatka-768x576.jpg 768w\" sizes=\"auto, (max-width: 1510px) 100vw, 1510px\" \/><\/figure>\n<\/div>\n<\/div>\n\n\n\n<p><strong>Zaawansowane badania i charakteryzacja termiczna materia\u0142\u00f3w (TRIDENT Analizator przewodno\u015bci cieplnej)<\/strong><\/p>\n\n\n\n<ul class=\"wp-block-list\">\n<li>przewodno\u015b\u0107 cieplna, <\/li>\n\n\n\n<li>dyfuzyjno\u015b\u0107 cieplna, <\/li>\n\n\n\n<li>pojemno\u015b\u0107 cieplna materia\u0142\u00f3w w bardzo r\u00f3\u017cnych stanach: cia\u0142a sta\u0142e, ciecze, proszki, pasty.<\/li>\n<\/ul>\n\n\n\n<p>Badanie przewodno\u015bci (materia\u0142y sta\u0142e, ciecze, proszki, pasty) wg. standard\u00f3w i norm (ASTM, ISO): MTPS z ASTM D7984, TLS z ASTM D5334 i D5930, TPS z ISO 22007-2.&nbsp; Badania przewodno\u015bci termicznej metali o wysokiej przewodno\u015bci, betonu i materia\u0142\u00f3w budowlanych, bardzo cienkich warstw, folii, cienkich pow\u0142ok, ta\u015bm samoprzylepnych (liaison) w aplikacjach bateryjnych EV, materia\u0142\u00f3w interfejsowych termicznie przewodz\u0105cych, past termicznych, materia\u0142\u00f3w TIM, nanomateria\u0142\u00f3w, kompozyt\u00f3w, proszk\u00f3w, materia\u0142\u00f3w geologicznych, rdzeni wiertniczych, ska\u0142, regolitu (lu\u017anego materia\u0142u skalnego) na powierzchniach cia\u0142 niebieskich.<\/p>\n\n\n\n<figure class=\"wp-block-image size-full\"><img loading=\"lazy\" decoding=\"async\" width=\"605\" height=\"398\" src=\"https:\/\/galaxy.agh.edu.pl\/~madejski\/wp-content\/uploads\/2025\/10\/TRIDENT.jpg\" alt=\"\" class=\"wp-image-1410\" srcset=\"https:\/\/galaxy.agh.edu.pl\/~madejski\/wp-content\/uploads\/2025\/10\/TRIDENT.jpg 605w, https:\/\/galaxy.agh.edu.pl\/~madejski\/wp-content\/uploads\/2025\/10\/TRIDENT-300x197.jpg 300w\" sizes=\"auto, (max-width: 605px) 100vw, 605px\" \/><\/figure>\n\n\n\n<p><strong><a href=\"http:\/\/galaxy.agh.edu.pl\/~madejski\/lab-modeling-and-simulations\/\" target=\"_blank\" rel=\"noreferrer noopener\">Modelowanie i symulacje<\/a><\/strong><\/p>\n\n\n\n<p>Modelowanie i symulacje z wykorzystaniem profesjonalnych program\u00f3w komputerowych: <a href=\"https:\/\/www.plm.automation.siemens.com\/global\/en\/products\/nx\/\" target=\"_blank\" rel=\"noreferrer noopener\">NX<\/a>, <a href=\"https:\/\/www.plm.automation.siemens.com\/global\/en\/products\/simcenter\/STAR-CCM.html\" target=\"_blank\" rel=\"noreferrer noopener\">Star-CCM+<\/a>, <a href=\"https:\/\/www.ansys.com\/\" target=\"_blank\" rel=\"noreferrer noopener\">Ansys<\/a>, <a href=\"https:\/\/www.ebsilon.com\" target=\"_blank\" rel=\"noreferrer noopener\">Ebsilon Professional<\/a>, <a href=\"https:\/\/fchartsoftware.com\/ees\/\" target=\"_blank\" rel=\"noreferrer noopener\">Engineering Equation Solver EES,<\/a> <a href=\"https:\/\/www.trnsys.com\/\" target=\"_blank\" rel=\"noreferrer noopener\">TRNSYS<\/a>, <a href=\"https:\/\/www.code-saturne.org\" target=\"_blank\" rel=\"noreferrer noopener\">Code_Saturne<\/a>, <a href=\"https:\/\/www.openlb.net\/\" target=\"_blank\" rel=\"noreferrer noopener\">OpenLB<\/a> <\/p>\n\n\n<div class=\"wp-block-image\">\n<figure class=\"aligncenter size-large\"><img loading=\"lazy\" decoding=\"async\" width=\"1024\" height=\"626\" src=\"http:\/\/galaxy.agh.edu.pl\/~madejski\/wp-content\/uploads\/2024\/03\/CFD_examples-1024x626.png\" alt=\"\" class=\"wp-image-1120\" srcset=\"https:\/\/galaxy.agh.edu.pl\/~madejski\/wp-content\/uploads\/2024\/03\/CFD_examples-1024x626.png 1024w, https:\/\/galaxy.agh.edu.pl\/~madejski\/wp-content\/uploads\/2024\/03\/CFD_examples-300x183.png 300w, https:\/\/galaxy.agh.edu.pl\/~madejski\/wp-content\/uploads\/2024\/03\/CFD_examples-768x469.png 768w, https:\/\/galaxy.agh.edu.pl\/~madejski\/wp-content\/uploads\/2024\/03\/CFD_examples.png 1136w\" sizes=\"auto, (max-width: 1024px) 100vw, 1024px\" \/><\/figure>\n<\/div>\n\n<div class=\"wp-block-image\">\n<figure class=\"aligncenter size-large\"><img loading=\"lazy\" decoding=\"async\" width=\"1024\" height=\"627\" src=\"http:\/\/galaxy.agh.edu.pl\/~madejski\/wp-content\/uploads\/2024\/03\/Ebsilon_examples-1024x627.png\" alt=\"\" class=\"wp-image-1121\" srcset=\"https:\/\/galaxy.agh.edu.pl\/~madejski\/wp-content\/uploads\/2024\/03\/Ebsilon_examples-1024x627.png 1024w, https:\/\/galaxy.agh.edu.pl\/~madejski\/wp-content\/uploads\/2024\/03\/Ebsilon_examples-300x184.png 300w, https:\/\/galaxy.agh.edu.pl\/~madejski\/wp-content\/uploads\/2024\/03\/Ebsilon_examples-768x470.png 768w, https:\/\/galaxy.agh.edu.pl\/~madejski\/wp-content\/uploads\/2024\/03\/Ebsilon_examples.png 1129w\" sizes=\"auto, (max-width: 1024px) 100vw, 1024px\" \/><\/figure>\n<\/div>\n\n\n<p><\/p>\n\n\n\n<p><strong>Badania prototyp\u00f3w 3D <\/strong><\/p>\n\n\n\n<p>Wykonywanie metodami wytwarzania addytywnego, skanowanie i badania cz\u0119\u015bci oraz element\u00f3w z zastosowaniem druku 3D i skanu 3D:<\/p>\n\n\n\n<p><strong>Druk 3D:<\/strong><\/p>\n\n\n\n<ul class=\"wp-block-list\">\n<li>technologia FDM (Fused Deposition Modeling); obszar roboczy: <strong><strong>220 mm x 200 mm x 250 mm<\/strong><\/strong>; rozdzielczo\u015b\u0107 warstw: <strong>100 \u2013 400 <\/strong>mikron\u00f3w<\/li>\n\n\n\n<li>technologia LFS (Low Force Stereolithography); obszar roboczy: <strong><strong>145 \u00d7 145 \u00d7 185 mm<\/strong><\/strong>; wysoko\u015b\u0107 warstw: <strong>25 \u2013 200 <\/strong>mikron\u00f3w; wielko\u015b\u0107 plamki lasera: <strong>85 <\/strong>mikron\u00f3w<\/li>\n<\/ul>\n\n\n\n<p><strong>Skan 3D:<\/strong><\/p>\n\n\n\n<ul class=\"wp-block-list\">\n<li>kolorowy skan manualny\/automatyczny; dok\u0142adno\u015b\u0107 skanu <strong>0,05 mm<\/strong>; maksymalna wielko\u015b\u0107 skanowanego obiektu <strong>1200 x 1200 x 1200 mm<\/strong> (tryb manualny), <strong>200 x 200 x 200 mm<\/strong> (tryb automatyczny); szybko\u015b\u0107 wykonania skanu<strong> &lt;45 sekund<\/strong>; pliki wyj\u015bciowe: OBJ, STL, ASC, PLY<\/li>\n<\/ul>\n\n\n\n<figure class=\"wp-block-image size-large\"><img loading=\"lazy\" decoding=\"async\" width=\"1024\" height=\"679\" src=\"http:\/\/galaxy.agh.edu.pl\/~madejski\/wp-content\/uploads\/2024\/03\/Drukarki_skaner3D-1024x679.png\" alt=\"\" class=\"wp-image-1127\" srcset=\"https:\/\/galaxy.agh.edu.pl\/~madejski\/wp-content\/uploads\/2024\/03\/Drukarki_skaner3D-1024x679.png 1024w, https:\/\/galaxy.agh.edu.pl\/~madejski\/wp-content\/uploads\/2024\/03\/Drukarki_skaner3D-300x199.png 300w, https:\/\/galaxy.agh.edu.pl\/~madejski\/wp-content\/uploads\/2024\/03\/Drukarki_skaner3D-768x509.png 768w, https:\/\/galaxy.agh.edu.pl\/~madejski\/wp-content\/uploads\/2024\/03\/Drukarki_skaner3D.png 1094w\" sizes=\"auto, (max-width: 1024px) 100vw, 1024px\" \/><\/figure>\n\n\n\n<figure class=\"wp-block-image size-large\"><img loading=\"lazy\" decoding=\"async\" width=\"1024\" height=\"720\" src=\"http:\/\/galaxy.agh.edu.pl\/~madejski\/wp-content\/uploads\/2024\/03\/Druk3D-1024x720.png\" alt=\"\" class=\"wp-image-1128\" srcset=\"https:\/\/galaxy.agh.edu.pl\/~madejski\/wp-content\/uploads\/2024\/03\/Druk3D-1024x720.png 1024w, https:\/\/galaxy.agh.edu.pl\/~madejski\/wp-content\/uploads\/2024\/03\/Druk3D-300x211.png 300w, https:\/\/galaxy.agh.edu.pl\/~madejski\/wp-content\/uploads\/2024\/03\/Druk3D-768x540.png 768w, https:\/\/galaxy.agh.edu.pl\/~madejski\/wp-content\/uploads\/2024\/03\/Druk3D.png 1051w\" sizes=\"auto, (max-width: 1024px) 100vw, 1024px\" \/><\/figure>\n","protected":false},"excerpt":{"rendered":"<p>Analiza sk\u0142adu spalin (analizator spalin TESTO 350) Badania i analizy sk\u0142adu spalin podczas spalania paliw gazowych i sta\u0142ych. Pomiar w\u0142asno\u015bci oraz sk\u0142adu spalin (temperatura, ci\u015bnienie, pr\u0119dko\u015b\u0107, O2, CO, NO, NO2, CO2, CO2(IR), CxHy) z wykorzystaniem profesjonalnego analizatora spalin TESTO 350 Badania ekstremalnie szybkich proces\u00f3w (szybka kamera Phantom Miro C211 8GB color) Rejestracja ekstremalnie szybkich proces\u00f3w <a class=\"read-more\" href=\"https:\/\/galaxy.agh.edu.pl\/~madejski\/oferta-dla-wspolpracy\/\">READ MORE<\/a><\/p>\n","protected":false},"author":1,"featured_media":0,"parent":0,"menu_order":0,"comment_status":"closed","ping_status":"closed","template":"","meta":{"footnotes":""},"class_list":["post-538","page","type-page","status-publish","hentry"],"_links":{"self":[{"href":"https:\/\/galaxy.agh.edu.pl\/~madejski\/wp-json\/wp\/v2\/pages\/538","targetHints":{"allow":["GET"]}}],"collection":[{"href":"https:\/\/galaxy.agh.edu.pl\/~madejski\/wp-json\/wp\/v2\/pages"}],"about":[{"href":"https:\/\/galaxy.agh.edu.pl\/~madejski\/wp-json\/wp\/v2\/types\/page"}],"author":[{"embeddable":true,"href":"https:\/\/galaxy.agh.edu.pl\/~madejski\/wp-json\/wp\/v2\/users\/1"}],"replies":[{"embeddable":true,"href":"https:\/\/galaxy.agh.edu.pl\/~madejski\/wp-json\/wp\/v2\/comments?post=538"}],"version-history":[{"count":31,"href":"https:\/\/galaxy.agh.edu.pl\/~madejski\/wp-json\/wp\/v2\/pages\/538\/revisions"}],"predecessor-version":[{"id":1436,"href":"https:\/\/galaxy.agh.edu.pl\/~madejski\/wp-json\/wp\/v2\/pages\/538\/revisions\/1436"}],"wp:attachment":[{"href":"https:\/\/galaxy.agh.edu.pl\/~madejski\/wp-json\/wp\/v2\/media?parent=538"}],"curies":[{"name":"wp","href":"https:\/\/api.w.org\/{rel}","templated":true}]}}