{"id":451,"date":"2020-10-26T18:14:46","date_gmt":"2020-10-26T17:14:46","guid":{"rendered":"http:\/\/galaxy.agh.edu.pl\/~madejski\/?page_id=451"},"modified":"2022-05-30T22:23:08","modified_gmt":"2022-05-30T20:23:08","slug":"materialy-porowate","status":"publish","type":"page","link":"https:\/\/galaxy.agh.edu.pl\/~madejski\/materialy-porowate\/","title":{"rendered":"Materia\u0142y porowate"},"content":{"rendered":"\n<div data-wp-interactive=\"core\/file\" class=\"wp-block-file\"><object data-wp-bind--hidden=\"!state.hasPdfPreview\" hidden class=\"wp-block-file__embed\" data=\"http:\/\/galaxy.agh.edu.pl\/~madejski\/wp-content\/uploads\/2022\/05\/Poster_Madejski_Krakowska_InterPore_2022-3.pdf\" type=\"application\/pdf\" style=\"width:100%;height:600px\" aria-label=\"Osadzone z Osadzone z Poster_Madejski_Krakowska_InterPore_2022..\"><\/object><a id=\"wp-block-file--media-95d5d719-0377-4bfc-b65f-a15e7c040d4e\" href=\"http:\/\/galaxy.agh.edu.pl\/~madejski\/wp-content\/uploads\/2022\/05\/Poster_Madejski_Krakowska_InterPore_2022-3.pdf\">Poster_Madejski_Krakowska_InterPore_2022<\/a><a href=\"http:\/\/galaxy.agh.edu.pl\/~madejski\/wp-content\/uploads\/2022\/05\/Poster_Madejski_Krakowska_InterPore_2022-3.pdf\" class=\"wp-block-file__button\" download aria-describedby=\"wp-block-file--media-95d5d719-0377-4bfc-b65f-a15e7c040d4e\">Pobierz<\/a><\/div>\n\n\n\n<p><strong>Bibliografia<\/strong><\/p>\n\n\n\n[1] A novel approach to the quantitative interpretation of petrophysical parameters using nano-CT: example of Paleozoic carbonates \/ Edyta PUSKARCZYK, Paulina KRAKOWSKA, Mariusz J\u0118DRYCHOWSKI, Magdalena HABRAT, Pawe\u0142 MADEJSKI \/\/ Acta Geophysica ; ISSN 1895-6572. \u2014 Tytu\u0142 poprz.: Acta Geophysica Polonica. \u2014 2018 vol. 66 iss. 6, s. 1453\u20131461. \u2014 Bibliogr. s. 1461, Abstr.. \u2014 Publikacja dost\u0119pna online od: 2018-10-31. \u2014 tekst: https:\/\/link.springer.com\/content\/pdf\/10.1007%2Fs11600-018-0219-x.pdf<\/p>\n\n\n\n[2] Comprehensive approach for porous materials analysis using a dedicated preprocessing tool for mass and heat transfer modeling \/ MADEJSKI Pawe\u0142, KRAKOWSKA Paulina, HABRAT Magdalena, PUSKARCZYK Edyta, J\u0118DRYCHOWSKI Mariusz \/\/ Journal of Thermal Science ; ISSN 1003-2169. \u2014 2018 vol. 27 no. 5, s. 479\u2013486. \u2014 Bibliogr. s. 485\u2013486, Abstr.. \u2014 Publikacja dost\u0119pna online od: 2018-08-31. \u2014 tekst: https:\/\/link-1springer-1com-1nyztlj4w023a.wbg2.bg.agh.edu.pl\/content\/pdf\/10.1007%2Fs11630-018-1043-y.pdf<\/p>\n\n\n\n[3] Parametry geometryczne przestrzeni porowej niskoporowatych piaskowc\u00f3w kambryjskich wyznaczone na podstawie wynik\u00f3w bada\u0144 laboratoryjnych na pr\u00f3bkach z rdzeni wiertniczych \u2014 Geometric parameters of the pore space of low-porosity Cambrian sandstones determined on the basis of laboratory measurements results on core samples \/ Paulina KRAKOWSKA, Edyta PUSKARCZYK, Magdalena HABRAT, Pawe\u0142 MADEJSKI, Mariusz J\u0118DRYCHOWSKI \/\/ Nafta Gaz \/ Instytut G\u00f3rnictwa Naftowego i Gazownictwa, Instytut Technologii Nafty, Stowarzyszenie In\u017cynier\u00f3w i Technik\u00f3w Przemys\u0142u Naftowego i Gazowniczego ; ISSN 0867-8871. \u2014 2018 R. 74 nr 11, s. 783\u2013788. \u2014 Bibliogr. s. 788. \u2014 tekst: https:\/\/www.inig.pl\/magazyn\/nafta-gaz\/Nafta-Gaz-2018-11-01.pdf<\/p>\n\n\n\n[4] Research on fluid flow and permeability in low porous rock sample using laboratory and computational techniques \/ Paulina KRAKOWSKA, Pawe\u0142 MADEJSKI \/\/ Energies [Dokument elektroniczny]. \u2014 Czasopismo elektroniczne ; ISSN 1996-1073. \u2014 2019 vol. 12 iss. 24 art. no. 4684, s. 1\u201317. \u2014 Wymagania systemowe: Adobe Reader. \u2014 Bibliogr. s. 15\u201317, Abstr.. \u2014 Publikacja dost\u0119pna online od: 2019-12-09. \u2014 tekst: https:\/\/www.mdpi.com\/1996-1073\/12\/24\/4684\/pdf<\/p>\n\n\n\n[5] Permeability determination in tight rock sample using novel method based on partial slip modelling and X-ray tomography data \/ Pawe\u0142 MADEJSKI, Paulina KRAKOWSKA, Edyta PUSKARCZYK, Magdalena HABRAT, Mariusz J\u0118DRYCHOWSKI \/\/ International Journal of Numerical Methods for Heat &amp; Fluid Flow ; ISSN 0961-5539. \u2014 2020 vol. 30 iss. 6 spec. iss.: Numerical simulation of heat transfer and fluid flow processes, s. 3053\u20133063. \u2014 Bibliogr. s. 3062\u20133063, Abstr.. \u2014 tekst: https:\/\/www-1emerald-1com-1xpjdu3bp00d0.wbg2.bg.agh.edu.pl\/insight\/content\/doi\/10.1108\/HFF-11-2018-0711\/full\/pdf?title=permeability-determination-in-tight-rock-sample-using-novel-method-based-on-partial-slip-modelling-and-x-ray-tomography-data<\/p>\n\n\n\n[6] Development of a permeability formula for tight and shale gas reservoirs based on advanced high-precision lab measurement techniques \/ Paulina KRAKOWSKA-MADEJSKA, Edyta PUSKARCZYK, Magdalena HABRAT, Pawe\u0142 MADEJSKI, Marek Dohnalik, Mariusz J\u0118DRYCHOWSKI \/\/ Energies [Dokument elektroniczny]. \u2014 Czasopismo elektroniczne ; ISSN 1996-1073. \u2014 2021 vol. 14 iss. 9 art. no. 2628, s. 1-25. \u2014 Wymagania systemowe: Adobe Reader. \u2014 Bibliogr. s. 23-25, Abstr.. \u2014 Publikacja dost\u0119pna online od: 2021-05-04. \u2014 tekst: https:\/\/www.mdpi.com\/1996-1073\/14\/9\/2628\/pdf<\/p>\n\n\n\n[7] Analiza zwi\u0105zk\u00f3w pr\u0119dko\u015bci propagacji fal spr\u0119\u017cystych z przestrzeni\u0105 porow\u0105 ska\u0142y odzwierciedlon\u0105 w obrazie 3D \u2014 Analysis of the relation between elastic waves propagation velocity and 3D pore space image \/ Dariusz Cebulski, Pawe\u0142 MADEJSKI \/\/ Nafta Gaz \/ Instytut G\u00f3rnictwa Naftowego i Gazownictwa, Instytut Technologii Nafty, Stowarzyszenie In\u017cynier\u00f3w i Technik\u00f3w Przemys\u0142u Naftowego i Gazowniczego ; ISSN 0867-8871. \u2014 2012 R. 68 nr 9, s. 566\u2013574. \u2014 Bibliogr. s. 574<\/p>\n\n\n\n[8] Computational fluid dynamics to determine reservoir parameters of rocks \/ Paulina KRAKOWSKA, Pawe\u0142 MADEJSKI \/\/ W: VIII Krakow conference of young scientists 2013 : Krakow, September 26\u201328, 2013 : book of abstracts \/ AGH University of Science and Technology in Krakow, Grupa Naukowa Pro Futuro. \u2014 Krakow : Agencja Reklamowo-Wydawnicza \u201dOSTOJA\u201d, 2013. \u2014 (KKMU Symposia and Conferences ; no. 8). \u2014 Opis cz\u0119\u015bc. wg ok\u0142.. \u2014 ISBN: 978-83-62218-84-4. \u2014 S. 42<\/p>\n\n\n\n[9] Fluid flow modeling in tight Carboniferous sandstone \/ P. KRAKOWSKA, P. MADEJSKI, J. JARZYNA \/\/ W: London&#8217;13 [Dokument elektroniczny] : changing frontiers : 75th EAGE conference &amp; exhibition incorporating SPE EUROPEC 2013 : 10\u201313 June 2013, London, UK : proceedings \/ EAGE, SPE EUROPEC. \u2014 Wersja do Windows. \u2014 Dane tekstowe. \u2014 [London : EAGE], [2013]. \u2014 Dysk Flash. \u2014 Na s. tytu\u0142owej dodatkowo: ISSN 2214-4609. \u2014 e-ISBN: 978-90-73834-48-4. \u2014 S. [1\u20135], Tu-P16-11. \u2014 Wymagania systemowe: Adobe Reader. \u2014 Bibliogr. s. [5], Summ.<\/p>\n\n\n\n[10] Zastosowanie komputerowej symulacji przep\u0142yw\u00f3w do wyznaczania parametr\u00f3w zbiornikowych ska\u0142 \u2014 Computational fluid dynamics to determine reservoir parameters of rocks \/ Paulina KRAKOWSKA, Pawe\u0142 MADEJSKI \/\/ Logistyka ; ISSN 1231-5478. \u2014 2013 nr 4 dod.: CD Logistyka \u2013 nauka : artyku\u0142y recenzowane, s. 252\u2013269. \u2014 Wymagania systemowe: Adobe Reader ; nap\u0119d CD-ROM. \u2014 Bibliogr. s. 269, Streszcz., Abstr.<\/p>\n\n\n\n[11] Criteria parameters for fluid flow simulation in tight reservoir rocks \u2014 Parametry kryterialne symulacji przep\u0142ywu p\u0142yn\u00f3w przez ska\u0142y zbite \/ Paulina KRAKOWSKA, Pawe\u0142 MADEJSKI \/\/ Logistyka ; ISSN 1231-5478. \u2014 2014 nr 4 dod.: CD nr 6 Logistyka \u2013 nauka : artyku\u0142y recenzowane, s. 4537\u20134542. \u2014 Wymagania systemowe: Adobe Reader ; nap\u0119d CD-ROM. \u2014 Bibliogr. s. 4541, Abstr., Streszcz.<\/p>\n","protected":false},"excerpt":{"rendered":"<p>Bibliografia [1] A novel approach to the quantitative interpretation of petrophysical parameters using nano-CT: example of Paleozoic carbonates \/ Edyta PUSKARCZYK, Paulina KRAKOWSKA, Mariusz J\u0118DRYCHOWSKI, Magdalena HABRAT, Pawe\u0142 MADEJSKI \/\/ Acta Geophysica ; ISSN 1895-6572. \u2014 Tytu\u0142 poprz.: Acta Geophysica Polonica. \u2014 2018 vol. 66 iss. 6, s. 1453\u20131461. \u2014 Bibliogr. s. 1461, Abstr.. \u2014 <a class=\"read-more\" href=\"https:\/\/galaxy.agh.edu.pl\/~madejski\/materialy-porowate\/\">READ MORE<\/a><\/p>\n","protected":false},"author":1,"featured_media":0,"parent":0,"menu_order":0,"comment_status":"closed","ping_status":"closed","template":"","meta":{"footnotes":""},"class_list":["post-451","page","type-page","status-publish","hentry"],"_links":{"self":[{"href":"https:\/\/galaxy.agh.edu.pl\/~madejski\/wp-json\/wp\/v2\/pages\/451","targetHints":{"allow":["GET"]}}],"collection":[{"href":"https:\/\/galaxy.agh.edu.pl\/~madejski\/wp-json\/wp\/v2\/pages"}],"about":[{"href":"https:\/\/galaxy.agh.edu.pl\/~madejski\/wp-json\/wp\/v2\/types\/page"}],"author":[{"embeddable":true,"href":"https:\/\/galaxy.agh.edu.pl\/~madejski\/wp-json\/wp\/v2\/users\/1"}],"replies":[{"embeddable":true,"href":"https:\/\/galaxy.agh.edu.pl\/~madejski\/wp-json\/wp\/v2\/comments?post=451"}],"version-history":[{"count":3,"href":"https:\/\/galaxy.agh.edu.pl\/~madejski\/wp-json\/wp\/v2\/pages\/451\/revisions"}],"predecessor-version":[{"id":885,"href":"https:\/\/galaxy.agh.edu.pl\/~madejski\/wp-json\/wp\/v2\/pages\/451\/revisions\/885"}],"wp:attachment":[{"href":"https:\/\/galaxy.agh.edu.pl\/~madejski\/wp-json\/wp\/v2\/media?parent=451"}],"curies":[{"name":"wp","href":"https:\/\/api.w.org\/{rel}","templated":true}]}}