{"id":22,"date":"2019-09-27T22:10:53","date_gmt":"2019-09-27T20:10:53","guid":{"rendered":"http:\/\/galaxy.agh.edu.pl\/~madejski\/?page_id=22"},"modified":"2021-09-17T20:49:21","modified_gmt":"2021-09-17T18:49:21","slug":"kontakt","status":"publish","type":"page","link":"https:\/\/galaxy.agh.edu.pl\/~madejski\/kontakt\/","title":{"rendered":"Kontakt"},"content":{"rendered":"\n<div class=\"wp-block-group\"><div class=\"wp-block-group__inner-container is-layout-flow wp-block-group-is-layout-flow\">\n<h2 class=\"wp-block-heading\" style=\"font-size:30px\"><a rel=\"noreferrer noopener\" href=\"https:\/\/skos.agh.edu.pl\/osoba\/pawel-madejski-8793.html\" target=\"_blank\">Pawe\u0142 Madejski, dr hab. in\u017c.<\/a><\/h2>\n<\/div><\/div>\n\n\n\n<figure class=\"wp-block-table\"><table><tbody><tr><th>Jednostka<\/th><td><a rel=\"noreferrer noopener\" href=\"https:\/\/skos.agh.edu.pl\/jednostka\/akademia-gorniczo-hutnicza-im-stanislawa-staszica-w-krakowie-473.html\" target=\"_blank\">Akademia G\u00f3rniczo-Hutnicza im. Stanis\u0142awa Staszica w Krakowie<\/a><\/td><\/tr><tr><th>Wydzia\u0142<\/th><td><a rel=\"noreferrer noopener\" href=\"https:\/\/skos.agh.edu.pl\/jednostka\/akademia-gorniczo-hutnicza-im-stanislawa-staszica-w-krakowie\/wydzial-inzynierii-mechanicznej-i-robotyki-262.html\" target=\"_blank\">Wydzia\u0142 In\u017cynierii Mechanicznej i Robotyki<\/a><\/td><\/tr><tr><th>Katedra<\/th><td><a rel=\"noreferrer noopener\" href=\"https:\/\/skos.agh.edu.pl\/jednostka\/akademia-gorniczo-hutnicza-im-stanislawa-staszica-w-krakowie\/wydzial-inzynierii-mechanicznej-i-robotyki\/katedra-systemow-energetycznych-i-urzadzen-ochrony-srodowiska-272.html\" target=\"_blank\">Katedra System\u00f3w Energetycznych i Urz\u0105dze\u0144 Ochrony \u015arodowiska<\/a><\/td><\/tr><tr><th>Budynek<\/th><td>B-3, II p., pok. 204<\/td><\/tr><tr><th>Telefon<\/th><td>+48 12 617 39 59<\/td><\/tr><\/tbody><\/table><\/figure>\n\n\n\n<h2 class=\"wp-block-heading\">Email<\/h2>\n\n\n\n<ul class=\"wp-block-list\"><li><a href=\"mailto:pawel.madejski@agh.edu.pl\">pawel.madejski@agh.edu.pl<\/a><\/li><li><a href=\"mailto:madejski@agh.edu.pl\">madejski@agh.edu.pl<\/a><\/li><\/ul>\n","protected":false},"excerpt":{"rendered":"<p>Pawe\u0142 Madejski, dr hab. in\u017c. Jednostka Akademia G\u00f3rniczo-Hutnicza im. Stanis\u0142awa Staszica w Krakowie Wydzia\u0142 Wydzia\u0142 In\u017cynierii Mechanicznej i Robotyki Katedra Katedra System\u00f3w Energetycznych i Urz\u0105dze\u0144 Ochrony \u015arodowiska Budynek B-3, II p., pok. 204 Telefon +48 12 617 39 59 Email pawel.madejski@agh.edu.pl madejski@agh.edu.pl<\/p>\n","protected":false},"author":1,"featured_media":0,"parent":0,"menu_order":0,"comment_status":"closed","ping_status":"closed","template":"","meta":{"footnotes":""},"class_list":["post-22","page","type-page","status-publish","hentry"],"_links":{"self":[{"href":"https:\/\/galaxy.agh.edu.pl\/~madejski\/wp-json\/wp\/v2\/pages\/22","targetHints":{"allow":["GET"]}}],"collection":[{"href":"https:\/\/galaxy.agh.edu.pl\/~madejski\/wp-json\/wp\/v2\/pages"}],"about":[{"href":"https:\/\/galaxy.agh.edu.pl\/~madejski\/wp-json\/wp\/v2\/types\/page"}],"author":[{"embeddable":true,"href":"https:\/\/galaxy.agh.edu.pl\/~madejski\/wp-json\/wp\/v2\/users\/1"}],"replies":[{"embeddable":true,"href":"https:\/\/galaxy.agh.edu.pl\/~madejski\/wp-json\/wp\/v2\/comments?post=22"}],"version-history":[{"count":9,"href":"https:\/\/galaxy.agh.edu.pl\/~madejski\/wp-json\/wp\/v2\/pages\/22\/revisions"}],"predecessor-version":[{"id":769,"href":"https:\/\/galaxy.agh.edu.pl\/~madejski\/wp-json\/wp\/v2\/pages\/22\/revisions\/769"}],"wp:attachment":[{"href":"https:\/\/galaxy.agh.edu.pl\/~madejski\/wp-json\/wp\/v2\/media?parent=22"}],"curies":[{"name":"wp","href":"https:\/\/api.w.org\/{rel}","templated":true}]}}