{"id":20,"date":"2019-09-27T22:10:40","date_gmt":"2019-09-27T20:10:40","guid":{"rendered":"http:\/\/galaxy.agh.edu.pl\/~madejski\/?page_id=20"},"modified":"2025-10-27T20:55:11","modified_gmt":"2025-10-27T19:55:11","slug":"o-mnie","status":"publish","type":"page","link":"https:\/\/galaxy.agh.edu.pl\/~madejski\/o-mnie\/","title":{"rendered":"O mnie"},"content":{"rendered":"\n<div class=\"wp-block-columns is-layout-flex wp-container-core-columns-is-layout-9d6595d7 wp-block-columns-is-layout-flex\">\n<div class=\"wp-block-column is-layout-flow wp-block-column-is-layout-flow\" style=\"flex-basis:33.33%\">\n<figure class=\"wp-block-image size-medium is-resized is-style-default\"><a href=\"http:\/\/galaxy.agh.edu.pl\/~madejski\/kontakt\/\" target=\"_blank\" rel=\"noopener noreferrer\"><img loading=\"lazy\" decoding=\"async\" width=\"2560\" height=\"2560\" src=\"http:\/\/galaxy.agh.edu.pl\/~madejski\/wp-content\/uploads\/2020\/10\/www2-edited-scaled.jpg\" alt=\"\" class=\"wp-image-486\" style=\"width:204px;height:204px\" srcset=\"https:\/\/galaxy.agh.edu.pl\/~madejski\/wp-content\/uploads\/2020\/10\/www2-edited-scaled.jpg 2560w, https:\/\/galaxy.agh.edu.pl\/~madejski\/wp-content\/uploads\/2020\/10\/www2-edited-300x300.jpg 300w, https:\/\/galaxy.agh.edu.pl\/~madejski\/wp-content\/uploads\/2020\/10\/www2-edited-1024x1024.jpg 1024w, https:\/\/galaxy.agh.edu.pl\/~madejski\/wp-content\/uploads\/2020\/10\/www2-edited-150x150.jpg 150w, https:\/\/galaxy.agh.edu.pl\/~madejski\/wp-content\/uploads\/2020\/10\/www2-edited-768x768.jpg 768w, https:\/\/galaxy.agh.edu.pl\/~madejski\/wp-content\/uploads\/2020\/10\/www2-edited-1536x1536.jpg 1536w, https:\/\/galaxy.agh.edu.pl\/~madejski\/wp-content\/uploads\/2020\/10\/www2-edited-2048x2048.jpg 2048w, https:\/\/galaxy.agh.edu.pl\/~madejski\/wp-content\/uploads\/2020\/10\/www2-edited-90x90.jpg 90w\" sizes=\"auto, (max-width: 2560px) 100vw, 2560px\" \/><\/a><\/figure>\n<\/div>\n\n\n\n<div class=\"wp-block-column is-layout-flow wp-block-column-is-layout-flow\" style=\"flex-basis:66.66%\">\n<p style=\"font-size:14px\">Obecnie jestem pracownikiem Akademii G\u00f3rniczo-Hutniczej w Krakowie. Studia uko\u0144czy\u0142em w 2009 r. na Wydziale In\u017cynierii Mechanicznej i Robotyki AGH. Doktorat obroni\u0142em w 2014 r., a stopie\u0144 doktora habilitowanego w roku 2020. W latach 2010\u20132018 pracowa\u0142em na stanowiskach Starszego Specjalisty ds. Bada\u0144 Pomiarowych AKPiA oraz Starszego Specjalisty ds. Bada\u0144 Termodynamicznych w Dziale Bada\u0144 i Rozwoju grupy energetycznej EDF Polska SA (p\u00f3\u017aniej PGE Energia Ciep\u0142a SA). Za swoj\u0105 dzia\u0142alno\u015b\u0107 badawczo-rozwojow\u0105 w 2017 roku zosta\u0142em laureatem konkursu <em><a href=\"https:\/\/www.controlengineering.pl\/liderzy-inzynierii-ponizej-czterdziestki-druga-edycja-rozstrzygnieta\/\" target=\"_blank\" rel=\"noreferrer noopener\"><strong>Lider In\u017cynierii poni\u017cej 40<\/strong><\/a> <\/em>organizowanego przez magazyny \u201eControl Engineering Polska\u201d oraz \u201eIn\u017cynieria &amp; Utrzymanie Ruchu\u201d. Moje zainteresowania naukowe skoncentrowane s\u0105 g\u0142\u00f3wnie wok\u00f3\u0142 bada\u0144 nad efektywno\u015bci\u0105 proces\u00f3w przep\u0142ywowo-cieplnych i proces\u00f3w spalania w technologiach energetycznych, monitorowania i modelowania pracy blok\u00f3w energetycznych oraz kot\u0142\u00f3w parowych oraz modelowania CFD. Obecnie prowadz\u0119 wyk\u0142ady z takich przedmiot\u00f3w jak technologie energetyczne, termodynamika, kot\u0142y parowe, elektrownie i elektrociep\u0142ownie. Jestem autorem i wsp\u00f3\u0142autorem ponad <a href=\"https:\/\/badap.agh.edu.pl\/autor\/madejski-pawel-006392\" target=\"_blank\" rel=\"noreferrer noopener\">150 prac<\/a>, w tym artyku\u0142\u00f3w, rozdzia\u0142\u00f3w w ksi\u0105\u017ckach i monografiach oraz recenzowanych materia\u0142\u00f3w konferencyjnych.<\/p>\n<\/div>\n<\/div>\n\n\n\n<p class=\"has-text-align-center\" style=\"font-size:18px\"><span style=\"text-decoration: underline;\"><\/span><a href=\"CV:\ufffc\"><span style=\"text-decoration: underline;\"><\/span><\/a><\/p>\n\n\n\n<p class=\"has-text-align-center\"><strong>Sylwetka Naukowa<\/strong><\/p>\n\n\n\n<p><strong>Do\u015bwiadczenie zawodowe<\/strong><\/p>\n\n\n\n<p>04.2020 \u2013: Profesor uczelni, Akademia G\u00f3rniczo-Hutnicza w Krakowie, Wydzia\u0142 In\u017cynierii Mechanicznej i Robotyki<\/p>\n\n\n\n<p>03.2018 \u2013 03.2020: Adiunkt, Akademia G\u00f3rniczo-Hutnicza w Krakowie, Wydzia\u0142 In\u017cynierii Mechanicznej i Robotyki<\/p>\n\n\n\n<p>12.2017 \u2013 02.2018: Starszy Specjalista ds. Bada\u0144 Termodynamicznych, PGE Energia Ciep\u0142a S.A., Krak\u00f3w, Dzia\u0142 Bada\u0144 i Rozwoju<\/p>\n\n\n\n<p>07.2015 \u2013 11.2017: Starszy Specjalista ds. Bada\u0144 Termodynamicznych, EDF Polska S.A., Krak\u00f3w, Dzia\u0142 Bada\u0144 i Rozwoju<\/p>\n\n\n\n<p>11.2010 \u2013 07.2015: Starszy Specjalista ds. Bada\u0144 Pomiarowych i AKPiA, EDF Polska S.A., Krak\u00f3w, Dzia\u0142 Bada\u0144 i Rozwoju<\/p>\n\n\n\n<p>10.2014 \u2013 01.2015: Wyk\u0142adowca, Politechnika Krakowska, Instytut Maszyn i Urz\u0105dze\u0144 Energetycznych<\/p>\n\n\n\n<p>03.2010 \u2013 05.2010: Zast\u0119pca Kierownika Produkcji, JagoPRO Sp. z o.o., Jaworzno<\/p>\n\n\n\n<p><strong>Wykszta\u0142cenie<\/strong><\/p>\n\n\n\n<p>2020: Dr hab. in\u017c., Akademia G\u00f3rniczo-Hutnicza w Krakowie, Wydzia\u0142 In\u017cynierii Mechanicznej i Robotyki,<em> Badania efektywno\u015bci proces\u00f3w przep\u0142ywowo-cieplnych i proces\u00f3w spalania w technologiach energetycznych przy u\u017cyciu modelowania numerycznego<\/em><\/p>\n\n\n\n<p>2014: Dr in\u017c., Akademia G\u00f3rniczo-Hutnicza w Krakowie, Wydzia\u0142 In\u017cynierii Mechanicznej i Robotyki,<em> Modelowanie nieustalonych proces\u00f3w przep\u0142ywowo-cieplnych w przegrzewaczu pary w kotle fluidalnym<\/em><\/p>\n\n\n\n<p>2009: Mgr in\u017c., <em>&nbsp;<\/em>Akademia G\u00f3rniczo-Hutnicza w Krakowie, Wydzia\u0142 In\u017cynierii Mechanicznej i Robotyki, <em>Specjalno\u015b\u0107: Systemy, Maszyny i Urz\u0105dzenia Energetyczne<\/em><\/p>\n\n\n\n<p><strong>G\u0142\u00f3wne obszary badawcze<\/strong><\/p>\n\n\n\n<ul class=\"wp-block-list\">\n<li>Energetyka cieplna<\/li>\n\n\n\n<li>Modelowanie CFD<\/li>\n\n\n\n<li>Technologie energetyczne<\/li>\n\n\n\n<li>Modelowanie i symulacje<\/li>\n\n\n\n<li>Materia\u0142y porowate<\/li>\n\n\n\n<li>Przep\u0142ywy wielofazowe z przemian\u0105 fazow\u0105<\/li>\n<\/ul>\n\n\n\n<p><strong>Publikacje<\/strong><\/p>\n\n\n\n<p>Ok. 150 prac, w tym ok. 50 artyku\u0142\u00f3w punktowanych, 1 podr\u0119cznik, 2 ksi\u0105\u017cki (edytor).<\/p>\n\n\n\n<ul class=\"wp-block-list\">\n<li>2020: &nbsp;Pawe\u0142 Madejski, Piotr \u017byme\u0142ka, \u201c <em>Wprowadzenie do komputerowych oblicze\u0144 symulacji pracy system\u00f3w energetycznych w programie STEAG Ebsilon\u00aeProfessional<\/em>\u201d, ISBN 978-83-66364-70-7, Wydawnictwa AGH, Krak\u00f3w 2020<\/li>\n\n\n\n<li>2023: Pawe\u0142 Madejski (Edytor),\u201c<em>Control, Simulation, and Monitoring of Thermal Processes in Power Plants<\/em>\u201d, ISBN 978-3-0365-6796-9 (Hardback), ISBN 978-3-0365-6797-6 (PDF), MDPI, St. Alban-Anlage 66, 4052 Basel, Switzerland 2023<\/li>\n\n\n\n<li>2018: Pawe\u0142 Madejski (Edytor), \u201c<em>Thermal Power Plants &#8211; New Trends and Recent Developments<\/em>\u201d, ISBN 978-1-78923-079-6, IntechOpen, London 2018<\/li>\n\n\n\n<li>2012 &#8211; 2025: SCOPUS (28.10.2025): H-index: 19, 53 prace 1242 cytowa\u0144 przez 993 dokumenty.<\/li>\n<\/ul>\n\n\n\n<p><strong>Recenzje<\/strong><\/p>\n\n\n\n<p>Od 2021 roku recenzent 14 rozpraw doktorskich.<\/p>\n\n\n\n<p>W latach 2015 \u2013 2025 ok. 100 recenzji m.in. dla czasopism:<\/p>\n\n\n\n<ul class=\"wp-block-list\">\n<li>Advances in Mechanical Engineering (2017:1)<\/li>\n\n\n\n<li>Applied Computational Mechanics (2017:1, 2019:1)<\/li>\n\n\n\n<li>Applied Mathemathics Letters (2022:1)<\/li>\n\n\n\n<li>Applied Thermal Engineering (2019:1; 2020:1;2021:1; 2022:1; 2023:1; 2024:3)<\/li>\n\n\n\n<li>Archives of Thermodynamics (2019:1; 2020:1; 2021:2; 2023:3; 2024:1)<\/li>\n\n\n\n<li>Chemical Engineering Science (2023:1)<\/li>\n\n\n\n<li>Energy Conversion and Management (2015:2; 2016:2; 2017:2; 2019:2; 2021:1)<\/li>\n\n\n\n<li>Energies (2019:2; 2020:1)<\/li>\n\n\n\n<li>Energy Reports (2024:1)<\/li>\n\n\n\n<li>Energy (2020:1; 2021:7; 2022:3; 2023:5)<\/li>\n\n\n\n<li>Fuel (2016:2; 2017:3; 2018:3; 2019:2)<\/li>\n\n\n\n<li>IEEE Transactions on Instrumentation &amp; Measurement (2018:1; 2022:1)<\/li>\n\n\n\n<li>International Journal of Greenhouse Gas Control (2022:1)<\/li>\n\n\n\n<li>International Journal of Hydrogen (2020:1; 2024:1)<\/li>\n\n\n\n<li>International Journal of Numerical Methods for Heat and Fluid Flow (2018:1; 2019:2)<\/li>\n\n\n\n<li>Journal of Thermal Science (2022:1)<\/li>\n\n\n\n<li>Nuclear Technology (2024:1)<\/li>\n\n\n\n<li>Processes (2020:1; 2021:2; 2023:1)<\/li>\n\n\n\n<li>Shock and Vibration (2021:1)<\/li>\n\n\n\n<li>The Canadian Journal of Chemical Engineering (2022:1)<\/li>\n\n\n\n<li>Thermal Science (2020:1)<\/li>\n\n\n\n<li>Thermal Science and Engineering Progress (2018:1)<\/li>\n<\/ul>\n\n\n\n<p><strong>Projekty badawcze i prace B+R<\/strong><\/p>\n\n\n\n<ul class=\"wp-block-list\">\n<li>2025 \u2013 2028: Kierownik i g\u0142\u00f3wny wykonawca projektu \u201eDirect contact condensation intensification by droplet forming during break-down of liquid jet in a gaseous medium\u201d, NCN OPUS-26 (LAP), 2023\/51\/I\/ST8\/02700.<\/li>\n\n\n\n<li>2021 \u2013 2024: Kierownik i g\u0142\u00f3wny wykonawca 2 projekt\u00f3w &#8222;Inicjatywa Doskona\u0142o\u015bci \u2013 Uczelnia Badawcza w AGH:&#8221;<ul><li>&#8211; \u201eOpracowanie prototypu stanowiska do eksperymentalnych bada\u0144 nad popraw\u0105 efektywno\u015bci strumieniowych skraplaczy H2O\/CO2 dla zastosowa\u0144 w technologiach CCUS\u201d, IDUB AGH D4-1542, 2021-2024.<\/li><\/ul>\n<ul class=\"wp-block-list\">\n<li>&#8211; \u201eZastosowanie modelowania i symulacji komputerowych dla opracowania i oceny koncepcji hybrydowego kogeneracyjnego uk\u0142adu energetycznego wspomaganego energi\u0105 odnawialn\u0105 wraz z magazynem ciep\u0142a\u201d, IDUB AGH D21-8735, 2024-2025.<\/li>\n<\/ul>\n<\/li>\n\n\n\n<li>2020 \u2013 2024: Lider WP (Work Package) w ramach projektu \u201cElektrownia gazowa o ujemnej emisji CO2 \u2013 nCO2pp\u201d, NOR\/POLNORCCS\/NEGA-TIVE-CO2-PP\/0009\/2019\u20130 (Kierownik projektu ze strony AGH).<\/li>\n\n\n\n<li>2018 \u2013 2020: Kierownik i wykonawca 2 grant\u00f3w Dziekana WIMiR AGH: \u201eOpracowanie matematycznych modeli wymiennik\u00f3w ciep\u0142a i komputerowych symulacji procesu produkcji energii, bior\u0105c pod uwag\u0119 zmieniaj\u0105ce si\u0119 warunki pracy\u201d oraz \u201eModelowanie system\u00f3w energetycznych dla nienominalnych warunk\u00f3o pracy w celu poprawy efektywno\u015bci wytwarzania energii elektrycznej i ciep\u0142a\u201d.<\/li>\n\n\n\n<li>2016 \u2013 2019: Wsp\u00f3\u0142tw\u00f3rca oprogramowania do analiz obraz\u00f3w materia\u0142\u00f3w porowatych poROSE, b\u0119d\u0105cych wynikiem realizacji prac w projekcie: \u201eNowatorska metodyka interpretacji niekonwencjonalnych z\u0142\u00f3\u017c ropy i gazu z wykorzystaniem wynik\u00f3w rentgenowskiej tomografii komputerowej\u201d, LIDER\/319\/L-6\/14\/NCBR\/2015. Program obj\u0119ty ochron\u0105 w postaci licencji przez Centrum Transferu Technologii przy Akademii G\u00f3rniczo-Hutniczej w Krakowie.<\/li>\n\n\n\n<li>2010 \u2013 2018: udzia\u0142 w realizacji 12 projekt\u00f3w badawczo-rozwojowych dla elektrowni i elektrociep\u0142owni zawodowych, oraz realizacja i przeprowadzenie test\u00f3w obiektowych i wdro\u017ce\u0144 6 autorskich system\u00f3w pozwalaj\u0105cych na optymalizacj\u0119 i usprawnienie pracy elektrociep\u0142owni gazowych oraz popraw\u0119 sprawno\u015bci kot\u0142\u00f3w parowych. pracuj\u0105c w Dziale Bada\u0144 i Rozwoju Grupy Energetycznej EDF Polska S.A. (p\u00f3\u017aniej PGE Energia Ciep\u0142a S.A.)<\/li>\n<\/ul>\n\n\n\n<p><strong>Promocja i popularyzacja nauki<\/strong><\/p>\n\n\n\n<ul class=\"wp-block-list\">\n<li>Organizacja Zawod\u00f3w Studenckich SKIPPER w WIMiR AGH pt. \u201eStudencki Konkurs In\u017cynierskiego Projektowania Prototyp\u00f3w dla EneRgetyki\u201d (2024 &#8211; )<\/li>\n\n\n\n<li>Organizacja Konkursu KLIPER w WIMiR AGH pt. \u201eKonkurs na dypLom In\u017cynierski z Projektowania w EneRgetyce\u201d (2024 &#8211; )<\/li>\n\n\n\n<li>Stworzenie w WIMiR AGH \u201eLaboratorium Komputerowego Modelowania Proces\u00f3w Cieplnych &nbsp;i Przep\u0142ywowych w Energetyce\u201d, w ramach projektu IDUB 2023, D16\/8034<\/li>\n\n\n\n<li>Organizacja (Przewodnicz\u0105cy Lokalnego Komitetu Organizacyjnego\/Local Host) Letniej Szko\u0142y \u201e5th Spring School Lattice Boltzmann Methods with OpenLB Software Lab\u201d, Krak\u00f3w, 6 \u2013 10 Czerwiec 2022<\/li>\n\n\n\n<li>Kierownik i autor programu Studi\u00f3w Podyplomowych Wsp\u00f3\u0142czesne Niskoemisyjne Technologie Energetyczne i \u0179r\u00f3d\u0142a Energii (2022 &#8211; )<\/li>\n\n\n\n<li>Opiekun profilu &#8222;<em>Technologie Energetyczne<\/em>&#8221; (2024 &#8211; ), studia dzienne, WIMiR AGH, budowa i eksploatacja maszyn<\/li>\n<\/ul>\n\n\n\n<p><strong>Opieka naukowa<\/strong><\/p>\n\n\n\n<ul class=\"wp-block-list\">\n<li>Promotor 5 doktorat\u00f3w<\/li>\n\n\n\n<li>Opiekun 1 post-doc<\/li>\n\n\n\n<li>Promotor 31 prac in\u017cynierskich i 14 magisterskich (2018 &#8211; 2025)<\/li>\n<\/ul>\n\n\n\n<p><strong>Konferencje<\/strong><\/p>\n\n\n\n<p>Cz\u0142onek Komitetu Naukowego Konferencji:<\/p>\n\n\n\n<ul class=\"wp-block-list\">\n<li>XVII Sympozjum Wymiany Ciep\u0142a i Masy (2025), Kielce 8-10.09.2025<\/li>\n\n\n\n<li>III Konferencja Naukowa Energetyki Rozproszonej (KNER\u20192025), wrzesie\u0144 2025, Krak\u00f3w Polska<\/li>\n\n\n\n<li>International Conference on Cleaner Energy Transition, ICCET 2024, 21-23 October 2024, Krak\u00f3w Poland<\/li>\n\n\n\n<li>ICACER 2023, Barcelona, Spain, April 28-30, 2023<\/li>\n\n\n\n<li>Wdzydzeanum workshop\u00a0 on fluid \u2013 solid interaction (2020, 2021, 2022, 2023, 2024, 2025)<\/li>\n\n\n\n<li>Modern Power Systems and Units, International Scientific and Technical Conference, Krak\u00f3w (2021, 2023, 2026)<\/li>\n\n\n\n<li>XII Konferencja \u201eM\u0142odzi w Energetyce\u201d (II edycja), 9 \u2013 11 grudnia 2020, Wroc\u0142aw (on-line)<\/li>\n\n\n\n<li><\/li>\n<\/ul>\n\n\n\n<p>Cz\u0142onek Komitetu Programowego: XXV Jubileuszowy Zjazd Termodynamik\u00f3w Gda\u0144sk, 11-14 wrze\u015bnia 2023.<\/p>\n\n\n\n<p><strong>Organizacje naukowe i techniczne<\/strong><\/p>\n\n\n\n<ul class=\"wp-block-list\">\n<li>Cz\u0142onek Polskiego Instytutu Spalania (2020 &#8211; )<\/li>\n\n\n\n<li>Cz\u0142onek Komisji Energetycznej przy URE (2020 &#8211; )<\/li>\n\n\n\n<li>Cz\u0142onek Kolegium Wydzia\u0142owego IMiR (2020 \u2013 2024)<\/li>\n\n\n\n<li>Cz\u0142onek Rady Dyscypliny IMiR (2024 &#8211; )<\/li>\n<\/ul>\n\n\n\n<p><strong>Sta\u017ce i pobyty naukowe<\/strong><\/p>\n\n\n\n<p>29.10 \u2013 15.11.2021: Norwegian University of Science and Technology (NTNU, Trondheim), Department of Energy and Process Engineering (EPT). Wizyta badawcza i wizyta w ramach programu Erasmus + (prowadzenie zaj\u0119\u0107 na temat stosowania wodoru w turbinach gazowych, w ramach kursu \u201eTechnologie Gazowe\u201d.<\/p>\n\n\n\n<p><\/p>\n\n\n\n<p>05 \u2013 11.05.2019: National Coal Institute Incar-CSIC w Oviedo (Spain). Wizyta w ramach programu Erasmus + dla pracownik\u00f3w, udzia\u0142 w badaniach z wykorzystaniem metod i technik laboratoryjnych stosowanych do wychwytywania CO<sub>2<\/sub> metod\u0105 Calcium Looping.<\/p>\n\n\n\n<p>11.2014 \u2013 03.2015: EDF R&amp;D France, Chatou (Paris). Modelowanie CFD proces\u00f3w spalania w kot\u0142ach py\u0142owych w programie Code_Saturne.<\/p>\n\n\n\n<p><strong>Najwa\u017cniejsze nagrody i wyr\u00f3\u017cnienia<\/strong><\/p>\n\n\n\n<ul class=\"wp-block-list\">\n<li>Wyr\u00f3\u017cnienie za osi\u0105gni\u0119cia naukowe w 2025: Top 2% Scientists 2025 ranking (Stanford University &amp; Elsevier), uznaj\u0105cy najbardziej wp\u0142ywowych naukowc\u00f3w na \u015bwiecie. Wyr\u00f3\u017cniono prace w dziedzinie technologii energetycznych i strategicznych oraz energii<\/li>\n\n\n\n<li>Laureat 5 nagr\u00f3d 1-stopnia Rektora AGH (2020 \u2013 2024) za indywidualne osi\u0105gni\u0119cia naukowe, laureat nagrody 2-stopnia Rektora AGH (2018)  za indywidualne osi\u0105gni\u0119cia naukowe<\/li>\n\n\n\n<li>Laureat 1 nagrody 1-stopnia Rektora AGH (2020) za zespo\u0142owe osi\u0105gni\u0119cia dydaktyczne, laureat nagrody 2-stopnia Rektora AGH (2020) za indywidualne osi\u0105gni\u0119cia dydaktyczne, laureat 1 nagrody 2-stopnia Rektora AGH (2021) za zespo\u0142owe osi\u0105gni\u0119cia dydaktyczne,\u00a0laureat 1 nagrody 3-stopnia Rektora AGH (2024) za zespo\u0142owe osi\u0105gni\u0119cia dydaktyczne<\/li>\n\n\n\n<li>Laureat 1 nagrody 2-stopnia Rektora AGH (2022) za zespo\u0142owe osi\u0105gni\u0119cia organizacyjne, laureat 1 nagrody 3-stopnia Rektora AGH (2023) za zespo\u0142owe osi\u0105gni\u0119cia organizacyjne<\/li>\n\n\n\n<li>Nagroda w konkursie dla najlepszego promotora (2022, 2024), \u201eInicjatywa Doskona\u0142o\u015bci \u2013 Uczelnia Badawcza w AGH\u201d<\/li>\n\n\n\n<li>Zwyci\u0119zca nagrody trzeciego stopnia (2021) w konkursie dla najlepiej publikuj\u0105cego naukowca AGH w 2020 roku<\/li>\n\n\n\n<li>Nagroda \u201cLider In\u017cynierii poni\u017cej 40\u201d w konkursie organizowanym przez Control Engineering Polska oraz In\u017cynieria i Utrzymanie Ruchu, Stycze\u0144 2017<\/li>\n\n\n\n<li>Wyr\u00f3\u017cnienia dla recenzenta czasopisma Fuel: Certificate Outstanding Contribution in Reviewing, Elsevier, Amsterdam August 2016<\/li>\n\n\n\n<li>Wyr\u00f3\u017cnienia dla recenzenta czasopisma Energy Conversion and Management: Certificate Outstanding Contribution in Reviewing, Elsevier, Amsterdam January 2015<\/li>\n\n\n\n<li>Laureat konkursu \u201eDoctus \u2013 Ma\u0142opolski fundusz stypendialny dla doktorant\u00f3w\u201d za realizowana prac\u0119 doktorsk\u0105 w latach 2010-2013<\/li>\n<\/ul>\n\n\n\n<p><strong>Hobby<\/strong><\/p>\n\n\n\n<p>Podr\u00f3\u017ce, wycieczki g\u00f3rskie, muzyka (gra na gitarze), sport (pi\u0142ka no\u017cna, \u017ceglarstwo)<\/p>\n","protected":false},"excerpt":{"rendered":"<p>Obecnie jestem pracownikiem Akademii G\u00f3rniczo-Hutniczej w Krakowie. Studia uko\u0144czy\u0142em w 2009 r. na Wydziale In\u017cynierii Mechanicznej i Robotyki AGH. Doktorat obroni\u0142em w 2014 r., a stopie\u0144 doktora habilitowanego w roku 2020. W latach 2010\u20132018 pracowa\u0142em na stanowiskach Starszego Specjalisty ds. Bada\u0144 Pomiarowych AKPiA oraz Starszego Specjalisty ds. Bada\u0144 Termodynamicznych w Dziale Bada\u0144 i Rozwoju grupy <a class=\"read-more\" href=\"https:\/\/galaxy.agh.edu.pl\/~madejski\/o-mnie\/\">READ MORE<\/a><\/p>\n","protected":false},"author":1,"featured_media":0,"parent":0,"menu_order":0,"comment_status":"closed","ping_status":"closed","template":"","meta":{"footnotes":""},"class_list":["post-20","page","type-page","status-publish","hentry"],"_links":{"self":[{"href":"https:\/\/galaxy.agh.edu.pl\/~madejski\/wp-json\/wp\/v2\/pages\/20","targetHints":{"allow":["GET"]}}],"collection":[{"href":"https:\/\/galaxy.agh.edu.pl\/~madejski\/wp-json\/wp\/v2\/pages"}],"about":[{"href":"https:\/\/galaxy.agh.edu.pl\/~madejski\/wp-json\/wp\/v2\/types\/page"}],"author":[{"embeddable":true,"href":"https:\/\/galaxy.agh.edu.pl\/~madejski\/wp-json\/wp\/v2\/users\/1"}],"replies":[{"embeddable":true,"href":"https:\/\/galaxy.agh.edu.pl\/~madejski\/wp-json\/wp\/v2\/comments?post=20"}],"version-history":[{"count":21,"href":"https:\/\/galaxy.agh.edu.pl\/~madejski\/wp-json\/wp\/v2\/pages\/20\/revisions"}],"predecessor-version":[{"id":1413,"href":"https:\/\/galaxy.agh.edu.pl\/~madejski\/wp-json\/wp\/v2\/pages\/20\/revisions\/1413"}],"wp:attachment":[{"href":"https:\/\/galaxy.agh.edu.pl\/~madejski\/wp-json\/wp\/v2\/media?parent=20"}],"curies":[{"name":"wp","href":"https:\/\/api.w.org\/{rel}","templated":true}]}}