{"id":127,"date":"2020-07-07T16:05:48","date_gmt":"2020-07-07T14:05:48","guid":{"rendered":"http:\/\/galaxy.agh.edu.pl\/~madejski\/?page_id=127"},"modified":"2024-02-26T19:19:01","modified_gmt":"2024-02-26T18:19:01","slug":"energetyka-cieplna-studia-podyplomowe","status":"publish","type":"page","link":"https:\/\/galaxy.agh.edu.pl\/~madejski\/energetyka-cieplna-studia-podyplomowe\/","title":{"rendered":"Energetyka cieplna &#8211; studia podyplomowe"},"content":{"rendered":"\n<h3 class=\"wp-block-heading\"><strong>Charakterystyka studi\u00f3w<\/strong><\/h3>\n\n\n\n<p>Studia maj\u0105 na celu poszerzenie wiedzy z:<\/p>\n\n\n\n<ul class=\"wp-block-list\">\n<li>przedmiot\u00f3w podstawowych takich jak termodynamika, spalanie, wymiana ciep\u0142a, mechanika p\u0142yn\u00f3w,<\/li>\n<\/ul>\n\n\n\n<ul class=\"wp-block-list\">\n<li>og\u00f3lnotechnicznych m.in. maszyn przep\u0142ywowych, eksploatacji oraz diagnostyki maszyn i urz\u0105dze\u0144 energetycznych, uk\u0142ad\u00f3w regulacji cyfrowej, energetyki j\u0105drowej,<\/li>\n<\/ul>\n\n\n\n<ul class=\"wp-block-list\">\n<li>specjalno\u015bciowych takich jak konstrukcja i eksploatacja kot\u0142\u00f3w, turbin parowych i gazowych, uk\u0142ad\u00f3w gazowo-parowych, ogrzewnictwo, wentylacja i klimatyzacja, sieci cieplne, kontrola proces\u00f3w cieplnych w si\u0142owniach parowych, technologie proekologiczne w energetyce, odnawialne \u017ar\u00f3d\u0142a energii, rynek energii.<\/li>\n<\/ul>\n\n\n\n<p><a href=\"https:\/\/www.podyplomowe.agh.edu.pl\/oferta-studiow-podyplomowych\/energetyka-cieplna\" target=\"_blank\" rel=\"noreferrer noopener\">Wi\u0119cej informacji mo\u017cna znale\u017a\u0107 tutaj<\/a><\/p>\n","protected":false},"excerpt":{"rendered":"<p>Charakterystyka studi\u00f3w Studia maj\u0105 na celu poszerzenie wiedzy z: Wi\u0119cej informacji mo\u017cna znale\u017a\u0107 tutaj<\/p>\n","protected":false},"author":1,"featured_media":0,"parent":0,"menu_order":0,"comment_status":"closed","ping_status":"closed","template":"","meta":{"footnotes":""},"class_list":["post-127","page","type-page","status-publish","hentry"],"_links":{"self":[{"href":"https:\/\/galaxy.agh.edu.pl\/~madejski\/wp-json\/wp\/v2\/pages\/127","targetHints":{"allow":["GET"]}}],"collection":[{"href":"https:\/\/galaxy.agh.edu.pl\/~madejski\/wp-json\/wp\/v2\/pages"}],"about":[{"href":"https:\/\/galaxy.agh.edu.pl\/~madejski\/wp-json\/wp\/v2\/types\/page"}],"author":[{"embeddable":true,"href":"https:\/\/galaxy.agh.edu.pl\/~madejski\/wp-json\/wp\/v2\/users\/1"}],"replies":[{"embeddable":true,"href":"https:\/\/galaxy.agh.edu.pl\/~madejski\/wp-json\/wp\/v2\/comments?post=127"}],"version-history":[{"count":8,"href":"https:\/\/galaxy.agh.edu.pl\/~madejski\/wp-json\/wp\/v2\/pages\/127\/revisions"}],"predecessor-version":[{"id":1068,"href":"https:\/\/galaxy.agh.edu.pl\/~madejski\/wp-json\/wp\/v2\/pages\/127\/revisions\/1068"}],"wp:attachment":[{"href":"https:\/\/galaxy.agh.edu.pl\/~madejski\/wp-json\/wp\/v2\/media?parent=127"}],"curies":[{"name":"wp","href":"https:\/\/api.w.org\/{rel}","templated":true}]}}