{"id":1178,"date":"2024-03-02T14:42:08","date_gmt":"2024-03-02T13:42:08","guid":{"rendered":"http:\/\/galaxy.agh.edu.pl\/~madejski\/?page_id=1178"},"modified":"2025-10-27T20:19:30","modified_gmt":"2025-10-27T19:19:30","slug":"konferencje","status":"publish","type":"page","link":"https:\/\/galaxy.agh.edu.pl\/~madejski\/konferencje\/","title":{"rendered":"Konferencje"},"content":{"rendered":"\n<div class=\"wp-block-group\"><div class=\"wp-block-group__inner-container is-layout-constrained wp-block-group-is-layout-constrained\">\n<div class=\"wp-block-columns is-layout-flex wp-container-core-columns-is-layout-9d6595d7 wp-block-columns-is-layout-flex\">\n<div class=\"wp-block-column is-layout-flow wp-block-column-is-layout-flow\" style=\"flex-basis:50%\">\n<figure class=\"wp-block-image size-large is-resized\"><img loading=\"lazy\" decoding=\"async\" width=\"1024\" height=\"768\" src=\"http:\/\/galaxy.agh.edu.pl\/~madejski\/wp-content\/uploads\/2024\/10\/IMG_20230620_175629-1024x768.jpg\" alt=\"\" class=\"wp-image-1288\" style=\"width:724px;height:auto\" srcset=\"https:\/\/galaxy.agh.edu.pl\/~madejski\/wp-content\/uploads\/2024\/10\/IMG_20230620_175629-1024x768.jpg 1024w, https:\/\/galaxy.agh.edu.pl\/~madejski\/wp-content\/uploads\/2024\/10\/IMG_20230620_175629-300x225.jpg 300w, https:\/\/galaxy.agh.edu.pl\/~madejski\/wp-content\/uploads\/2024\/10\/IMG_20230620_175629-768x576.jpg 768w, https:\/\/galaxy.agh.edu.pl\/~madejski\/wp-content\/uploads\/2024\/10\/IMG_20230620_175629-1536x1152.jpg 1536w, https:\/\/galaxy.agh.edu.pl\/~madejski\/wp-content\/uploads\/2024\/10\/IMG_20230620_175629-2048x1536.jpg 2048w\" sizes=\"auto, (max-width: 1024px) 100vw, 1024px\" \/><\/figure>\n\n\n\n<p class=\"has-text-align-center\"><strong>TCCS-12, Trondheim, Norwegia, 19 \u2013 21 Czerwiec 2023<\/strong><\/p>\n<\/div>\n\n\n\n<div class=\"wp-block-column is-layout-flow wp-block-column-is-layout-flow\" style=\"flex-basis:50%\">\n<figure class=\"wp-block-image size-large is-resized\"><img loading=\"lazy\" decoding=\"async\" width=\"768\" height=\"1024\" src=\"http:\/\/galaxy.agh.edu.pl\/~madejski\/wp-content\/uploads\/2024\/10\/IMG-20220618-WA0010-768x1024.jpg\" alt=\"\" class=\"wp-image-1290\" style=\"width:407px;height:auto\" srcset=\"https:\/\/galaxy.agh.edu.pl\/~madejski\/wp-content\/uploads\/2024\/10\/IMG-20220618-WA0010-768x1024.jpg 768w, https:\/\/galaxy.agh.edu.pl\/~madejski\/wp-content\/uploads\/2024\/10\/IMG-20220618-WA0010-225x300.jpg 225w, https:\/\/galaxy.agh.edu.pl\/~madejski\/wp-content\/uploads\/2024\/10\/IMG-20220618-WA0010-1152x1536.jpg 1152w, https:\/\/galaxy.agh.edu.pl\/~madejski\/wp-content\/uploads\/2024\/10\/IMG-20220618-WA0010.jpg 1536w\" sizes=\"auto, (max-width: 768px) 100vw, 768px\" \/><\/figure>\n\n\n\n<p class=\"has-text-align-center\"><strong>2nd International Conference on Negative CO2 Emissions, G\u00f6teborg, Sweden, 14-17 Czerwiec 2022<\/strong><\/p>\n<\/div>\n<\/div>\n\n\n\n<figure class=\"wp-block-image size-large is-resized\"><img loading=\"lazy\" decoding=\"async\" width=\"1024\" height=\"1024\" src=\"http:\/\/galaxy.agh.edu.pl\/~madejski\/wp-content\/uploads\/2024\/12\/IMG20241115124734-1024x1024.jpg\" alt=\"\" class=\"wp-image-1329\" style=\"width:430px;height:auto\" srcset=\"https:\/\/galaxy.agh.edu.pl\/~madejski\/wp-content\/uploads\/2024\/12\/IMG20241115124734-1024x1024.jpg 1024w, https:\/\/galaxy.agh.edu.pl\/~madejski\/wp-content\/uploads\/2024\/12\/IMG20241115124734-300x300.jpg 300w, https:\/\/galaxy.agh.edu.pl\/~madejski\/wp-content\/uploads\/2024\/12\/IMG20241115124734-150x150.jpg 150w, https:\/\/galaxy.agh.edu.pl\/~madejski\/wp-content\/uploads\/2024\/12\/IMG20241115124734-768x768.jpg 768w, https:\/\/galaxy.agh.edu.pl\/~madejski\/wp-content\/uploads\/2024\/12\/IMG20241115124734-1536x1536.jpg 1536w, https:\/\/galaxy.agh.edu.pl\/~madejski\/wp-content\/uploads\/2024\/12\/IMG20241115124734-2048x2048.jpg 2048w\" sizes=\"auto, (max-width: 1024px) 100vw, 1024px\" \/><\/figure>\n<\/div><\/div>\n\n\n\n<p><strong>20th Multiphase Flow Conference and Short Course MPF2024, Drezno, Niemcy, 11 &#8211; 15 Listopad 2024<\/strong><\/p>\n\n\n\n<figure class=\"wp-block-image size-large\"><img loading=\"lazy\" decoding=\"async\" width=\"1024\" height=\"576\" src=\"https:\/\/galaxy.agh.edu.pl\/~madejski\/wp-content\/uploads\/2025\/10\/DSC_3716-1024x576.jpg\" alt=\"\" class=\"wp-image-1407\" srcset=\"https:\/\/galaxy.agh.edu.pl\/~madejski\/wp-content\/uploads\/2025\/10\/DSC_3716-1024x576.jpg 1024w, https:\/\/galaxy.agh.edu.pl\/~madejski\/wp-content\/uploads\/2025\/10\/DSC_3716-300x169.jpg 300w, https:\/\/galaxy.agh.edu.pl\/~madejski\/wp-content\/uploads\/2025\/10\/DSC_3716-768x432.jpg 768w, https:\/\/galaxy.agh.edu.pl\/~madejski\/wp-content\/uploads\/2025\/10\/DSC_3716-1536x864.jpg 1536w, https:\/\/galaxy.agh.edu.pl\/~madejski\/wp-content\/uploads\/2025\/10\/DSC_3716-2048x1152.jpg 2048w\" sizes=\"auto, (max-width: 1024px) 100vw, 1024px\" \/><\/figure>\n\n\n\n<p><br><strong><strong>6th International Conference on Structural Integrity, Funchal, Madera, Portugalia, 1 &#8211; 4 Wrzesie\u0144 2025<\/strong><\/strong><\/p>\n\n\n\n<p class=\"has-text-align-center\"><strong>Udzia\u0142 w konferencjach mi\u0119dzynarodowych<\/strong><\/p>\n\n\n\n<ol class=\"wp-block-list\">\n<li><strong>8th International Conference on Scientific-Research Cooperation between Vietnam and Poland VIET-POL 2025, Hanoi, Wietnam, 21 &#8211; 24 Pa\u017adziernik 2025<\/strong><br>Integrating Solar Energy and Thermal Storage for the Decarbonization of Fossil Fuel Power Plants<\/li>\n\n\n\n<li><strong>6th International Conference on Structural Integrity, Funchal, Madera, Portugalia, 1 &#8211; 4 Wrzesie\u0144 2025<\/strong><br>Application of micro-CT for characterization and analysis of 3D-printed samples produced using FDM additive manufacturing method<\/li>\n\n\n\n<li><strong>XI International Scientific Congress Innovations 2025, Warna, Bu\u0142garia, 23 \u2013 26 Czerwiec 2025<\/strong><br>Simulation of solar-coal hybrid power plant based on the Rankine cycle<\/li>\n\n\n\n<li><strong>Decarb Cities 2025 &#8211; Cities driving the energy transition, Krak\u00f3w, Polska, 13 &#8211; 14 Maj 2025<\/strong><br>Pannel Session: From laws in brussels to local muscles: How the eu supports cities<\/li>\n\n\n\n<li><strong>20th Multiphase Flow Conference and Short Course MPF2024, Drezno, Niemcy, 11 &#8211; 15 Listopad 2024<\/strong><br>Investigation of multiphase flow in Direct Contact Condensation processes<\/li>\n\n\n\n<li><strong>International Conference on Cleaner Energy Transition ICCET 2024, Krak\u00f3w, 21 &#8211; 23 Pa\u017adziernik 2024<\/strong><br>Modeling and simulation of solar assisted steam power plant<\/li>\n\n\n\n<li><strong>12th Wdzydzeanum Workshop on \u201eFluid \u2013 Solid Interaction\u201d, Wdzydze Kiszewskie, 1\u2013 5 Wrzesie\u0144 2024<\/strong><br>The concept of steam power plant improvement by retrofit with a CSP and TES systems<\/li>\n\n\n\n<li><strong>ASCI \u2013 PIC Joint Meeting &#8211; Ljubljana 2024,  Ljubljana, S\u0142owenia, 9 kwiecie\u0144 2024<\/strong><br>Development of prototype ejector-condenser installation for oxy-combustion CO<sub>2<\/sub> capture application<\/li>\n\n\n\n<li><strong>12th Trondheim Conference on CO2 Capture Transport and Storage TCCS-12, Trondheim, Norwegia, 19 \u2013 21 Czerwiec 2023<\/strong><br>Analysis of technical performances of retrofitted large-scale gas-fired CHP into the negative CO2 emission power plant<\/li>\n\n\n\n<li><strong>VI International Scientific and Technical Conference Modern Power Systems and Units, Krak\u00f3w, Polska, 24 \u2013 26 Maj 2023<\/strong><br>Experimental investigation of thermo-flow processes during direct contact condensation in the two-phase ejector-condenser<\/li>\n\n\n\n<li><strong>7th International Conference on Contemporary Problems of Thermal Engineering. Conference Proceedings CPOTE 2022, Warszawa, Polska, 20-23 Wrzesie\u0144 2022<\/strong><br>Development of a spray-ejector condenser for the use in a negative CO2 emission gas power plant<\/li>\n\n\n\n<li><strong>10th Wdzydzeanum Workshop on \u201eFluid \u2013 Solid Interaction\u201d, Wdzydze Kiszewskie, 4 \u2013 9 Wrzesie\u0144 2022<\/strong><br>Analysis of carbon dioxide emission in cogeneration units with gas turbines<\/li>\n\n\n\n<li><strong>2nd International Conference on Negative CO2 Emissions, G\u00f6teborg, Sweden, 14-17 Czerwiec 2022<\/strong><br>Energy and exergy analysis of negative CO2 emission gas power plant operation using thermodynamic modelling results of the cycle<\/li>\n\n\n\n<li><strong>14th Annual Meeting Interpore 2022, Abu Dhabi United Arab Emirates &amp; Online, 30 &nbsp;Maj \u2013 02 Czerwiec 2022<\/strong><br>Permeability estimation in the low-porous rock sample using the Navier-Stokes equation at slip and no-slip conditions<\/li>\n\n\n\n<li><strong>9th Wdzydzeanum Workshop on \u201eFluid \u2013 Solid Interaction\u201d, Wdzydze Kiszewskie, 5 \u2013 10 Wrzesie\u0144 2021<\/strong><br>The possibilities of carrying out numerical and experimental tests of jet type flow condensers for application in energy technologies<\/li>\n\n\n\n<li><strong>XIV Workshop Summer School Multiphase Flows, Gda\u0144sk, Polska, 2 \u2013 4 Wrzesie\u0144 2021<\/strong><br>Research on the possibilities of jet-type flow condenser application in low-emission gas power technologies<\/li>\n\n\n\n<li><strong>V International Scientific and Technical Conference Modern Power Systems and Units, Krak\u00f3w, Polska&nbsp;(on-line), 19 \u2013 25 Maj 2021<\/strong><br>Thermal and flow calculations of platen superheater in CFB boiler<\/li>\n\n\n\n<li><strong>8th Wdzydzeanum Workshop on \u201eFluid \u2013 Solid Interaction\u201d, Wdzydze Kiszewskie, 30 Sierpie\u0144 \u2013 3 Wrzesie\u0144 2020<\/strong><br>Techniques and models for the calculation of thermal-flow phenomena in porous space channels<\/li>\n\n\n\n<li><strong>XII International Conference on Computational Heat Mass and Momentum Transfer, Rzym, W\u0142ochy, 3 &#8211; 6 Wrzesie\u0144 2019<\/strong><br>Numerical simulations and laboratory measurements for permeability analysis in low porous rock<br>Numerical simulation of turbulent combustion in pulverized coal-fired boiler using mixture fraction method<\/li>\n\n\n\n<li><strong>13<sup>th<\/sup>&nbsp;International Conference on Boiler Technology ICBT 2018, Szczyrk,  23 \u2013 26 Pa\u017adziernik, 2018<\/strong><br>Numerical investigation of pulverized-coal combustion process characteristic in a combustion chamber of an industrial power plant boiler<br>Modeling of superheater transient operation in CFB boiler<\/li>\n\n\n\n<li><strong>III International Conference of Energy and Environmental Protection, Krak\u00f3w 13-14 wrzesie\u0144 2018<\/strong><br>Coal combustion modelling in a frontal pulverized coal-fired boiler<\/li>\n\n\n\n<li><strong>The XI International Conference on Computational Heat Mass and Momentum Transfer, Krak\u00f3w, Polska, 21-24 Maj 2018<\/strong><br>Gas flow modeling for permeability determinantion on porous rock sample using Maxwell slip model<br>Comprehensive approach for porous materials analysis using a dedicated preprocessor tool for mass and heat transfer modelling<\/li>\n\n\n\n<li><strong>XXIII Research and Development in Power Engineering \u2013 RDPE 2017, Warszawa 28 listopad \u2013 1 grudnia 2017<\/strong><br>Gas fired plant modeling for monitoring and optimization of electricity and heat production<\/li>\n\n\n\n<li><strong>4<sup>th<\/sup> International Conference Contemporary Problems of Thermal Engineering CPOTE 2016, Gliwice-Katowice 14 &#8211; 16 Wrzesie\u0144 2016<\/strong><br>Analysis of fouling degree of heating surfaces in a pulverized coal fired boiler<\/li>\n\n\n\n<li><strong>The IX<sup>th<\/sup> International Conference on Computational Heat and Mass Transfer, Krak\u00f3w, Polska 23-26 Maj 2016<\/strong><br>CFD modeling of a frontal fired pulverized coal boiler<\/li>\n\n\n\n<li><strong>XII <strong>Research and Development in Power Engineering \u2013 RDPE <\/strong>2015, Warszawa 8 \u2013 11 grudnia 2015<\/strong><br>Impact of furnace operating conditions on the non-uniformity of temperature distribution inside the front-fired pulverized coal boiler<\/li>\n\n\n\n<li><strong>12<sup>th<\/sup>&nbsp;International Conference on Boiler Technology ICBT 2014, Szczyrk, Pa\u017adziernik 21 \u2013 24, 2014<\/strong><br>Verification of computational fluid dynamics pulverized coal boiler simulation using a system of acoustic temperature measurement<\/li>\n\n\n\n<li><strong>III International Scientific and Technical Conference Modern Power Systems and Units, Krak\u00f3w<\/strong>, <strong>16 \u2013 18 pa\u017adziernik 2013<\/strong><br>Assessment of the impact of biomass burners location in OP-650 boiler on the UBC content in bottom ash<\/li>\n\n\n\n<li><strong>75th EAGE Conference &amp; Exhibition Incorporating SPE EUROPEC 2013: 10\u201313 Czerwiec 2013, London, UK<\/strong><br>Fluid flow modeling in tight Carboniferous sandstone<\/li>\n\n\n\n<li><strong>3rd International Conference Contemporary Problems of Thermal Engineering, 18 \u2013 20 Wrzesie\u0144 2012, Gliwice<\/strong><br>Analysis of temperature and stress distribution of superheater tubes after sootblower activation<br>Combustion process optimization in the boiler OP-650k based on acoustic gas temperature measuring system<\/li>\n<\/ol>\n\n\n\n<p class=\"has-text-align-center\"><strong>Udzia\u0142 w konferencjach krajowych<\/strong><\/p>\n\n\n\n<ol class=\"wp-block-list\">\n<li><strong>XVII Sympozjum Wymiany Ciep\u0142a i Masy, Kielce, 8-10 Wrzesie\u0144 2025<\/strong><br>Badania eksperymentalne i numeryczne proces\u00f3w cieplno-przep\u0142ywowych w strumienicy dwufazowej<\/li>\n\n\n\n<li><strong>X Mi\u0119dzynarodowa Konferencja Mechanizacja, Automatyzacja i Robotyzacja w G\u00f3rnictwie MARG 2025, Wis\u0142a, Polska, 11 \u2013 13 Czerwiec 2025<\/strong><br>Adaptacyjne sieci neuronowe oparte na fizyce do badania sprz\u0119\u017conych proces\u00f3w termomechanicznych<\/li>\n\n\n\n<li><strong>IX Mi\u0119dzynarodowa Konferencja Mechanizacja, Automatyzacja i Robotyzacja w G\u00f3rnictwie MARG 2024, Wis\u0142a, Polska, 12 \u2013 14 Czerwiec 2024<\/strong><br>Wykorzystanie wodoru jako paliwa w silnikach i turbinach gazowych<\/li>\n\n\n\n<li><strong>XXV Jubileuszowy Zjazd Termodynamik\u00f3w, Gda\u0144sk, Polska, 11-14 Wrzesie\u0144 2023<\/strong><br>Koncepcja uk\u0142adu energetycznego o ujemnej emisji CO2 integruj\u0105cego elektrociep\u0142owni\u0119 gazowo-parow\u0105 z instalacj\u0105 zgazowania biomasy i instalacj\u0105 wychwytu CO2<\/li>\n\n\n\n<li><strong>VIII Mi\u0119dzynarodowa Konferencja Mechanizacja, Automatyzacja i Robotyzacja w G\u00f3rnictwie MARG 2023, Wis\u0142a, Polska, 14 \u2013 16 Czerwiec, 2023<\/strong><br>Wsp\u00f3\u0142czesne niskoemisyjne technologie energetyczne i \u017ar\u00f3d\u0142a energii<\/li>\n\n\n\n<li><strong>Innowacje w Odnawialnych \u0179r\u00f3d\u0142ach Energii, Krak\u00f3w, Polska, 9 -10 Czerwiec 2022<\/strong><br>Modelowanie CFD przep\u0142yw\u00f3w wielofazowych w pracy maszyn i urz\u0105dze\u0144 ekoenergetycznych<\/li>\n\n\n\n<li><strong>VII Mi\u0119dzynarodowa Konferencja Mechanizacja, Automatyzacja i Robotyzacja w G\u00f3rnictwie MARG 2021, Wis\u0142a, Polska, 17 \u2013 19 Listopad 2021<\/strong><br>Wsp\u00f3\u0142czesne metody i technologie wychwytu CO2<\/li>\n\n\n\n<li><strong>XI Konferencja Remonty i Utrzymanie Ruchu w Energetyce, Liche\u0144, 26-28 listopad 2018<\/strong><br>Ebsilon Professional \u2013 modelowanie blok\u00f3w i ich optymalizacja<\/li>\n\n\n\n<li><strong>XXII Zjazd Termodynamik\u00f3w, Pola\u0144czyk, 23- 27 Wrzesie\u0144 2014<\/strong><br>Modelowanie ustalonych proces\u00f3w przep\u0142ywowo-cieplnych w przegrzewaczu pary w kotle fluidalnym<\/li>\n<\/ol>\n\n\n\n<p class=\"has-text-align-center\"><strong>Wyk\u0142ady i referaty<\/strong><\/p>\n\n\n\n<ol class=\"wp-block-list\">\n<li><strong>Konferencja UDT, Nowa Energetyka \u2013 Nowoczesne Systemy Pozyskiwania Energi<\/strong>, <strong>6-8 marca 2024, Wis\u0142a, Polska<\/strong><br>Wyg\u0142oszony referat: Potencja\u0142 wykorzystania wodoru jako paliwa w turbinach gazowych<\/li>\n\n\n\n<li><strong>3rd Summer School, Clean Energy (CenMAT), Institute of Fluid-Flow Machinery of the Polish Academy of Sciences, 28.06.2023, Jab\u0142onna, Polska<\/strong><br>Lecture: Contemporary low-emission energy technologies and energy sources<\/li>\n\n\n\n<li><strong>2nd Winter School, Intelligent distributed generation (CenMAT), Institute of Fluid- Flow Machinery of the Polish Academy of Sciences, 24.02.2023, Gda\u0144sk, Polska (online)<\/strong><br>Lecture: Modern technologies for combined heat and power production,<\/li>\n\n\n\n<li><strong>Norwegian University of Science and Technology (NTNU), Department of Energy and Process Engineering (EPT), 29.10 \u2013 15.11.2021, Trondheim, Norwegia<\/strong><br>Lecture: Hydrogen use in gas turbines, (guest lecturer in course Gas Technology)<\/li>\n\n\n\n<li><strong>W. Olszak and A. Sawczuk Institute of Mechanics Seminar, Institute of Fundamental Technological Research of the Polish Academy of Sciences, 17.06.2019, Warszawa, Polska<\/strong><br>Lecture: Modeling of flow and thermal phenomena in porous materials, including detailed mapping of the analyzed area of pore space<\/li>\n\n\n\n<li><strong>Seminar of the Department of Theory of Continuous Media and Nanostructures, Institute of Fundamental Technological Research of the Polish Academy of Sciences, 01.02.2019, Warszawa, Polska<\/strong><br>Lecture: Modeling fluid flow through low- porosity and low-permeability rocks<\/li>\n\n\n\n<li><strong>Seminar of the Flow and Combustion Center, Institute of Fluid-Flow Machinery of the Polish Academy of Sciences, 07.01.2019, Gda\u0144sk, Polska<\/strong><br>Lecture: Modeling of selected thermal energy issues<\/li>\n<\/ol>\n","protected":false},"excerpt":{"rendered":"<p>TCCS-12, Trondheim, Norwegia, 19 \u2013 21 Czerwiec 2023 2nd International Conference on Negative CO2 Emissions, G\u00f6teborg, Sweden, 14-17 Czerwiec 2022 20th Multiphase Flow Conference and Short Course MPF2024, Drezno, Niemcy, 11 &#8211; 15 Listopad 2024 6th International Conference on Structural Integrity, Funchal, Madera, Portugalia, 1 &#8211; 4 Wrzesie\u0144 2025 Udzia\u0142 w konferencjach mi\u0119dzynarodowych Udzia\u0142 w <a class=\"read-more\" href=\"https:\/\/galaxy.agh.edu.pl\/~madejski\/konferencje\/\">READ MORE<\/a><\/p>\n","protected":false},"author":1,"featured_media":0,"parent":0,"menu_order":0,"comment_status":"closed","ping_status":"closed","template":"","meta":{"footnotes":""},"class_list":["post-1178","page","type-page","status-publish","hentry"],"_links":{"self":[{"href":"https:\/\/galaxy.agh.edu.pl\/~madejski\/wp-json\/wp\/v2\/pages\/1178","targetHints":{"allow":["GET"]}}],"collection":[{"href":"https:\/\/galaxy.agh.edu.pl\/~madejski\/wp-json\/wp\/v2\/pages"}],"about":[{"href":"https:\/\/galaxy.agh.edu.pl\/~madejski\/wp-json\/wp\/v2\/types\/page"}],"author":[{"embeddable":true,"href":"https:\/\/galaxy.agh.edu.pl\/~madejski\/wp-json\/wp\/v2\/users\/1"}],"replies":[{"embeddable":true,"href":"https:\/\/galaxy.agh.edu.pl\/~madejski\/wp-json\/wp\/v2\/comments?post=1178"}],"version-history":[{"count":33,"href":"https:\/\/galaxy.agh.edu.pl\/~madejski\/wp-json\/wp\/v2\/pages\/1178\/revisions"}],"predecessor-version":[{"id":1408,"href":"https:\/\/galaxy.agh.edu.pl\/~madejski\/wp-json\/wp\/v2\/pages\/1178\/revisions\/1408"}],"wp:attachment":[{"href":"https:\/\/galaxy.agh.edu.pl\/~madejski\/wp-json\/wp\/v2\/media?parent=1178"}],"curies":[{"name":"wp","href":"https:\/\/api.w.org\/{rel}","templated":true}]}}