{"id":1164,"date":"2024-03-02T14:10:48","date_gmt":"2024-03-02T13:10:48","guid":{"rendered":"http:\/\/galaxy.agh.edu.pl\/~madejski\/?page_id=1164"},"modified":"2025-10-27T21:00:17","modified_gmt":"2025-10-27T20:00:17","slug":"kliper","status":"publish","type":"page","link":"https:\/\/galaxy.agh.edu.pl\/~madejski\/kliper\/","title":{"rendered":"KLIPER &#8211; Konkurs na dypLom In\u017cynierski z Projektowania w EneRgetyce"},"content":{"rendered":"\n<p>Obiektem bada\u0144 w Twojej pracy by\u0142a maszyna, urz\u0105dzenie lub system energetyczny? Wykorzystywa\u0142e\u015b w swojej pracy metody analityczne lub metody numeryczne? Zrealizowa\u0142e\u015b swoj\u0105 prac\u0119 wykorzystuj\u0105c metody eksperymentalne lub druk 3D? A mo\u017ce stosowa\u0142e\u015b podstawowe zasady z zakresu termodynamiki, mechaniki p\u0142yn\u00f3w lub wymiany ciep\u0142a w swoim projekcie? Je\u017celi TAK, to oznacza \u017ce konkurs <strong><em>KLIPER<\/em><\/strong> jest tak\u017ce dla Ciebie \u2013 ZAPRASZAMY DO UCZESTNICTWA.<\/p>\n\n\n\n<figure class=\"wp-block-image size-large\"><img loading=\"lazy\" decoding=\"async\" width=\"724\" height=\"1024\" src=\"https:\/\/galaxy.agh.edu.pl\/~madejski\/wp-content\/uploads\/2025\/10\/poster_kliper_20250203-724x1024.jpg\" alt=\"\" class=\"wp-image-1419\" srcset=\"https:\/\/galaxy.agh.edu.pl\/~madejski\/wp-content\/uploads\/2025\/10\/poster_kliper_20250203-724x1024.jpg 724w, https:\/\/galaxy.agh.edu.pl\/~madejski\/wp-content\/uploads\/2025\/10\/poster_kliper_20250203-212x300.jpg 212w, https:\/\/galaxy.agh.edu.pl\/~madejski\/wp-content\/uploads\/2025\/10\/poster_kliper_20250203-768x1086.jpg 768w, https:\/\/galaxy.agh.edu.pl\/~madejski\/wp-content\/uploads\/2025\/10\/poster_kliper_20250203-1086x1536.jpg 1086w, https:\/\/galaxy.agh.edu.pl\/~madejski\/wp-content\/uploads\/2025\/10\/poster_kliper_20250203-1448x2048.jpg 1448w, https:\/\/galaxy.agh.edu.pl\/~madejski\/wp-content\/uploads\/2025\/10\/poster_kliper_20250203-scaled.jpg 1810w\" sizes=\"auto, (max-width: 724px) 100vw, 724px\" \/><\/figure>\n\n\n<div class=\"wp-block-image\">\n<figure class=\"aligncenter size-large\"><a href=\"https:\/\/home.agh.edu.pl\/~skipper\/\" target=\"_blank\" rel=\"noreferrer noopener\"><img loading=\"lazy\" decoding=\"async\" width=\"724\" height=\"1024\" src=\"http:\/\/galaxy.agh.edu.pl\/~madejski\/wp-content\/uploads\/2024\/03\/kliper_a3_20240125-724x1024.jpg\" alt=\"\" class=\"wp-image-1175\" srcset=\"https:\/\/galaxy.agh.edu.pl\/~madejski\/wp-content\/uploads\/2024\/03\/kliper_a3_20240125-724x1024.jpg 724w, https:\/\/galaxy.agh.edu.pl\/~madejski\/wp-content\/uploads\/2024\/03\/kliper_a3_20240125-212x300.jpg 212w, https:\/\/galaxy.agh.edu.pl\/~madejski\/wp-content\/uploads\/2024\/03\/kliper_a3_20240125-768x1086.jpg 768w, https:\/\/galaxy.agh.edu.pl\/~madejski\/wp-content\/uploads\/2024\/03\/kliper_a3_20240125-1086x1536.jpg 1086w, https:\/\/galaxy.agh.edu.pl\/~madejski\/wp-content\/uploads\/2024\/03\/kliper_a3_20240125-1448x2048.jpg 1448w, https:\/\/galaxy.agh.edu.pl\/~madejski\/wp-content\/uploads\/2024\/03\/kliper_a3_20240125-scaled.jpg 1811w\" sizes=\"auto, (max-width: 724px) 100vw, 724px\" \/><\/a><\/figure>\n<\/div>","protected":false},"excerpt":{"rendered":"<p>Obiektem bada\u0144 w Twojej pracy by\u0142a maszyna, urz\u0105dzenie lub system energetyczny? Wykorzystywa\u0142e\u015b w swojej pracy metody analityczne lub metody numeryczne? Zrealizowa\u0142e\u015b swoj\u0105 prac\u0119 wykorzystuj\u0105c metody eksperymentalne lub druk 3D? A mo\u017ce stosowa\u0142e\u015b podstawowe zasady z zakresu termodynamiki, mechaniki p\u0142yn\u00f3w lub wymiany ciep\u0142a w swoim projekcie? Je\u017celi TAK, to oznacza \u017ce konkurs KLIPER jest tak\u017ce dla <a class=\"read-more\" href=\"https:\/\/galaxy.agh.edu.pl\/~madejski\/kliper\/\">READ MORE<\/a><\/p>\n","protected":false},"author":1,"featured_media":0,"parent":0,"menu_order":0,"comment_status":"closed","ping_status":"closed","template":"","meta":{"footnotes":""},"class_list":["post-1164","page","type-page","status-publish","hentry"],"_links":{"self":[{"href":"https:\/\/galaxy.agh.edu.pl\/~madejski\/wp-json\/wp\/v2\/pages\/1164","targetHints":{"allow":["GET"]}}],"collection":[{"href":"https:\/\/galaxy.agh.edu.pl\/~madejski\/wp-json\/wp\/v2\/pages"}],"about":[{"href":"https:\/\/galaxy.agh.edu.pl\/~madejski\/wp-json\/wp\/v2\/types\/page"}],"author":[{"embeddable":true,"href":"https:\/\/galaxy.agh.edu.pl\/~madejski\/wp-json\/wp\/v2\/users\/1"}],"replies":[{"embeddable":true,"href":"https:\/\/galaxy.agh.edu.pl\/~madejski\/wp-json\/wp\/v2\/comments?post=1164"}],"version-history":[{"count":3,"href":"https:\/\/galaxy.agh.edu.pl\/~madejski\/wp-json\/wp\/v2\/pages\/1164\/revisions"}],"predecessor-version":[{"id":1420,"href":"https:\/\/galaxy.agh.edu.pl\/~madejski\/wp-json\/wp\/v2\/pages\/1164\/revisions\/1420"}],"wp:attachment":[{"href":"https:\/\/galaxy.agh.edu.pl\/~madejski\/wp-json\/wp\/v2\/media?parent=1164"}],"curies":[{"name":"wp","href":"https:\/\/api.w.org\/{rel}","templated":true}]}}