{"id":1162,"date":"2024-03-02T14:10:34","date_gmt":"2024-03-02T13:10:34","guid":{"rendered":"http:\/\/galaxy.agh.edu.pl\/~madejski\/?page_id=1162"},"modified":"2025-10-27T20:58:44","modified_gmt":"2025-10-27T19:58:44","slug":"skipper","status":"publish","type":"page","link":"https:\/\/galaxy.agh.edu.pl\/~madejski\/skipper\/","title":{"rendered":"SKIPPER &#8211; Studencki Konkurs In\u017cynierskiego Projektowania Prototyp\u00f3w dla EneRgetyki"},"content":{"rendered":"\n<p>Nowym trendem jest zast\u0119powanie kolejnych wersji prototyp\u00f3w, technikami symulacji i modelowania komputerowego. Budowa wiernego rzeczywisto\u015bci modelu i sumulacja jego zachowa\u0144 pomaga in\u017cynierom w odkryciu ukrytych wad projektu. Szybkie wykonywanie prototyp\u00f3w (ang. Rapid prototyping) to z kolei grupa technik, stosowanych do szybkiego wykonania skalowanego modelu z wykorzystaniem tr\u00f3jwymiarowych danych projektowych wspomaganych metodami komputerowymi typu CAD. Konstrukcja cz\u0119\u015bci lub zespo\u0142u jest zazwyczaj wykonywana z wykorzystaniem technologii druku 3D. Zastosowanie szybkiego prototypowania umo\u017cliwia opracowanie i zweryfikowanie eksperymentalne w\u0142asnej konstrukcji \u2013 co jest celem konkursu SKIPPER.<\/p>\n\n\n<div class=\"wp-block-image\">\n<figure class=\"aligncenter size-large\"><img loading=\"lazy\" decoding=\"async\" width=\"724\" height=\"1024\" src=\"https:\/\/galaxy.agh.edu.pl\/~madejski\/wp-content\/uploads\/2025\/10\/SKIPPER_poster_2026_2025_10_08-724x1024.jpg\" alt=\"\" class=\"wp-image-1414\" srcset=\"https:\/\/galaxy.agh.edu.pl\/~madejski\/wp-content\/uploads\/2025\/10\/SKIPPER_poster_2026_2025_10_08-724x1024.jpg 724w, https:\/\/galaxy.agh.edu.pl\/~madejski\/wp-content\/uploads\/2025\/10\/SKIPPER_poster_2026_2025_10_08-212x300.jpg 212w, https:\/\/galaxy.agh.edu.pl\/~madejski\/wp-content\/uploads\/2025\/10\/SKIPPER_poster_2026_2025_10_08-768x1086.jpg 768w, https:\/\/galaxy.agh.edu.pl\/~madejski\/wp-content\/uploads\/2025\/10\/SKIPPER_poster_2026_2025_10_08-1086x1536.jpg 1086w, https:\/\/galaxy.agh.edu.pl\/~madejski\/wp-content\/uploads\/2025\/10\/SKIPPER_poster_2026_2025_10_08-1448x2048.jpg 1448w, https:\/\/galaxy.agh.edu.pl\/~madejski\/wp-content\/uploads\/2025\/10\/SKIPPER_poster_2026_2025_10_08-scaled.jpg 1810w\" sizes=\"auto, (max-width: 724px) 100vw, 724px\" \/><\/figure>\n<\/div>\n\n\n<figure class=\"wp-block-image size-large\"><img loading=\"lazy\" decoding=\"async\" width=\"724\" height=\"1024\" src=\"https:\/\/galaxy.agh.edu.pl\/~madejski\/wp-content\/uploads\/2025\/10\/SKIPPER_poster_2025_20241003-724x1024.jpg\" alt=\"\" class=\"wp-image-1416\" srcset=\"https:\/\/galaxy.agh.edu.pl\/~madejski\/wp-content\/uploads\/2025\/10\/SKIPPER_poster_2025_20241003-724x1024.jpg 724w, https:\/\/galaxy.agh.edu.pl\/~madejski\/wp-content\/uploads\/2025\/10\/SKIPPER_poster_2025_20241003-212x300.jpg 212w, https:\/\/galaxy.agh.edu.pl\/~madejski\/wp-content\/uploads\/2025\/10\/SKIPPER_poster_2025_20241003-768x1086.jpg 768w, https:\/\/galaxy.agh.edu.pl\/~madejski\/wp-content\/uploads\/2025\/10\/SKIPPER_poster_2025_20241003-1086x1536.jpg 1086w, https:\/\/galaxy.agh.edu.pl\/~madejski\/wp-content\/uploads\/2025\/10\/SKIPPER_poster_2025_20241003-1448x2048.jpg 1448w, https:\/\/galaxy.agh.edu.pl\/~madejski\/wp-content\/uploads\/2025\/10\/SKIPPER_poster_2025_20241003-scaled.jpg 1810w\" sizes=\"auto, (max-width: 724px) 100vw, 724px\" \/><\/figure>\n\n\n\n<figure class=\"wp-block-image size-large\"><img loading=\"lazy\" decoding=\"async\" width=\"724\" height=\"1024\" src=\"http:\/\/galaxy.agh.edu.pl\/~madejski\/wp-content\/uploads\/2024\/03\/SKIPPER_poster-724x1024.png\" alt=\"\" class=\"wp-image-1171\" srcset=\"https:\/\/galaxy.agh.edu.pl\/~madejski\/wp-content\/uploads\/2024\/03\/SKIPPER_poster-724x1024.png 724w, https:\/\/galaxy.agh.edu.pl\/~madejski\/wp-content\/uploads\/2024\/03\/SKIPPER_poster-212x300.png 212w, https:\/\/galaxy.agh.edu.pl\/~madejski\/wp-content\/uploads\/2024\/03\/SKIPPER_poster-768x1086.png 768w, https:\/\/galaxy.agh.edu.pl\/~madejski\/wp-content\/uploads\/2024\/03\/SKIPPER_poster-1086x1536.png 1086w, https:\/\/galaxy.agh.edu.pl\/~madejski\/wp-content\/uploads\/2024\/03\/SKIPPER_poster-1448x2048.png 1448w\" sizes=\"auto, (max-width: 724px) 100vw, 724px\" \/><\/figure>\n","protected":false},"excerpt":{"rendered":"<p>Nowym trendem jest zast\u0119powanie kolejnych wersji prototyp\u00f3w, technikami symulacji i modelowania komputerowego. Budowa wiernego rzeczywisto\u015bci modelu i sumulacja jego zachowa\u0144 pomaga in\u017cynierom w odkryciu ukrytych wad projektu. Szybkie wykonywanie prototyp\u00f3w (ang. Rapid prototyping) to z kolei grupa technik, stosowanych do szybkiego wykonania skalowanego modelu z wykorzystaniem tr\u00f3jwymiarowych danych projektowych wspomaganych metodami komputerowymi typu CAD. Konstrukcja <a class=\"read-more\" href=\"https:\/\/galaxy.agh.edu.pl\/~madejski\/skipper\/\">READ MORE<\/a><\/p>\n","protected":false},"author":1,"featured_media":0,"parent":0,"menu_order":0,"comment_status":"closed","ping_status":"closed","template":"","meta":{"footnotes":""},"class_list":["post-1162","page","type-page","status-publish","hentry"],"_links":{"self":[{"href":"https:\/\/galaxy.agh.edu.pl\/~madejski\/wp-json\/wp\/v2\/pages\/1162","targetHints":{"allow":["GET"]}}],"collection":[{"href":"https:\/\/galaxy.agh.edu.pl\/~madejski\/wp-json\/wp\/v2\/pages"}],"about":[{"href":"https:\/\/galaxy.agh.edu.pl\/~madejski\/wp-json\/wp\/v2\/types\/page"}],"author":[{"embeddable":true,"href":"https:\/\/galaxy.agh.edu.pl\/~madejski\/wp-json\/wp\/v2\/users\/1"}],"replies":[{"embeddable":true,"href":"https:\/\/galaxy.agh.edu.pl\/~madejski\/wp-json\/wp\/v2\/comments?post=1162"}],"version-history":[{"count":9,"href":"https:\/\/galaxy.agh.edu.pl\/~madejski\/wp-json\/wp\/v2\/pages\/1162\/revisions"}],"predecessor-version":[{"id":1418,"href":"https:\/\/galaxy.agh.edu.pl\/~madejski\/wp-json\/wp\/v2\/pages\/1162\/revisions\/1418"}],"wp:attachment":[{"href":"https:\/\/galaxy.agh.edu.pl\/~madejski\/wp-json\/wp\/v2\/media?parent=1162"}],"curies":[{"name":"wp","href":"https:\/\/api.w.org\/{rel}","templated":true}]}}