{"id":1146,"date":"2024-03-02T13:19:35","date_gmt":"2024-03-02T12:19:35","guid":{"rendered":"http:\/\/galaxy.agh.edu.pl\/~madejski\/?page_id=1146"},"modified":"2025-10-27T19:58:20","modified_gmt":"2025-10-27T18:58:20","slug":"nauka-i-badania","status":"publish","type":"page","link":"https:\/\/galaxy.agh.edu.pl\/~madejski\/nauka-i-badania\/","title":{"rendered":"Nauka i badania"},"content":{"rendered":"\n<p class=\"has-medium-font-size\"><strong><a href=\"https:\/\/badap.agh.edu.pl\/autorzy\/zespoly\/procesw-cieplnych-i-przepywowych-w-energetyce-00265?limit=20&amp;language=pl\" target=\"_blank\" rel=\"noreferrer noopener\">Zesp\u00f3\u0142 Proces\u00f3w Cieplnych i Przep\u0142ywowych w Energetyce<\/a><\/strong><\/p>\n\n\n\n<h1 class=\"wp-block-heading\">Tematyka prowadzonych prac badawczo-naukowych<\/h1>\n\n\n\n<ul class=\"wp-block-list\">\n<li>Modelowanie CFD pracy maszyn i urz\u0105dze\u0144 energetycznych<\/li>\n\n\n\n<li>Badania nad efektywno\u015bci\u0105 proces\u00f3w konwersji energii w technologiach energetycznych<\/li>\n\n\n\n<li>Modelowanie zjawisk przep\u0142ywowo-cieplnych i proces\u00f3w spalania w kot\u0142ach i wymiennikach ciep\u0142a<\/li>\n\n\n\n<li>Symulacje proces\u00f3w termodynamicznych w systemach energetycznych<\/li>\n\n\n\n<li>Analizy struktur geometrycznych materia\u0142\u00f3w porowatych oraz zjawisk przep\u0142ywowych i cieplnych w kana\u0142ach przestrzeni porowych<\/li>\n\n\n\n<li>Badania numeryczne i eksperymentalne przep\u0142yw\u00f3w wielofazowych z przemian\u0105 fazow\u0105<\/li>\n<\/ul>\n\n\n\n<p><strong>Aparatura wykorzystywana w realizacji prac naukowo-badawczych<\/strong><\/p>\n\n\n\n<ul class=\"wp-block-list\">\n<li>pe\u0142nowymiarowe modelowanie 3D zjawisk cieplno-przep\u0142ywowych i wymiany ciep\u0142a oraz proces\u00f3w spalania z zastosowaniem metod CFD: <strong>NX, Siemens Star-CCM+, Ansys, Code_Saturne, OpenLB<\/strong><\/li>\n\n\n\n<li>modelowanie i symulacje obieg\u00f3w termodynamicznych w uk\u0142adach energetycznych, elektrowniach, elektrociep\u0142owniach, zak\u0142adach przemys\u0142owych, maszyn i urz\u0105dze\u0144 energetycznych: <strong>Ebsilon Porfessional, Engineering Equation Solver EES, TRNSYS<\/strong><\/li>\n\n\n\n<li>badania, obliczenia i modelowanie zjawisk cieplno-przep\u0142ywowych w materia\u0142ach i strukturach porowatych: <strong>poRosE<\/strong><\/li>\n\n\n\n<li>wykonywanie prototyp\u00f3w metodami wytwarzania addytywnego (druk 3D\/skan 3D) w technologii FDM (Fused Deposition Modeling) oraz LFS(Low Force Stereolithography\u2122): <strong>MakerBot SKETCH, Formlabs Form 3+, Shining 3D EinScan-SP V2<\/strong><\/li>\n\n\n\n<li>badania ekstremalnie szybkich proces\u00f3w z wykorzystaniem system\u00f3w wizyjnych: <strong>Phantom Miro C211 8GB color<\/strong><\/li>\n\n\n\n<li>badania i analizy sk\u0142adu spalin w trakcie spalania paliw gazowych i sta\u0142ych. Pomiar w\u0142asno\u015bci oraz sk\u0142adu spalin (temperatura, ci\u015bnienie, pr\u0119dko\u015b\u0107, O2, CO, NO, NO2, CO2, CO2(IR), CxHy) z wykorzystaniem profesjonalnego analizatora spalin <strong>TESTO 350<\/strong><\/li>\n\n\n\n<li>badania przewodno\u015bci (materia\u0142y sta\u0142e, ciecze, proszki, pasty) wg. standard\u00f3w i norm (ASTM, ISO): MTPS z ASTM D7984, TLS z ASTM D5334 i D5930, TPS z ISO 22007-2, badania przewodno\u015bci termicznej metali o wysokiej przewodno\u015bci, betonu i materia\u0142\u00f3w budowlanych, bardzo cienkich warstw, folii, cienkich pow\u0142ok, ta\u015bm samoprzylepnych (liaison) w aplikacjach bateryjnych EV, materia\u0142\u00f3w interfejsowych termicznie przewodz\u0105cych, past termicznych, materia\u0142\u00f3w TIM, nanomateria\u0142\u00f3w, kompozyt\u00f3w, proszk\u00f3w, materia\u0142\u00f3w geologicznych, rdzeni wiertniczych, ska\u0142, regolitu (lu\u017anego materia\u0142u skalnego) na powierzchniach cia\u0142 niebieskich: <strong>Analizator Przewodno\u015bci Cieplnej Trident C-Therm (MTPS, TPS, TLS)<\/strong><\/li>\n<\/ul>\n","protected":false},"excerpt":{"rendered":"<p>Zesp\u00f3\u0142 Proces\u00f3w Cieplnych i Przep\u0142ywowych w Energetyce Tematyka prowadzonych prac badawczo-naukowych Aparatura wykorzystywana w realizacji prac naukowo-badawczych<\/p>\n","protected":false},"author":1,"featured_media":0,"parent":0,"menu_order":0,"comment_status":"closed","ping_status":"closed","template":"","meta":{"footnotes":""},"class_list":["post-1146","page","type-page","status-publish","hentry"],"_links":{"self":[{"href":"https:\/\/galaxy.agh.edu.pl\/~madejski\/wp-json\/wp\/v2\/pages\/1146","targetHints":{"allow":["GET"]}}],"collection":[{"href":"https:\/\/galaxy.agh.edu.pl\/~madejski\/wp-json\/wp\/v2\/pages"}],"about":[{"href":"https:\/\/galaxy.agh.edu.pl\/~madejski\/wp-json\/wp\/v2\/types\/page"}],"author":[{"embeddable":true,"href":"https:\/\/galaxy.agh.edu.pl\/~madejski\/wp-json\/wp\/v2\/users\/1"}],"replies":[{"embeddable":true,"href":"https:\/\/galaxy.agh.edu.pl\/~madejski\/wp-json\/wp\/v2\/comments?post=1146"}],"version-history":[{"count":8,"href":"https:\/\/galaxy.agh.edu.pl\/~madejski\/wp-json\/wp\/v2\/pages\/1146\/revisions"}],"predecessor-version":[{"id":1396,"href":"https:\/\/galaxy.agh.edu.pl\/~madejski\/wp-json\/wp\/v2\/pages\/1146\/revisions\/1396"}],"wp:attachment":[{"href":"https:\/\/galaxy.agh.edu.pl\/~madejski\/wp-json\/wp\/v2\/media?parent=1146"}],"curies":[{"name":"wp","href":"https:\/\/api.w.org\/{rel}","templated":true}]}}