{"id":271,"date":"2017-05-12T22:14:36","date_gmt":"2017-05-12T20:14:36","guid":{"rendered":"http:\/\/galaxy.agh.edu.pl\/~kurcz\/?page_id=271"},"modified":"2017-05-12T22:15:51","modified_gmt":"2017-05-12T20:15:51","slug":"koleda-zeglarska","status":"publish","type":"page","link":"https:\/\/galaxy.agh.edu.pl\/~kurcz\/?page_id=271","title":{"rendered":"Kol\u0119da \u017beglarska"},"content":{"rendered":"<h1>Kol\u0119da \u017beglarska<\/h1>\n<p>S\u0142. i muz. M. Kowalewski<\/p>\n<div class=\"csRow\">\n<div class=\"csColumnGap\" style=\"margin: 0px; padding: 0px; float: left; width: 1.56%;\"><img decoding=\"async\" style=\"border: none;\" src=\"http:\/\/galaxy.agh.edu.pl\/~kurcz\/wp-content\/plugins\/advanced-wp-columns\/assets\/js\/plugins\/views\/img\/1x1-pixel.png\" \/><\/div>\n<div class=\"csColumn\" style=\"margin: 0px; padding: 0px; float: left; width: 47.7%;\" data-csstartpoint=\"15\" data-csendpoint=\"472.5\" data-cswidth=\"47.7%\" data-csid=\"de190962-9d93-2114-82c6-7751acc899b6\">\n<p>\u015awiat ca\u0142y usn\u0105\u0142 pod \u015bniegu \u017caglem<br \/>\nMr\u00f3z w oczy wiatrem nam wieje.<br \/>\nNa marze\u0144 korabiu przyp\u0142ynie dzi\u015b nagle<br \/>\n\u017beglarska gwiazda z Betlejem.<\/p>\n<p>Trwaj wi\u0119c kol\u0119do trwaj<br \/>\nNie odp\u0142y\u0144 za szybko swym statkiem<br \/>\nGraj nam kol\u0119do graj<br \/>\nDaj z\u0142ama\u0107 si\u0119 z sob\u0105 op\u0142atkiem<\/p>\n<p>Sp\u0142y\u0144 cicho kol\u0119do na \u0142odzie u\u015bpione<br \/>\nNa przysz\u0142o\u015b\u0107 zamkni\u0119t\u0105 w topoli.<br \/>\nNa r\u0119ce w przyjaznym u\u015bcisku splecione<br \/>\nI na to co czasem nas boli.<\/p>\n<\/div>\n<div class=\"csColumnGap\" style=\"margin: 0px; padding: 0px; float: left; width: 1.56%;\"><img decoding=\"async\" style=\"border: none;\" src=\"http:\/\/galaxy.agh.edu.pl\/~kurcz\/wp-content\/plugins\/advanced-wp-columns\/assets\/js\/plugins\/views\/img\/1x1-pixel.png\" \/><\/div>\n<div class=\"csColumn\" style=\"margin: 0px; padding: 0px; float: left; width: 47.7%;\" data-csstartpoint=\"487.5\" data-csendpoint=\"945\" data-cswidth=\"47.7%\" data-csid=\"041d472c-2f15-0596-9f5b-f468a94900ce\">\n<p>Trwaj wi\u0119c kol\u0119do trwaj &#8230;<\/p>\n<p>Daj swoj\u0105 melodi\u0105 nam zapomnienie<br \/>\nDaj my\u015blom do nieba a\u017c wzlata\u0107.<br \/>\nI daj jak najcz\u0119\u015bciej przyjazne spojrzenie<br \/>\nI daj nam dotrwa\u0107 do lata.<\/p>\n<p>Trwaj wi\u0119c kol\u0119do trwaj &#8230;<\/p>\n<\/div>\n<div class=\"csColumnGap\" style=\"margin: 0px; padding: 0px; float: left; width: 1.56%;\"><img decoding=\"async\" style=\"border: none;\" src=\"http:\/\/galaxy.agh.edu.pl\/~kurcz\/wp-content\/plugins\/advanced-wp-columns\/assets\/js\/plugins\/views\/img\/1x1-pixel.png\" \/><\/div>\n<div style=\"clear: both; float: none; display: block; visibility: hidden; width: 0px; font-size: 0px; line-height: 0;\"><\/div>\n<\/div>\n<p>&nbsp;<\/p>\n","protected":false},"excerpt":{"rendered":"<p>Kol\u0119da \u017beglarska S\u0142. i muz. M. Kowalewski \u015awiat ca\u0142y usn\u0105\u0142 pod \u015bniegu \u017caglem Mr\u00f3z w oczy wiatrem nam wieje. Na&nbsp;[&hellip;]<\/p>\n","protected":false},"author":1,"featured_media":0,"parent":0,"menu_order":0,"comment_status":"closed","ping_status":"closed","template":"page-templates\/template_page-builder.php","meta":{"footnotes":""},"class_list":["post-271","page","type-page","status-publish","hentry","post-item clearfix"],"_links":{"self":[{"href":"https:\/\/galaxy.agh.edu.pl\/~kurcz\/index.php?rest_route=\/wp\/v2\/pages\/271","targetHints":{"allow":["GET"]}}],"collection":[{"href":"https:\/\/galaxy.agh.edu.pl\/~kurcz\/index.php?rest_route=\/wp\/v2\/pages"}],"about":[{"href":"https:\/\/galaxy.agh.edu.pl\/~kurcz\/index.php?rest_route=\/wp\/v2\/types\/page"}],"author":[{"embeddable":true,"href":"https:\/\/galaxy.agh.edu.pl\/~kurcz\/index.php?rest_route=\/wp\/v2\/users\/1"}],"replies":[{"embeddable":true,"href":"https:\/\/galaxy.agh.edu.pl\/~kurcz\/index.php?rest_route=%2Fwp%2Fv2%2Fcomments&post=271"}],"version-history":[{"count":1,"href":"https:\/\/galaxy.agh.edu.pl\/~kurcz\/index.php?rest_route=\/wp\/v2\/pages\/271\/revisions"}],"predecessor-version":[{"id":272,"href":"https:\/\/galaxy.agh.edu.pl\/~kurcz\/index.php?rest_route=\/wp\/v2\/pages\/271\/revisions\/272"}],"wp:attachment":[{"href":"https:\/\/galaxy.agh.edu.pl\/~kurcz\/index.php?rest_route=%2Fwp%2Fv2%2Fmedia&parent=271"}],"curies":[{"name":"wp","href":"https:\/\/api.w.org\/{rel}","templated":true}]}}