{"id":260,"date":"2017-05-12T22:03:59","date_gmt":"2017-05-12T20:03:59","guid":{"rendered":"http:\/\/galaxy.agh.edu.pl\/~kurcz\/?page_id=260"},"modified":"2017-05-12T22:04:27","modified_gmt":"2017-05-12T20:04:27","slug":"260-2","status":"publish","type":"page","link":"https:\/\/galaxy.agh.edu.pl\/~kurcz\/?page_id=260","title":{"rendered":"Gdy\u0144ski Port"},"content":{"rendered":"<h1>Gdy\u0144ski Port<\/h1>\n<p>s\u0142owa: Ryszard Muzaj<br \/>\nmuzyka: Ryszard Muzaj<\/p>\n<div class=\"csRow\">\n<div class=\"csColumnGap\" style=\"margin: 0px; padding: 0px; float: left; width: 1.56%;\"><img decoding=\"async\" style=\"border: none;\" src=\"http:\/\/galaxy.agh.edu.pl\/~kurcz\/wp-content\/plugins\/advanced-wp-columns\/assets\/js\/plugins\/views\/img\/1x1-pixel.png\" \/><\/div>\n<div class=\"csColumn\" style=\"margin: 0px; padding: 0px; float: left; width: 47.7%;\" data-csstartpoint=\"15\" data-csendpoint=\"472.5\" data-cswidth=\"47.7%\" data-csid=\"7949814f-9015-b27a-8ac2-22bb13e1d0ed\">\n<p>Gdy nad gdy\u0144skim portem za\u015bwieci nam s\u0142o\u0144ce<br \/>\nPo d\u0142ugim, zimowym \u015bnie,<br \/>\nRozkwitn\u0105 zn\u00f3w bia\u0142e \u017cagle u rej &#8211;<br \/>\nWietrze wiej im, o hej!<br \/>\n(Wietrze wiej, zimo hej!)<\/p>\n<p>Przytulna keja ju\u017c m\u0119czy nas nud\u0105<br \/>\nPowszednich, l\u0105dowych spraw&#8230;<br \/>\nRozgorza\u0142 ogie\u0144 nam w sercach, ju\u017c czas &#8211;<br \/>\nHej, \u017beglarze! Ju\u017c czas!<\/p>\n<p>Kotwic\u0119 mokr\u0105 zawie\u015bmy u burt,<br \/>\nWiatr niechaj melodi\u0119 gra!<br \/>\nMorze poniesie miarowy nasz wt\u00f3r<br \/>\n\u017beglarskiej pie\u015bni przez \u015bwiat!<\/p>\n<\/div>\n<div class=\"csColumnGap\" style=\"margin: 0px; padding: 0px; float: left; width: 1.56%;\"><img decoding=\"async\" style=\"border: none;\" src=\"http:\/\/galaxy.agh.edu.pl\/~kurcz\/wp-content\/plugins\/advanced-wp-columns\/assets\/js\/plugins\/views\/img\/1x1-pixel.png\" \/><\/div>\n<div class=\"csColumn\" style=\"margin: 0px; padding: 0px; float: left; width: 47.7%;\" data-csstartpoint=\"487.5\" data-csendpoint=\"945\" data-cswidth=\"47.7%\" data-csid=\"dbb4766c-7a90-7272-938c-ff5d41c7396b\">\n<p>Ju\u017c gdzie\u015b za ruf\u0105 pozosta\u0142 nasz dom<br \/>\nPe\u0142en ciep\u0142ych s\u0142\u00f3w naszych \u017con,<br \/>\nLecz nam nie pora spogl\u0105da\u0107 dzi\u015b wstecz &#8211;<br \/>\nWiatr porywa nasz \u015bpiew!<\/p>\n<p>Gdy nad gdy\u0144skim portem za\u015bwieci nam s\u0142o\u0144ce<br \/>\nPo d\u0142ugim, zimowym \u015bnie,<br \/>\nRozkwitn\u0105 zn\u00f3w bia\u0142e \u017cagle u rej &#8211;<br \/>\nWietrze wiej! Zimo hej!<\/p>\n<\/div>\n<div class=\"csColumnGap\" style=\"margin: 0px; padding: 0px; float: left; width: 1.56%;\"><img decoding=\"async\" style=\"border: none;\" src=\"http:\/\/galaxy.agh.edu.pl\/~kurcz\/wp-content\/plugins\/advanced-wp-columns\/assets\/js\/plugins\/views\/img\/1x1-pixel.png\" \/><\/div>\n<div style=\"clear: both; float: none; display: block; visibility: hidden; width: 0px; font-size: 0px; line-height: 0;\"><\/div>\n<\/div>\n<p>&nbsp;<\/p>\n","protected":false},"excerpt":{"rendered":"<p>Gdy\u0144ski Port s\u0142owa: Ryszard Muzaj muzyka: Ryszard Muzaj Gdy nad gdy\u0144skim portem za\u015bwieci nam s\u0142o\u0144ce Po d\u0142ugim, zimowym \u015bnie, Rozkwitn\u0105&nbsp;[&hellip;]<\/p>\n","protected":false},"author":1,"featured_media":0,"parent":0,"menu_order":0,"comment_status":"closed","ping_status":"closed","template":"page-templates\/template_page-builder.php","meta":{"footnotes":""},"class_list":["post-260","page","type-page","status-publish","hentry","post-item clearfix"],"_links":{"self":[{"href":"https:\/\/galaxy.agh.edu.pl\/~kurcz\/index.php?rest_route=\/wp\/v2\/pages\/260","targetHints":{"allow":["GET"]}}],"collection":[{"href":"https:\/\/galaxy.agh.edu.pl\/~kurcz\/index.php?rest_route=\/wp\/v2\/pages"}],"about":[{"href":"https:\/\/galaxy.agh.edu.pl\/~kurcz\/index.php?rest_route=\/wp\/v2\/types\/page"}],"author":[{"embeddable":true,"href":"https:\/\/galaxy.agh.edu.pl\/~kurcz\/index.php?rest_route=\/wp\/v2\/users\/1"}],"replies":[{"embeddable":true,"href":"https:\/\/galaxy.agh.edu.pl\/~kurcz\/index.php?rest_route=%2Fwp%2Fv2%2Fcomments&post=260"}],"version-history":[{"count":2,"href":"https:\/\/galaxy.agh.edu.pl\/~kurcz\/index.php?rest_route=\/wp\/v2\/pages\/260\/revisions"}],"predecessor-version":[{"id":262,"href":"https:\/\/galaxy.agh.edu.pl\/~kurcz\/index.php?rest_route=\/wp\/v2\/pages\/260\/revisions\/262"}],"wp:attachment":[{"href":"https:\/\/galaxy.agh.edu.pl\/~kurcz\/index.php?rest_route=%2Fwp%2Fv2%2Fmedia&parent=260"}],"curies":[{"name":"wp","href":"https:\/\/api.w.org\/{rel}","templated":true}]}}