{"id":236,"date":"2017-05-12T21:19:43","date_gmt":"2017-05-12T19:19:43","guid":{"rendered":"http:\/\/galaxy.agh.edu.pl\/~kurcz\/?page_id=236"},"modified":"2017-06-10T14:00:26","modified_gmt":"2017-06-10T12:00:26","slug":"ulubione-szanty","status":"publish","type":"page","link":"https:\/\/galaxy.agh.edu.pl\/~kurcz\/?page_id=236","title":{"rendered":"Ulubione szanty"},"content":{"rendered":"<h1 style=\"margin-bottom: 60px;\">Ulubione Szanty<\/h1>\n<div class=\"csRow\">\n<div class=\"csColumnGap\" style=\"margin: 0px; padding: 0px; float: left; width: 1.56%;\"><img decoding=\"async\" style=\"border: none;\" src=\"http:\/\/galaxy.agh.edu.pl\/~kurcz\/wp-content\/plugins\/advanced-wp-columns\/assets\/js\/plugins\/views\/img\/1x1-pixel.png\" \/><\/div>\n<div class=\"csColumn\" style=\"margin: 0px; padding: 0px; float: left; width: 31.3%;\" data-csstartpoint=\"15\" data-csendpoint=\"315\" data-cswidth=\"31.3%\" data-csid=\"1f04edac-3c48-29ce-b8ea-facdf242de80\">\n<p><img loading=\"lazy\" decoding=\"async\" class=\"size-full wp-image-321 alignleft\" src=\"http:\/\/galaxy.agh.edu.pl\/~kurcz\/wp-content\/uploads\/2017\/05\/spiewnik.jpg\" alt=\"\" width=\"213\" height=\"298\" srcset=\"https:\/\/galaxy.agh.edu.pl\/~kurcz\/wp-content\/uploads\/2017\/05\/spiewnik.jpg 213w, https:\/\/galaxy.agh.edu.pl\/~kurcz\/wp-content\/uploads\/2017\/05\/spiewnik-200x280.jpg 200w\" sizes=\"auto, (max-width: 213px) 100vw, 213px\" \/><\/p>\n<\/div>\n<div class=\"csColumnGap\" style=\"margin: 0px; padding: 0px; float: left; width: 1.56%;\"><img decoding=\"async\" style=\"border: none;\" src=\"http:\/\/galaxy.agh.edu.pl\/~kurcz\/wp-content\/plugins\/advanced-wp-columns\/assets\/js\/plugins\/views\/img\/1x1-pixel.png\" \/><\/div>\n<div class=\"csColumn\" style=\"margin: 0px; padding: 0px; float: left; width: 31.3%;\" data-csstartpoint=\"330\" data-csendpoint=\"630\" data-cswidth=\"31.3%\" data-csid=\"94c3be4c-97e0-9b41-8024-f680e5222cb3\">\n<ul>\n<li><a href=\"http:\/\/galaxy.agh.edu.pl\/~kurcz\/?page_id=251\">Ch\u00f3r wuj\u00f3w<\/a><\/li>\n<li><a href=\"http:\/\/galaxy.agh.edu.pl\/~kurcz\/?page_id=257\">Fiddlers Green<\/a><\/li>\n<li><a href=\"http:\/\/galaxy.agh.edu.pl\/~kurcz\/?page_id=260\">Gdy\u0144ski Port<\/a><\/li>\n<li><a href=\"http:\/\/galaxy.agh.edu.pl\/~kurcz\/?page_id=263\">Hiszpa\u0144skie dziewczyny<\/a><\/li>\n<li><a href=\"http:\/\/galaxy.agh.edu.pl\/~kurcz\/?page_id=266\">Kabestan<\/a><\/li>\n<li><a href=\"http:\/\/galaxy.agh.edu.pl\/~kurcz\/?page_id=271\">Kol\u0119da \u017ceglarska<\/a><\/li>\n<li><a href=\"http:\/\/galaxy.agh.edu.pl\/~kurcz\/?page_id=273\">Maggie May<\/a><\/li>\n<li><a href=\"http:\/\/galaxy.agh.edu.pl\/~kurcz\/?page_id=276\">M\u0119ski rejs<\/a><\/li>\n<\/ul>\n<\/div>\n<div class=\"csColumnGap\" style=\"margin: 0px; padding: 0px; float: left; width: 1.56%;\"><img decoding=\"async\" style=\"border: none;\" src=\"http:\/\/galaxy.agh.edu.pl\/~kurcz\/wp-content\/plugins\/advanced-wp-columns\/assets\/js\/plugins\/views\/img\/1x1-pixel.png\" \/><\/div>\n<div class=\"csColumn\" style=\"margin: 0px; padding: 0px; float: left; width: 31.3%;\" data-csstartpoint=\"645\" data-csendpoint=\"945\" data-cswidth=\"31.3%\" data-csid=\"fe040a46-1148-14ef-80a4-74e13feb7dea\">\n<ul>\n<li><a href=\"http:\/\/galaxy.agh.edu.pl\/~kurcz\/?page_id=278\">Morze moje morze<\/a><\/li>\n<li><a href=\"http:\/\/galaxy.agh.edu.pl\/~kurcz\/?page_id=281\">Na Mazury<\/a><\/li>\n<li><a href=\"http:\/\/galaxy.agh.edu.pl\/~kurcz\/?page_id=286\">P\u0142y\u0144my do Australii<\/a><\/li>\n<li><a href=\"http:\/\/galaxy.agh.edu.pl\/~kurcz\/?page_id=288\">Po\u017cegnanie Liverpoolu<\/a><\/li>\n<li><a href=\"http:\/\/galaxy.agh.edu.pl\/~kurcz\/?page_id=290\">Wysoki brzeg Dundee<\/a><\/li>\n<\/ul>\n<\/div>\n<\/div>\n<p><\/p>\n","protected":false},"excerpt":{"rendered":"<p>Ulubione Szanty Ch\u00f3r wuj\u00f3w Fiddlers Green Gdy\u0144ski Port Hiszpa\u0144skie dziewczyny Kabestan Kol\u0119da \u017ceglarska Maggie May M\u0119ski rejs Morze moje morze&nbsp;[&hellip;]<\/p>\n","protected":false},"author":1,"featured_media":0,"parent":0,"menu_order":0,"comment_status":"closed","ping_status":"closed","template":"page-templates\/template_page-builder.php","meta":{"footnotes":""},"class_list":["post-236","page","type-page","status-publish","hentry","post-item clearfix"],"_links":{"self":[{"href":"https:\/\/galaxy.agh.edu.pl\/~kurcz\/index.php?rest_route=\/wp\/v2\/pages\/236","targetHints":{"allow":["GET"]}}],"collection":[{"href":"https:\/\/galaxy.agh.edu.pl\/~kurcz\/index.php?rest_route=\/wp\/v2\/pages"}],"about":[{"href":"https:\/\/galaxy.agh.edu.pl\/~kurcz\/index.php?rest_route=\/wp\/v2\/types\/page"}],"author":[{"embeddable":true,"href":"https:\/\/galaxy.agh.edu.pl\/~kurcz\/index.php?rest_route=\/wp\/v2\/users\/1"}],"replies":[{"embeddable":true,"href":"https:\/\/galaxy.agh.edu.pl\/~kurcz\/index.php?rest_route=%2Fwp%2Fv2%2Fcomments&post=236"}],"version-history":[{"count":22,"href":"https:\/\/galaxy.agh.edu.pl\/~kurcz\/index.php?rest_route=\/wp\/v2\/pages\/236\/revisions"}],"predecessor-version":[{"id":324,"href":"https:\/\/galaxy.agh.edu.pl\/~kurcz\/index.php?rest_route=\/wp\/v2\/pages\/236\/revisions\/324"}],"wp:attachment":[{"href":"https:\/\/galaxy.agh.edu.pl\/~kurcz\/index.php?rest_route=%2Fwp%2Fv2%2Fmedia&parent=236"}],"curies":[{"name":"wp","href":"https:\/\/api.w.org\/{rel}","templated":true}]}}