{"id":18,"date":"2017-04-06T21:50:30","date_gmt":"2017-04-06T19:50:30","guid":{"rendered":"http:\/\/galaxy.agh.edu.pl\/~kurcz\/?page_id=18"},"modified":"2017-07-31T14:41:11","modified_gmt":"2017-07-31T12:41:11","slug":"historia","status":"publish","type":"page","link":"https:\/\/galaxy.agh.edu.pl\/~kurcz\/?page_id=18","title":{"rendered":"Historia"},"content":{"rendered":"<h1>Historia<\/h1>\n<p style=\"text-align: justify; text-align-last: left;\"><img loading=\"lazy\" decoding=\"async\" class=\"wp-image-325 size-full alignleft\" src=\"http:\/\/galaxy.agh.edu.pl\/~kurcz\/wp-content\/uploads\/2017\/04\/dyplom_tp.jpg\" alt=\"\" width=\"475\" height=\"659\" srcset=\"https:\/\/galaxy.agh.edu.pl\/~kurcz\/wp-content\/uploads\/2017\/04\/dyplom_tp.jpg 475w, https:\/\/galaxy.agh.edu.pl\/~kurcz\/wp-content\/uploads\/2017\/04\/dyplom_tp-216x300.jpg 216w, https:\/\/galaxy.agh.edu.pl\/~kurcz\/wp-content\/uploads\/2017\/04\/dyplom_tp-200x277.jpg 200w\" sizes=\"auto, (max-width: 475px) 100vw, 475px\" \/>Nietypowy to klub \u017ceglarski, ale i czasy w kt\u00f3rych powstawa\u0142 nie by\u0142y typowe. Wyp\u0142ywaj\u0105c na szlak Wielkich Jezior Mazurskich w czerwcu 1988 roku nie my\u015bleli\u015bmy jeszcze o tak powa\u017cnej formie jak Yacht Klub. Trzy jachty: Conrad 600 -&#8222;Kapitan Burgass&#8221;, oraz Nash-n20 :&#8221;Majtek Jim&#8221; i &#8222;Pyskaty Sternik&#8221; wzi\u0119te w czarter w porcie Sztynort i wspania\u0142e chwile na wodzie jakie by\u0142y udzia\u0142em ich za\u0142\u00f3g da\u0142y pocz\u0105tek rozwa\u017caniom nad now\u0105 formu\u0142\u0105 towarzyskiego uprawiania. Organizatorami pierwszych wsp\u00f3lnych wypraw \u017ceglarskich byli Andrzej Bro\u0144ka oraz Witold Szukiel. Na cykliczne porejsowe spotkania w Krakowie przychodzi\u0142o coraz wi\u0119cej os\u00f3b zainteresowanych sprawami \u017ceglarstwa. W 1992 roku zapad\u0142a decyzja o za\u0142o\u017ceniu Klubu. Komandorem wybrany zosta\u0142 Andrzej Bro\u0144ka. Rok p\u00f3\u017aniej w czerwcu po Mazurach p\u0142ywali\u015bmy ju\u017c jako STAN HUGILL SOCIETY YC. U\u017cyty w nazwie wyraz &#8222;society&#8221; jest uk\u0142onem w stron\u0119 j\u0119zyka, jakim pos\u0142ugiwa\u0142 si\u0119 Stan Hugill &#8211; zm. 13 maja 1992 ostatni zawodowy szantymen. Przyjmuj\u0105c jego imi\u0119 kierowali\u015bmy si\u0119 zwi\u0105zkami, jakie \u0142\u0105czy\u0142y go z Krakowem. W Dworku Bia\u0142opr\u0105dnickim, kt\u00f3ry pocz\u0105tkowo by\u0142 nasz\u0105 siedzib\u0105 i miejscem spotka\u0144, odby\u0142y si\u0119 koncerty szantowe zespo\u0142\u00f3w: &#8222;Cztery Refy&#8221;, &#8221; Rycz\u0105ce Dwudziestki&#8221; oraz Marka Siurawskiego, Simon&#8217;a Spalding. W maju 1993 i 1994 r. cz\u0142onkowie YC. wzi\u0119li udzia\u0142 w pierwszych morskich rejsach na Bornholm na pok\u0142adzie S\/Y &#8222;Jagiellonia&#8221; &#8211; jachtu flagowego KYC-u ( Krakowskiego Yacht Klubu ). Kolejne lata to rejsy cz\u0142onk\u00f3w Klubu po morzach i oceanach i jeziorach w wielu cz\u0119\u015bciach globu. Z biegiem czasu powsta\u0142y tzw. &#8222;ko\u0142a terenowe&#8221; &#8211; reprezentowane jest m.in: Bielsko, Bydgoszcz, Czch\u00f3w, Gda\u0144sk, Gliwice, Jastrz\u0119bie, Katowice, Legionowo, Lubin, Otwock, Tarn\u00f3w, Tychy, Warszawa, Wroc\u0142aw, Zabrze, Zakopane, Utworzono Rad\u0119 Klub<\/p>\n<p style=\"text-align: justify; text-align-last: left;\">Na rejsach klubowych tradycyjnie odbywaj\u0105cych si\u0119 pod koniec czerwca adepci sztuki \u017ceglowania przechodz\u0105 &#8222;chrzest &#8221; i otrzymuj\u0105 swoje imiona \u017ceglarskie, kt\u00f3re odt\u0105d &#8222;po morzach i oceanach nosi\u0107 b\u0119d\u0105&#8221;. Dokumentem po\u015bwiadczaj\u0105cym ten tytu\u0142 jest dyplom z kr\u00f3lewsk\u0105 piecz\u0119ci\u0105 Naptuna . Regaty Klubowe, odbywaj\u0105ce si\u0119 w ramach corocznych czerwcowych, mazurskich rejs\u00f3w od 1995 roku nosz\u0105 imi\u0119 Witka Szukiela.<\/p>\n<p style=\"text-align: justify; text-align-last: left;\">Co roku, organizowana jest &#8222;Wielka Maj\u00f3wka&#8221; &#8211; impreza maj\u0105ca charakter pikniku, a b\u0119d\u0105ca uroczystym rozpocz\u0119ciem nowego sezonu \u017ceglarskiego. Zako\u0144czenie sezonu \u015bwi\u0119tujemy tak\u017ce corocznym, tradycyjnym wodowaniem \u201eTratwy Pami\u0119ci\u201d i balem na zamku w Niedzicy nad Zalewem Czorszty\u0144skim.<\/p>\n<p>Od kilku lat 11-go listopada spotykamy si\u0119 tak\u017ce na corocznym \u201eRejsie Niepodleg\u0142o\u015bci\u201d \u2013 na l\u0105dzie, kultywuj\u0105c tradycj\u0119 wsp\u00f3lnego \u015bpiewania pie\u015bni piosenek zwi\u0105zanych z t\u0105 wa\u017cn\u0105 historycznie dat\u0105.<\/p>\n<p style=\"text-align: justify; text-align-last: left;\">Od lat wsp\u00f3lnie tak\u017ce witamy Nowy Rok i walczymy o &#8222;Kryszta\u0142ow\u0105 Szekl\u0119&#8221; w klubowych zawodach narciarskich. W 2002 roku z okazji Jubileuszu 10-lecia dzia\u0142alno\u015bci STAN HUGILL SOCIETY YC przygotowano na p\u0142ycie CD histori\u0119 Klubu, podobnie w 2012 roku z okazji 20-lecia Klubu. W roku 2017 z okazji jubileuszu 25-lecia przygotowane zosta\u0142o okoliczno\u015bciowe wydawnictwo zatytu\u0142owane \u201eAnegdoty i historie, chocia\u017c troch\u0119 prawdziwe\u201d. Wybrane wydarzenia z ostatnich lat na fotografiach w Galerii .<\/p>\n<p style=\"text-align: justify; text-align-last: left;\">Spotykamy si\u0119 raz w miesi\u0105cu &#8211; zawsze w ostatni pi\u0105tek &#8211; w Krakowie.<\/p>\n<p>&nbsp;<\/p>\n","protected":false},"excerpt":{"rendered":"<p>Historia Nietypowy to klub \u017ceglarski, ale i czasy w kt\u00f3rych powstawa\u0142 nie by\u0142y typowe. Wyp\u0142ywaj\u0105c na szlak Wielkich Jezior Mazurskich&nbsp;[&hellip;]<\/p>\n","protected":false},"author":1,"featured_media":0,"parent":0,"menu_order":0,"comment_status":"closed","ping_status":"closed","template":"page-templates\/template_page-builder.php","meta":{"footnotes":""},"class_list":["post-18","page","type-page","status-publish","hentry","post-item clearfix"],"_links":{"self":[{"href":"https:\/\/galaxy.agh.edu.pl\/~kurcz\/index.php?rest_route=\/wp\/v2\/pages\/18","targetHints":{"allow":["GET"]}}],"collection":[{"href":"https:\/\/galaxy.agh.edu.pl\/~kurcz\/index.php?rest_route=\/wp\/v2\/pages"}],"about":[{"href":"https:\/\/galaxy.agh.edu.pl\/~kurcz\/index.php?rest_route=\/wp\/v2\/types\/page"}],"author":[{"embeddable":true,"href":"https:\/\/galaxy.agh.edu.pl\/~kurcz\/index.php?rest_route=\/wp\/v2\/users\/1"}],"replies":[{"embeddable":true,"href":"https:\/\/galaxy.agh.edu.pl\/~kurcz\/index.php?rest_route=%2Fwp%2Fv2%2Fcomments&post=18"}],"version-history":[{"count":26,"href":"https:\/\/galaxy.agh.edu.pl\/~kurcz\/index.php?rest_route=\/wp\/v2\/pages\/18\/revisions"}],"predecessor-version":[{"id":329,"href":"https:\/\/galaxy.agh.edu.pl\/~kurcz\/index.php?rest_route=\/wp\/v2\/pages\/18\/revisions\/329"}],"wp:attachment":[{"href":"https:\/\/galaxy.agh.edu.pl\/~kurcz\/index.php?rest_route=%2Fwp%2Fv2%2Fmedia&parent=18"}],"curies":[{"name":"wp","href":"https:\/\/api.w.org\/{rel}","templated":true}]}}